{"id":308,"date":"2024-02-15T12:35:25","date_gmt":"2024-02-15T12:35:25","guid":{"rendered":"https:\/\/autonomaprime.lv\/?post_type=product&#038;p=308"},"modified":"2024-03-19T14:33:54","modified_gmt":"2024-03-19T14:33:54","slug":"audi-a6-quattro-16","status":"publish","type":"product","link":"https:\/\/autonomaprime.lv\/ru\/auto-noma\/audi-a6-quattro-16\/","title":{"rendered":"\u041f\u0440\u043e\u043a\u0430\u0442 \u0430\u0432\u0442\u043e\u043c\u043e\u0431\u0438\u043b\u044f AUDI A6 Quattro &#039;16"},"content":{"rendered":"","protected":false},"excerpt":{"rendered":"<p>Iepaz\u012bstin\u0101m ar Audi A6 Quattro 3.0 TDI, kur izsmalcin\u0101t\u012bba satiekas ar veiktsp\u0113ju. \u0160is premium sedans pied\u0101v\u0101 nevainojamu jaudu, veiktsp\u0113ju un eleganci. Zem p\u0101rsega atrodas iztur\u012bgs 3,0 litru TDI dzin\u0113js, kas nodro\u0161ina aizraujo\u0161u veiktsp\u0113ju, vienlaikus saglab\u0101jot iespaid\u012bgu degvielas pat\u0113ri\u0146a efektivit\u0101ti. Quattro pilnpiedzi\u0146as sist\u0113ma nodro\u0161ina teicamu sa\u0137eri un vad\u012bbu, \u013caujot p\u0101rliecino\u0161i justies uz da\u017e\u0101diem ce\u013ca segumiem, jebk\u0101dos laikapst\u0101k\u013cos. Iek\u0101pjot Audi A6 Quattro, j\u016bs sagaid\u012bs izsmalcin\u0101ts interjers, kas izstaro grezn\u012bbu un komfortu. Augst\u0101k\u0101s kvalit\u0101tes materi\u0101li, izsmalcin\u0101t\u012bba un uzlabotas funkcijas rada aicino\u0161u atmosf\u0113ru gan vad\u012bt\u0101jam, gan pasa\u017eieriem. Apr\u012bkots ar jaun\u0101kaj\u0101m automobi\u013cu tehnolo\u0123ij\u0101m, Audi A6 Quattro lepojas ar virkni inteli\u0123entu funkciju, kas izstr\u0101d\u0101tas, lai uzlabotu j\u016bsu brauk\u0161anas pieredzi. Neatkar\u012bgi no t\u0101, vai braucat pa pils\u0113tas iel\u0101m vai dodaties dabas piedz\u012bvojum\u0101, Audi A6 Quattro 3.0 TDI nodro\u0161ina valdzino\u0161u brauk\u0161anas pieredzi no s\u0101kuma l\u012bdz beig\u0101m. Izbaudiet premium auto un veiktsp\u0113jas iemiesojumu &#8211; Audi A6 Quattro. Pied\u0101v\u0101jam \u0161o un citus nomas auto ar pieg\u0101di R\u012bg\u0101 un Lidost\u0101 RIX.<\/p>","protected":false},"featured_media":649,"template":"","meta":[],"product_cat":[23,24],"product_tag":[],"class_list":{"0":"post-308","1":"product","2":"type-product","3":"status-publish","4":"has-post-thumbnail","6":"product_cat-auto-noma","7":"product_cat-audi","9":"first","10":"instock","11":"shipping-taxable","12":"purchasable","13":"product-type-ovabrw_car_rental"},"yoast_head":"<!-- This site is optimized with the Yoast SEO plugin v22.0 - https:\/\/yoast.com\/wordpress\/plugins\/seo\/ -->\n<title>Auto noma R\u012bg\u0101 - Premium klases Audi uz nomu, AUDI A6 Quattro<\/title>\n<meta name=\"description\" content=\"Auto noma R\u012bg\u0101, pied\u0101v\u0101jum\u0101 pla\u0161s audi sortiments. Izv\u0113lies premium auto par mazbud\u017eeta cenu. Elegantais AUDI A6 Quattro &#039;16 ir kl\u0101t!\" \/>\n<meta name=\"robots\" content=\"index, follow, max-snippet:-1, max-image-preview:large, max-video-preview:-1\" \/>\n<link rel=\"canonical\" href=\"https:\/\/autonomaprime.lv\/ru\/auto-noma\/audi-a6-quattro-16\/\" \/>\n<meta property=\"og:locale\" content=\"ru_RU\" \/>\n<meta property=\"og:type\" content=\"article\" \/>\n<meta property=\"og:title\" content=\"Auto noma R\u012bg\u0101 - Premium klases Audi uz nomu, AUDI A6 Quattro\" \/>\n<meta property=\"og:description\" content=\"Auto noma R\u012bg\u0101, pied\u0101v\u0101jum\u0101 pla\u0161s audi sortiments. Izv\u0113lies premium auto par mazbud\u017eeta cenu. Elegantais AUDI A6 Quattro &#039;16 ir kl\u0101t!\" \/>\n<meta property=\"og:url\" content=\"https:\/\/autonomaprime.lv\/ru\/auto-noma\/audi-a6-quattro-16\/\" \/>\n<meta property=\"og:site_name\" content=\"Auto Noma | Iz\u012br\u0113 Automa\u0161\u012bnu Izdev\u012bgi | PrimeAuto\" \/>\n<meta property=\"article:modified_time\" content=\"2024-03-19T14:33:54+00:00\" \/>\n<meta property=\"og:image\" content=\"https:\/\/autonomaprime.lv\/wp-content\/uploads\/2024\/02\/PAKLAVSsesh-40.jpg\" \/>\n\t<meta property=\"og:image:width\" content=\"2048\" \/>\n\t<meta property=\"og:image:height\" content=\"1365\" \/>\n\t<meta property=\"og:image:type\" content=\"image\/jpeg\" \/>\n<meta name=\"twitter:card\" content=\"summary_large_image\" \/>\n<meta name=\"twitter:label1\" content=\"Est. reading time\" \/>\n\t<meta name=\"twitter:data1\" content=\"1 \u043c\u0438\u043d\u0443\u0442\u0430\" \/>\n<script type=\"application\/ld+json\" class=\"yoast-schema-graph\">{\"@context\":\"https:\/\/schema.org\",\"@graph\":[{\"@type\":\"WebPage\",\"@id\":\"https:\/\/autonomaprime.lv\/auto-noma\/audi-a6-quattro-16\/\",\"url\":\"https:\/\/autonomaprime.lv\/auto-noma\/audi-a6-quattro-16\/\",\"name\":\"Auto noma R\u012bg\u0101 - Premium klases Audi uz nomu, AUDI A6 Quattro\",\"isPartOf\":{\"@id\":\"https:\/\/autonomaprime.lv\/#website\"},\"datePublished\":\"2024-02-15T12:35:25+00:00\",\"dateModified\":\"2024-03-19T14:33:54+00:00\",\"description\":\"Auto noma R\u012bg\u0101, pied\u0101v\u0101jum\u0101 pla\u0161s audi sortiments. Izv\u0113lies premium auto par mazbud\u017eeta cenu. Elegantais AUDI A6 Quattro '16 ir kl\u0101t!\",\"breadcrumb\":{\"@id\":\"https:\/\/autonomaprime.lv\/auto-noma\/audi-a6-quattro-16\/#breadcrumb\"},\"inLanguage\":\"ru-RU\",\"potentialAction\":[{\"@type\":\"ReadAction\",\"target\":[\"https:\/\/autonomaprime.lv\/auto-noma\/audi-a6-quattro-16\/\"]}]},{\"@type\":\"BreadcrumbList\",\"@id\":\"https:\/\/autonomaprime.lv\/auto-noma\/audi-a6-quattro-16\/#breadcrumb\",\"itemListElement\":[{\"@type\":\"ListItem\",\"position\":1,\"name\":\"Home\",\"item\":\"https:\/\/autonomaprime.lv\/\"},{\"@type\":\"ListItem\",\"position\":2,\"name\":\"SandBox\",\"item\":\"https:\/\/autonomaprime.lv\/sandbox\/\"},{\"@type\":\"ListItem\",\"position\":3,\"name\":\"Auto Noma AUDI A6 Quattro &#8217;16\"}]},{\"@type\":\"WebSite\",\"@id\":\"https:\/\/autonomaprime.lv\/#website\",\"url\":\"https:\/\/autonomaprime.lv\/\",\"name\":\"Auto Noma | Iz\u012br\u0113 Automa\u0161\u012bnu Izdev\u012bgi | PrimeAuto\",\"description\":\"\",\"publisher\":{\"@id\":\"https:\/\/autonomaprime.lv\/#organization\"},\"potentialAction\":[{\"@type\":\"SearchAction\",\"target\":{\"@type\":\"EntryPoint\",\"urlTemplate\":\"https:\/\/autonomaprime.lv\/?s={search_term_string}\"},\"query-input\":\"required name=search_term_string\"}],\"inLanguage\":\"ru-RU\"},{\"@type\":\"Organization\",\"@id\":\"https:\/\/autonomaprime.lv\/#organization\",\"name\":\"Auto Noma | Iz\u012br\u0113 Automa\u0161\u012bnu Izdev\u012bgi | PrimeAuto\",\"url\":\"https:\/\/autonomaprime.lv\/\",\"logo\":{\"@type\":\"ImageObject\",\"inLanguage\":\"ru-RU\",\"@id\":\"https:\/\/autonomaprime.lv\/#\/schema\/logo\/image\/\",\"url\":\"https:\/\/autonomaprime.lv\/wp-content\/uploads\/2024\/02\/cropped-primeauto.webp\",\"contentUrl\":\"https:\/\/autonomaprime.lv\/wp-content\/uploads\/2024\/02\/cropped-primeauto.webp\",\"width\":387,\"height\":112,\"caption\":\"Auto Noma | Iz\u012br\u0113 Automa\u0161\u012bnu Izdev\u012bgi | PrimeAuto\"},\"image\":{\"@id\":\"https:\/\/autonomaprime.lv\/#\/schema\/logo\/image\/\"}}]}<\/script>\n<!-- \/ Yoast SEO plugin. -->","yoast_head_json":{"title":"Auto noma R\u012bg\u0101 - Premium klases Audi uz nomu, AUDI A6 Quattro","description":"Auto noma R\u012bg\u0101, pied\u0101v\u0101jum\u0101 pla\u0161s audi sortiments. Izv\u0113lies premium auto par mazbud\u017eeta cenu. Elegantais AUDI A6 Quattro '16 ir kl\u0101t!","robots":{"index":"index","follow":"follow","max-snippet":"max-snippet:-1","max-image-preview":"max-image-preview:large","max-video-preview":"max-video-preview:-1"},"canonical":"https:\/\/autonomaprime.lv\/ru\/auto-noma\/audi-a6-quattro-16\/","og_locale":"ru_RU","og_type":"article","og_title":"Auto noma R\u012bg\u0101 - Premium klases Audi uz nomu, AUDI A6 Quattro","og_description":"Auto noma R\u012bg\u0101, pied\u0101v\u0101jum\u0101 pla\u0161s audi sortiments. Izv\u0113lies premium auto par mazbud\u017eeta cenu. Elegantais AUDI A6 Quattro '16 ir kl\u0101t!","og_url":"https:\/\/autonomaprime.lv\/ru\/auto-noma\/audi-a6-quattro-16\/","og_site_name":"Auto Noma | Iz\u012br\u0113 Automa\u0161\u012bnu Izdev\u012bgi | PrimeAuto","article_modified_time":"2024-03-19T14:33:54+00:00","og_image":[{"width":2048,"height":1365,"url":"https:\/\/autonomaprime.lv\/wp-content\/uploads\/2024\/02\/PAKLAVSsesh-40.jpg","type":"image\/jpeg"}],"twitter_card":"summary_large_image","twitter_misc":{"Est. reading time":"1 \u043c\u0438\u043d\u0443\u0442\u0430"},"schema":{"@context":"https:\/\/schema.org","@graph":[{"@type":"WebPage","@id":"https:\/\/autonomaprime.lv\/auto-noma\/audi-a6-quattro-16\/","url":"https:\/\/autonomaprime.lv\/auto-noma\/audi-a6-quattro-16\/","name":"Auto noma R\u012bg\u0101 - Premium klases Audi uz nomu, AUDI A6 Quattro","isPartOf":{"@id":"https:\/\/autonomaprime.lv\/#website"},"datePublished":"2024-02-15T12:35:25+00:00","dateModified":"2024-03-19T14:33:54+00:00","description":"Auto noma R\u012bg\u0101, pied\u0101v\u0101jum\u0101 pla\u0161s audi sortiments. Izv\u0113lies premium auto par mazbud\u017eeta cenu. Elegantais AUDI A6 Quattro '16 ir kl\u0101t!","breadcrumb":{"@id":"https:\/\/autonomaprime.lv\/auto-noma\/audi-a6-quattro-16\/#breadcrumb"},"inLanguage":"ru-RU","potentialAction":[{"@type":"ReadAction","target":["https:\/\/autonomaprime.lv\/auto-noma\/audi-a6-quattro-16\/"]}]},{"@type":"BreadcrumbList","@id":"https:\/\/autonomaprime.lv\/auto-noma\/audi-a6-quattro-16\/#breadcrumb","itemListElement":[{"@type":"ListItem","position":1,"name":"Home","item":"https:\/\/autonomaprime.lv\/"},{"@type":"ListItem","position":2,"name":"SandBox","item":"https:\/\/autonomaprime.lv\/sandbox\/"},{"@type":"ListItem","position":3,"name":"Auto Noma AUDI A6 Quattro &#8217;16"}]},{"@type":"WebSite","@id":"https:\/\/autonomaprime.lv\/#website","url":"https:\/\/autonomaprime.lv\/","name":"Auto Noma | Iz\u012br\u0113 Automa\u0161\u012bnu Izdev\u012bgi | PrimeAuto","description":"","publisher":{"@id":"https:\/\/autonomaprime.lv\/#organization"},"potentialAction":[{"@type":"SearchAction","target":{"@type":"EntryPoint","urlTemplate":"https:\/\/autonomaprime.lv\/?s={search_term_string}"},"query-input":"required name=search_term_string"}],"inLanguage":"ru-RU"},{"@type":"Organization","@id":"https:\/\/autonomaprime.lv\/#organization","name":"Auto Noma | Iz\u012br\u0113 Automa\u0161\u012bnu Izdev\u012bgi | PrimeAuto","url":"https:\/\/autonomaprime.lv\/","logo":{"@type":"ImageObject","inLanguage":"ru-RU","@id":"https:\/\/autonomaprime.lv\/#\/schema\/logo\/image\/","url":"https:\/\/autonomaprime.lv\/wp-content\/uploads\/2024\/02\/cropped-primeauto.webp","contentUrl":"https:\/\/autonomaprime.lv\/wp-content\/uploads\/2024\/02\/cropped-primeauto.webp","width":387,"height":112,"caption":"Auto Noma | Iz\u012br\u0113 Automa\u0161\u012bnu Izdev\u012bgi | PrimeAuto"},"image":{"@id":"https:\/\/autonomaprime.lv\/#\/schema\/logo\/image\/"}}]}},"_links":{"self":[{"href":"https:\/\/autonomaprime.lv\/ru\/wp-json\/wp\/v2\/product\/308","targetHints":{"allow":["GET"]}}],"collection":[{"href":"https:\/\/autonomaprime.lv\/ru\/wp-json\/wp\/v2\/product"}],"about":[{"href":"https:\/\/autonomaprime.lv\/ru\/wp-json\/wp\/v2\/types\/product"}],"wp:featuredmedia":[{"embeddable":true,"href":"https:\/\/autonomaprime.lv\/ru\/wp-json\/wp\/v2\/media\/649"}],"wp:attachment":[{"href":"https:\/\/autonomaprime.lv\/ru\/wp-json\/wp\/v2\/media?parent=308"}],"wp:term":[{"taxonomy":"product_cat","embeddable":true,"href":"https:\/\/autonomaprime.lv\/ru\/wp-json\/wp\/v2\/product_cat?post=308"},{"taxonomy":"product_tag","embeddable":true,"href":"https:\/\/autonomaprime.lv\/ru\/wp-json\/wp\/v2\/product_tag?post=308"}],"curies":[{"name":"wp","href":"https:\/\/api.w.org\/{rel}","templated":true}]}}