{"id":289,"date":"2024-02-15T12:28:48","date_gmt":"2024-02-15T12:28:48","guid":{"rendered":"https:\/\/autonomaprime.lv\/?post_type=product&#038;p=289"},"modified":"2024-03-19T14:58:24","modified_gmt":"2024-03-19T14:58:24","slug":"audi-a6-avant-17","status":"publish","type":"product","link":"https:\/\/autonomaprime.lv\/ru\/auto-noma\/audi-a6-avant-17\/","title":{"rendered":"\u041f\u0440\u043e\u043a\u0430\u0442 \u0430\u0432\u0442\u043e\u043c\u043e\u0431\u0438\u043b\u044f AUDI A6 Avant &#039;17"},"content":{"rendered":"<p>\u0410\u0443\u0434\u0438 \u04106 \u0410\u0432\u0430\u043d\u0442<\/p>","protected":false},"excerpt":{"rendered":"<p>Iepaz\u012bstin\u0101m ar Audi A6 Avant &#8217;17 \u2014 komforta un grezn\u012bbas sajaukums. \u0160is avangardais univers\u0101lis ir izstr\u0101d\u0101ts t\u0101, lai vienlaikus sniegtu neticamu komfortu un dinamisku brauk\u0161anu, neaizmirstot par elegances piesk\u0101rienu.\u00a0No pirm\u0101 acu uzmetiena \u0101r\u0113jais dizains valdzina ar sav\u0101m dinamiskaj\u0101m l\u012bnij\u0101m un aerodinamisko profilu, kas iemieso Audi rakstur\u012bgo eleganci un m\u016bsdien\u012bgumu, bet s\u0113\u017eoties pie st\u016bres, Audi uzticamais komforts un pl\u016bdenums ir j\u016btams katr\u0101 j\u016bdz\u0113.\u00a0 Audi A6 Avant &#8217;17\u00a0 lepojas ar izsmalcin\u0101tu apdari un modern\u0101m tehnolo\u0123ij\u0101m, kas paaugstina Audi est\u0113tisko pievilc\u012bbu. Zem p\u0101rsega Audi A6 Avant &#8217;17 nodro\u0161ina sp\u0113c\u012bgu jaudas un efektivit\u0101tes kombin\u0101ciju.\u00a0 Audi A6 Avant bez piep\u016bles l\u012bdzsvaro veiktsp\u0113ju ar degvielas ekonomiju, padarot katru braucienu par lielisku piedz\u012bvojumu.\u00a0Iek\u0101pjot pla\u0161aj\u0101 un greznaj\u0101 salon\u0101, j\u016bs atkl\u0101siet komforta un inov\u0101ciju pasauli. \u0100das s\u0113dek\u013ci, uzlabotas tehnolo\u0123iju funkcijas un intuit\u012bv\u0101s vad\u012bbas ier\u012bces rada aicino\u0161u vidi gan vad\u012bt\u0101jam, gan pasa\u017eieriem.\u00a0Ta\u010du paties\u0101 A6 Avant daudzpus\u012bba sl\u0113pjas t\u0101 praktiskum\u0101. Ar pla\u0161u kravas telpu un elast\u012bgu s\u0113dvietu izvietojumu tas bez piep\u016bles piel\u0101gojas j\u016bsu dz\u012bvesveidam neatkar\u012bgi no t\u0101, vai veicat ikdienas braucienus vai dodaties br\u012bvdien\u0101s. \u00a0Pied\u0101v\u0101jam \u0161o un citus nomas auto ar pieg\u0101di R\u012bg\u0101 un Lidost\u0101 RIX.<\/p>","protected":false},"featured_media":656,"template":"","meta":[],"product_cat":[23,24],"product_tag":[],"class_list":{"0":"post-289","1":"product","2":"type-product","3":"status-publish","4":"has-post-thumbnail","6":"product_cat-auto-noma","7":"product_cat-audi","9":"first","10":"instock","11":"shipping-taxable","12":"purchasable","13":"product-type-ovabrw_car_rental"},"yoast_head":"<!-- This site is optimized with the Yoast SEO plugin v22.0 - https:\/\/yoast.com\/wordpress\/plugins\/seo\/ -->\n<title>Auto noma AUDI A6 Avant par mazbud\u017eeta auto cenu<\/title>\n<meta name=\"description\" content=\"Auto noma Audi A6 avant R\u012bg\u0101, pieejams pla\u0161s premium l\u012bme\u0146a auto sortiments. par lielisku cenu. \u012astermi\u0146a un ilgtermi\u0146a auto noma.\" \/>\n<meta name=\"robots\" content=\"index, follow, max-snippet:-1, max-image-preview:large, max-video-preview:-1\" \/>\n<link rel=\"canonical\" href=\"https:\/\/autonomaprime.lv\/ru\/auto-noma\/audi-a6-avant-17\/\" \/>\n<meta property=\"og:locale\" content=\"ru_RU\" \/>\n<meta property=\"og:type\" content=\"article\" \/>\n<meta property=\"og:title\" content=\"Auto noma AUDI A6 Avant par mazbud\u017eeta auto cenu\" \/>\n<meta property=\"og:description\" content=\"Auto noma Audi A6 avant R\u012bg\u0101, pieejams pla\u0161s premium l\u012bme\u0146a auto sortiments. par lielisku cenu. \u012astermi\u0146a un ilgtermi\u0146a auto noma.\" \/>\n<meta property=\"og:url\" content=\"https:\/\/autonomaprime.lv\/ru\/auto-noma\/audi-a6-avant-17\/\" \/>\n<meta property=\"og:site_name\" content=\"Auto Noma | Iz\u012br\u0113 Automa\u0161\u012bnu Izdev\u012bgi | PrimeAuto\" \/>\n<meta property=\"article:modified_time\" content=\"2024-03-19T14:58:24+00:00\" \/>\n<meta property=\"og:image\" content=\"https:\/\/autonomaprime.lv\/wp-content\/uploads\/2024\/02\/PAKLAVSsesh-62.jpg\" \/>\n\t<meta property=\"og:image:width\" content=\"2048\" \/>\n\t<meta property=\"og:image:height\" content=\"1365\" \/>\n\t<meta property=\"og:image:type\" content=\"image\/jpeg\" \/>\n<meta name=\"twitter:card\" content=\"summary_large_image\" \/>\n<meta name=\"twitter:label1\" content=\"Est. reading time\" \/>\n\t<meta name=\"twitter:data1\" content=\"1 \u043c\u0438\u043d\u0443\u0442\u0430\" \/>\n<script type=\"application\/ld+json\" class=\"yoast-schema-graph\">{\"@context\":\"https:\/\/schema.org\",\"@graph\":[{\"@type\":\"WebPage\",\"@id\":\"https:\/\/autonomaprime.lv\/auto-noma\/audi-a6-avant-17\/\",\"url\":\"https:\/\/autonomaprime.lv\/auto-noma\/audi-a6-avant-17\/\",\"name\":\"Auto noma AUDI A6 Avant par mazbud\u017eeta auto cenu\",\"isPartOf\":{\"@id\":\"https:\/\/autonomaprime.lv\/#website\"},\"datePublished\":\"2024-02-15T12:28:48+00:00\",\"dateModified\":\"2024-03-19T14:58:24+00:00\",\"description\":\"Auto noma Audi A6 avant R\u012bg\u0101, pieejams pla\u0161s premium l\u012bme\u0146a auto sortiments. par lielisku cenu. \u012astermi\u0146a un ilgtermi\u0146a auto noma.\",\"breadcrumb\":{\"@id\":\"https:\/\/autonomaprime.lv\/auto-noma\/audi-a6-avant-17\/#breadcrumb\"},\"inLanguage\":\"ru-RU\",\"potentialAction\":[{\"@type\":\"ReadAction\",\"target\":[\"https:\/\/autonomaprime.lv\/auto-noma\/audi-a6-avant-17\/\"]}]},{\"@type\":\"BreadcrumbList\",\"@id\":\"https:\/\/autonomaprime.lv\/auto-noma\/audi-a6-avant-17\/#breadcrumb\",\"itemListElement\":[{\"@type\":\"ListItem\",\"position\":1,\"name\":\"Home\",\"item\":\"https:\/\/autonomaprime.lv\/\"},{\"@type\":\"ListItem\",\"position\":2,\"name\":\"SandBox\",\"item\":\"https:\/\/autonomaprime.lv\/sandbox\/\"},{\"@type\":\"ListItem\",\"position\":3,\"name\":\"Auto Noma AUDI A6 Avant &#8217;17\"}]},{\"@type\":\"WebSite\",\"@id\":\"https:\/\/autonomaprime.lv\/#website\",\"url\":\"https:\/\/autonomaprime.lv\/\",\"name\":\"Auto Noma | Iz\u012br\u0113 Automa\u0161\u012bnu Izdev\u012bgi | PrimeAuto\",\"description\":\"\",\"publisher\":{\"@id\":\"https:\/\/autonomaprime.lv\/#organization\"},\"potentialAction\":[{\"@type\":\"SearchAction\",\"target\":{\"@type\":\"EntryPoint\",\"urlTemplate\":\"https:\/\/autonomaprime.lv\/?s={search_term_string}\"},\"query-input\":\"required name=search_term_string\"}],\"inLanguage\":\"ru-RU\"},{\"@type\":\"Organization\",\"@id\":\"https:\/\/autonomaprime.lv\/#organization\",\"name\":\"Auto Noma | Iz\u012br\u0113 Automa\u0161\u012bnu Izdev\u012bgi | PrimeAuto\",\"url\":\"https:\/\/autonomaprime.lv\/\",\"logo\":{\"@type\":\"ImageObject\",\"inLanguage\":\"ru-RU\",\"@id\":\"https:\/\/autonomaprime.lv\/#\/schema\/logo\/image\/\",\"url\":\"https:\/\/autonomaprime.lv\/wp-content\/uploads\/2024\/02\/cropped-primeauto.webp\",\"contentUrl\":\"https:\/\/autonomaprime.lv\/wp-content\/uploads\/2024\/02\/cropped-primeauto.webp\",\"width\":387,\"height\":112,\"caption\":\"Auto Noma | Iz\u012br\u0113 Automa\u0161\u012bnu Izdev\u012bgi | PrimeAuto\"},\"image\":{\"@id\":\"https:\/\/autonomaprime.lv\/#\/schema\/logo\/image\/\"}}]}<\/script>\n<!-- \/ Yoast SEO plugin. -->","yoast_head_json":{"title":"Auto noma AUDI A6 Avant par mazbud\u017eeta auto cenu","description":"Auto noma Audi A6 avant R\u012bg\u0101, pieejams pla\u0161s premium l\u012bme\u0146a auto sortiments. par lielisku cenu. \u012astermi\u0146a un ilgtermi\u0146a auto noma.","robots":{"index":"index","follow":"follow","max-snippet":"max-snippet:-1","max-image-preview":"max-image-preview:large","max-video-preview":"max-video-preview:-1"},"canonical":"https:\/\/autonomaprime.lv\/ru\/auto-noma\/audi-a6-avant-17\/","og_locale":"ru_RU","og_type":"article","og_title":"Auto noma AUDI A6 Avant par mazbud\u017eeta auto cenu","og_description":"Auto noma Audi A6 avant R\u012bg\u0101, pieejams pla\u0161s premium l\u012bme\u0146a auto sortiments. par lielisku cenu. \u012astermi\u0146a un ilgtermi\u0146a auto noma.","og_url":"https:\/\/autonomaprime.lv\/ru\/auto-noma\/audi-a6-avant-17\/","og_site_name":"Auto Noma | Iz\u012br\u0113 Automa\u0161\u012bnu Izdev\u012bgi | PrimeAuto","article_modified_time":"2024-03-19T14:58:24+00:00","og_image":[{"width":2048,"height":1365,"url":"https:\/\/autonomaprime.lv\/wp-content\/uploads\/2024\/02\/PAKLAVSsesh-62.jpg","type":"image\/jpeg"}],"twitter_card":"summary_large_image","twitter_misc":{"Est. reading time":"1 \u043c\u0438\u043d\u0443\u0442\u0430"},"schema":{"@context":"https:\/\/schema.org","@graph":[{"@type":"WebPage","@id":"https:\/\/autonomaprime.lv\/auto-noma\/audi-a6-avant-17\/","url":"https:\/\/autonomaprime.lv\/auto-noma\/audi-a6-avant-17\/","name":"Auto noma AUDI A6 Avant par mazbud\u017eeta auto cenu","isPartOf":{"@id":"https:\/\/autonomaprime.lv\/#website"},"datePublished":"2024-02-15T12:28:48+00:00","dateModified":"2024-03-19T14:58:24+00:00","description":"Auto noma Audi A6 avant R\u012bg\u0101, pieejams pla\u0161s premium l\u012bme\u0146a auto sortiments. par lielisku cenu. \u012astermi\u0146a un ilgtermi\u0146a auto noma.","breadcrumb":{"@id":"https:\/\/autonomaprime.lv\/auto-noma\/audi-a6-avant-17\/#breadcrumb"},"inLanguage":"ru-RU","potentialAction":[{"@type":"ReadAction","target":["https:\/\/autonomaprime.lv\/auto-noma\/audi-a6-avant-17\/"]}]},{"@type":"BreadcrumbList","@id":"https:\/\/autonomaprime.lv\/auto-noma\/audi-a6-avant-17\/#breadcrumb","itemListElement":[{"@type":"ListItem","position":1,"name":"Home","item":"https:\/\/autonomaprime.lv\/"},{"@type":"ListItem","position":2,"name":"SandBox","item":"https:\/\/autonomaprime.lv\/sandbox\/"},{"@type":"ListItem","position":3,"name":"Auto Noma AUDI A6 Avant &#8217;17"}]},{"@type":"WebSite","@id":"https:\/\/autonomaprime.lv\/#website","url":"https:\/\/autonomaprime.lv\/","name":"Auto Noma | Iz\u012br\u0113 Automa\u0161\u012bnu Izdev\u012bgi | PrimeAuto","description":"","publisher":{"@id":"https:\/\/autonomaprime.lv\/#organization"},"potentialAction":[{"@type":"SearchAction","target":{"@type":"EntryPoint","urlTemplate":"https:\/\/autonomaprime.lv\/?s={search_term_string}"},"query-input":"required name=search_term_string"}],"inLanguage":"ru-RU"},{"@type":"Organization","@id":"https:\/\/autonomaprime.lv\/#organization","name":"Auto Noma | Iz\u012br\u0113 Automa\u0161\u012bnu Izdev\u012bgi | PrimeAuto","url":"https:\/\/autonomaprime.lv\/","logo":{"@type":"ImageObject","inLanguage":"ru-RU","@id":"https:\/\/autonomaprime.lv\/#\/schema\/logo\/image\/","url":"https:\/\/autonomaprime.lv\/wp-content\/uploads\/2024\/02\/cropped-primeauto.webp","contentUrl":"https:\/\/autonomaprime.lv\/wp-content\/uploads\/2024\/02\/cropped-primeauto.webp","width":387,"height":112,"caption":"Auto Noma | Iz\u012br\u0113 Automa\u0161\u012bnu Izdev\u012bgi | PrimeAuto"},"image":{"@id":"https:\/\/autonomaprime.lv\/#\/schema\/logo\/image\/"}}]}},"_links":{"self":[{"href":"https:\/\/autonomaprime.lv\/ru\/wp-json\/wp\/v2\/product\/289","targetHints":{"allow":["GET"]}}],"collection":[{"href":"https:\/\/autonomaprime.lv\/ru\/wp-json\/wp\/v2\/product"}],"about":[{"href":"https:\/\/autonomaprime.lv\/ru\/wp-json\/wp\/v2\/types\/product"}],"wp:featuredmedia":[{"embeddable":true,"href":"https:\/\/autonomaprime.lv\/ru\/wp-json\/wp\/v2\/media\/656"}],"wp:attachment":[{"href":"https:\/\/autonomaprime.lv\/ru\/wp-json\/wp\/v2\/media?parent=289"}],"wp:term":[{"taxonomy":"product_cat","embeddable":true,"href":"https:\/\/autonomaprime.lv\/ru\/wp-json\/wp\/v2\/product_cat?post=289"},{"taxonomy":"product_tag","embeddable":true,"href":"https:\/\/autonomaprime.lv\/ru\/wp-json\/wp\/v2\/product_tag?post=289"}],"curies":[{"name":"wp","href":"https:\/\/api.w.org\/{rel}","templated":true}]}}