{"id":255,"date":"2024-02-15T12:16:05","date_gmt":"2024-02-15T12:16:05","guid":{"rendered":"https:\/\/autonomaprime.lv\/?post_type=product&#038;p=255"},"modified":"2024-03-19T15:18:43","modified_gmt":"2024-03-19T15:18:43","slug":"audi-a6-avant-sport-ed-16","status":"publish","type":"product","link":"https:\/\/autonomaprime.lv\/ru\/auto-noma\/audi-a6-avant-sport-ed-16\/","title":{"rendered":"\u041f\u0440\u043e\u043a\u0430\u0442 \u0430\u0432\u0442\u043e\u043c\u043e\u0431\u0438\u043b\u044f AUDI A6 Avant Sport Ed &#039;16"},"content":{"rendered":"<p>Audi A6 Avant 2.0 TDI \u2014 \u0414\u0438\u0437\u0435\u043b\u044c \u2014 \u0410\u0432\u0442\u043e\u043c\u0430\u0442 \u2014 190 \u043b.\u0441. \u041a\u043e\u043c\u0444\u043e\u0440\u0442 \u2014 \u041f\u0440\u043e\u0435\u043a\u0446\u0438\u043e\u043d\u043d\u044b\u0439 \u0434\u0438\u0441\u043f\u043b\u0435\u0439 \u2014 \u0421\u0438\u0441\u0442\u0435\u043c\u0430 \u043f\u043e\u043c\u043e\u0449\u0438 \u043f\u0440\u0438 \u043f\u0430\u0440\u043a\u043e\u0432\u043a\u0435 \u2014 \u041f\u0435\u0440\u0435\u0434\u043d\u044f\u044f \u0447\u0430\u0441\u0442\u044c \u2014 \u0421\u0438\u0441\u0442\u0435\u043c\u0430 \u043f\u043e\u043c\u043e\u0449\u0438 \u043f\u0440\u0438 \u043f\u0430\u0440\u043a\u043e\u0432\u043a\u0435 \u2014 \u0417\u0430\u0434\u043d\u044f\u044f \u0447\u0430\u0441\u0442\u044c \u2014 \u041a\u0430\u043c\u0435\u0440\u0430 \u0437\u0430\u0434\u043d\u0435\u0433\u043e \u0432\u0438\u0434\u0430 \u2014 4 \u0438\u043b\u0438 \u0431\u043e\u043b\u0435\u0435 \u0437\u043e\u043d \u0430\u0432\u0442\u043e\u043c\u0430\u0442\u0438\u0447\u0435\u0441\u043a\u043e\u0433\u043e \u043a\u043b\u0438\u043c\u0430\u0442-\u043a\u043e\u043d\u0442\u0440\u043e\u043b\u044f \u2014 \u041d\u0430\u0440\u0443\u0436\u043d\u044b\u0435 \u0437\u0435\u0440\u043a\u0430\u043b\u0430 \u2014 \u042d\u043b\u0435\u043a\u0442\u0440\u0438\u0447\u0435\u0441\u043a\u043e\u0435 \u0441\u043a\u043b\u0430\u0434\u044b\u0432\u0430\u043d\u0438\u0435 \u2014 \u0421\u0438\u0434\u0435\u043d\u044c\u044f \u2014 \u042d\u043b\u0435\u043a\u0442\u0440\u0438\u0447\u0435\u0441\u043a\u0430\u044f \u043f\u0430\u043c\u044f\u0442\u044c -\u0421\u0438\u0434\u0435\u043d\u044c\u044f \u2013 \u0441 \u044d\u043b\u0435\u043a\u0442\u0440\u043e\u0440\u0435\u0433\u0443\u043b\u0438\u0440\u043e\u0432\u043a\u043e\u0439 \u0434\u043b\u044f \u0432\u043e\u0434\u0438\u0442\u0435\u043b\u044f -\u0421\u0438\u0434\u0435\u043d\u044c\u044f \u2013 \u0434\u043b\u044f \u043f\u0430\u0441\u0441\u0430\u0436\u0438\u0440\u0430 \u0441 \u044d\u043b\u0435\u043a\u0442\u0440\u043e\u0440\u0435\u0433\u0443\u043b\u0438\u0440\u043e\u0432\u043a\u043e\u0439 -\u0421\u0438\u0434\u0435\u043d\u044c\u044f \u2013 \u0441 \u043f\u043e\u0434\u043e\u0433\u0440\u0435\u0432\u043e\u043c \u0434\u043b\u044f \u0432\u043e\u0434\u0438\u0442\u0435\u043b\u044f -\u0421\u0438\u0434\u0435\u043d\u044c\u044f \u2013 \u0441 \u043f\u043e\u0434\u043e\u0433\u0440\u0435\u0432\u043e\u043c \u0434\u043b\u044f \u043f\u0430\u0441\u0441\u0430\u0436\u0438\u0440\u0430 -\u0420\u0443\u043b\u0435\u0432\u043e\u0435 \u043a\u043e\u043b\u0435\u0441\u043e \u2013 \u041c\u043d\u043e\u0433\u043e\u0444\u0443\u043d\u043a\u0446\u0438\u043e\u043d\u0430\u043b\u044c\u043d\u044b\u0439 \u043c\u0443\u043b\u044c\u0442\u0438\u043c\u0435\u0434\u0438\u0430 -\u0421\u0438\u0441\u0442\u0435\u043c\u0430 \u0441\u043f\u0443\u0442\u043d\u0438\u043a\u043e\u0432\u043e\u0439 \u043d\u0430\u0432\u0438\u0433\u0430\u0446\u0438\u0438 -\u0418\u043d\u0442\u0435\u0440\u0444\u0435\u0439\u0441 Bluetooth -\u0410\u043a\u0443\u0441\u0442\u0438\u0447\u0435\u0441\u043a\u0430\u044f \u0441\u0438\u0441\u0442\u0435\u043c\u0430 \u041e\u0442\u0434\u0435\u043b\u043a\u0430 -\u0428\u0430\u0441\u0441\u0438 \u2013 \u0421\u043f\u043e\u0440\u0442 -\u0420\u0443\u043b\u0435\u0432\u043e\u0435 \u043a\u043e\u043b\u0435\u0441\u043e \u2013 \u041a\u043e\u0436\u0430 -\u0420\u0443\u043b\u0435\u0432\u043e\u0435 \u0443\u043f\u0440\u0430\u0432\u043b\u0435\u043d\u0438\u0435 \u0420\u0443\u043b\u044c \u2014 \u0421\u043f\u043e\u0440\u0442\u0438\u0432\u043d\u044b\u0435 \u2014 \u0422\u043e\u043d\u0438\u0440\u043e\u0432\u0430\u043d\u043d\u044b\u0435 \u0441\u0442\u0435\u043a\u043b\u0430 \u2014 \u0417\u0430\u0434\u043d\u0438\u0435 \u0441\u0442\u0435\u043a\u043b\u0430 \u2014 \u041e\u0431\u0438\u0432\u043a\u0430 \u2014 \u0410\u043b\u044c\u043a\u0430\u043d\u0442\u0430\u0440\u0430 \u042d\u043a\u0441\u0442\u0435\u0440\u044c\u0435\u0440 \u2014 \u041a\u0440\u0430\u0441\u043a\u0430 \u2014 \u041c\u0435\u0442\u0430\u043b\u043b\u0438\u043a<\/p>","protected":false},"excerpt":{"rendered":"<p>Iepaz\u012bstin\u0101m ar Audi A6 Avant 2.0 TDI. \u0160is elegantais un izsmalcin\u0101tais univers\u0101lis bez piep\u016bles apvieno Audi slaveno grezn\u012bbu ar daudzpus\u012bbu un komfortu, ko pieprasa m\u016bsdienu dz\u012bvesveids. 2,0 TDI dzin\u0113js nodro\u0161ina aizraujo\u0161u brauk\u0161anas pieredzi, pied\u0101v\u0101jot gan jaudu, gan efektivit\u0101ti. Neatkar\u012bgi no t\u0101, vai braucat pa pils\u0113tas iel\u0101m vai dodieties garos braucienos, A6 Avant nodro\u0161ina vienm\u0113r\u012bgu un atsauc\u012bgu brauk\u0161anu, vienlaikus saglab\u0101jot iespaid\u012bgu degvielas ekonomiju. Iek\u0101pjot pla\u0161aj\u0101 salon\u0101, j\u016bs redz\u0113siet ugst\u0101k\u0101s kvalit\u0101tes materi\u0101lus, progres\u012bvas tehnolo\u0123ijas un est\u0113tiskus dizaina elementus,\u00a0 kas rada izsmalcin\u0101t\u012bbas un \u0113rt\u012bbas gaisotni. Ar pla\u0161u kravas telpu un neticamu komfortu apvelt\u012btais Audi A6 Avant b\u016bs lielisks auto dodoties ned\u0113\u013cas nogales atp\u016bt\u0101 vai ikdienas darba gait\u0101s.\u00a0Dro\u0161\u012bba ir vissvar\u012bg\u0101k\u0101, un A6 Avant ir apr\u012bkots ar vismodern\u0101kaj\u0101m funkcij\u0101m, lai j\u016bs un j\u016bsu pasa\u017eierijustos dro\u0161i katr\u0101 brauk\u0161anas reiz\u0113. No progres\u012bv\u0101m tehnolo\u0123ij\u0101m l\u012bdz stingrai konstrukcijas in\u017eenierijai \u2013 Audi ap\u0146em\u0161an\u0101s nodro\u0161in\u0101t dro\u0161\u012bbu ir ac\u012bmredzama katr\u0101 deta\u013c\u0101. Izbaudiet premium l\u012bme\u0146a nomas auto Audi A6 Avant 2.0 TDI \u2014 kur veiktsp\u0113ja, komforts un daudzpus\u012bba ir j\u016btama katr\u0101 kilometr\u0101. Pied\u0101v\u0101jam \u0161o un citus nomas auto ar pieg\u0101di R\u012bg\u0101 un Lidost\u0101 RIX.<\/p>","protected":false},"featured_media":260,"template":"","meta":[],"product_cat":[23,24],"product_tag":[],"class_list":{"0":"post-255","1":"product","2":"type-product","3":"status-publish","4":"has-post-thumbnail","6":"product_cat-auto-noma","7":"product_cat-audi","9":"first","10":"instock","11":"shipping-taxable","12":"purchasable","13":"product-type-ovabrw_car_rental"},"yoast_head":"<!-- This site is optimized with the Yoast SEO plugin v22.0 - https:\/\/yoast.com\/wordpress\/plugins\/seo\/ -->\n<title>Auto Noma AUDI A6 Avant Sport Ed &#039;16 - Komforts un Elegance<\/title>\n<meta name=\"description\" content=\"Auto Noma AUDI A6 Avant Sport Ed &#039;16 par draudz\u012bgu cenu. Premimum l\u012bme\u0146a auto noma \u012bstermi\u0146am un ilgtermi\u0146am ar izpirkuma iesp\u0113ju\" \/>\n<meta name=\"robots\" content=\"index, follow, max-snippet:-1, max-image-preview:large, max-video-preview:-1\" \/>\n<link rel=\"canonical\" href=\"https:\/\/autonomaprime.lv\/ru\/auto-noma\/audi-a6-avant-sport-ed-16\/\" \/>\n<meta property=\"og:locale\" content=\"ru_RU\" \/>\n<meta property=\"og:type\" content=\"article\" \/>\n<meta property=\"og:title\" content=\"Auto Noma AUDI A6 Avant Sport Ed &#039;16 - Komforts un Elegance\" \/>\n<meta property=\"og:description\" content=\"Auto Noma AUDI A6 Avant Sport Ed &#039;16 par draudz\u012bgu cenu. Premimum l\u012bme\u0146a auto noma \u012bstermi\u0146am un ilgtermi\u0146am ar izpirkuma iesp\u0113ju\" \/>\n<meta property=\"og:url\" content=\"https:\/\/autonomaprime.lv\/ru\/auto-noma\/audi-a6-avant-sport-ed-16\/\" \/>\n<meta property=\"og:site_name\" content=\"Auto Noma | Iz\u012br\u0113 Automa\u0161\u012bnu Izdev\u012bgi | PrimeAuto\" \/>\n<meta property=\"article:modified_time\" content=\"2024-03-19T15:18:43+00:00\" \/>\n<meta property=\"og:image\" content=\"https:\/\/autonomaprime.lv\/wp-content\/uploads\/2024\/02\/Audi-A6-Avant-Sport-Edition-2.0-TDI-Black-C7-4G-Facelift-1.jpg\" \/>\n\t<meta property=\"og:image:width\" content=\"1000\" \/>\n\t<meta property=\"og:image:height\" content=\"667\" \/>\n\t<meta property=\"og:image:type\" content=\"image\/jpeg\" \/>\n<meta name=\"twitter:card\" content=\"summary_large_image\" \/>\n<meta name=\"twitter:label1\" content=\"Est. reading time\" \/>\n\t<meta name=\"twitter:data1\" content=\"1 \u043c\u0438\u043d\u0443\u0442\u0430\" \/>\n<script type=\"application\/ld+json\" class=\"yoast-schema-graph\">{\"@context\":\"https:\/\/schema.org\",\"@graph\":[{\"@type\":\"WebPage\",\"@id\":\"https:\/\/autonomaprime.lv\/auto-noma\/audi-a6-avant-sport-ed-16\/\",\"url\":\"https:\/\/autonomaprime.lv\/auto-noma\/audi-a6-avant-sport-ed-16\/\",\"name\":\"Auto Noma AUDI A6 Avant Sport Ed '16 - Komforts un Elegance\",\"isPartOf\":{\"@id\":\"https:\/\/autonomaprime.lv\/#website\"},\"datePublished\":\"2024-02-15T12:16:05+00:00\",\"dateModified\":\"2024-03-19T15:18:43+00:00\",\"description\":\"Auto Noma AUDI A6 Avant Sport Ed '16 par draudz\u012bgu cenu. Premimum l\u012bme\u0146a auto noma \u012bstermi\u0146am un ilgtermi\u0146am ar izpirkuma iesp\u0113ju\",\"breadcrumb\":{\"@id\":\"https:\/\/autonomaprime.lv\/auto-noma\/audi-a6-avant-sport-ed-16\/#breadcrumb\"},\"inLanguage\":\"ru-RU\",\"potentialAction\":[{\"@type\":\"ReadAction\",\"target\":[\"https:\/\/autonomaprime.lv\/auto-noma\/audi-a6-avant-sport-ed-16\/\"]}]},{\"@type\":\"BreadcrumbList\",\"@id\":\"https:\/\/autonomaprime.lv\/auto-noma\/audi-a6-avant-sport-ed-16\/#breadcrumb\",\"itemListElement\":[{\"@type\":\"ListItem\",\"position\":1,\"name\":\"Home\",\"item\":\"https:\/\/autonomaprime.lv\/\"},{\"@type\":\"ListItem\",\"position\":2,\"name\":\"SandBox\",\"item\":\"https:\/\/autonomaprime.lv\/sandbox\/\"},{\"@type\":\"ListItem\",\"position\":3,\"name\":\"Auto Noma AUDI A6 Avant Sport Ed &#8217;16\"}]},{\"@type\":\"WebSite\",\"@id\":\"https:\/\/autonomaprime.lv\/#website\",\"url\":\"https:\/\/autonomaprime.lv\/\",\"name\":\"Auto Noma | Iz\u012br\u0113 Automa\u0161\u012bnu Izdev\u012bgi | PrimeAuto\",\"description\":\"\",\"publisher\":{\"@id\":\"https:\/\/autonomaprime.lv\/#organization\"},\"potentialAction\":[{\"@type\":\"SearchAction\",\"target\":{\"@type\":\"EntryPoint\",\"urlTemplate\":\"https:\/\/autonomaprime.lv\/?s={search_term_string}\"},\"query-input\":\"required name=search_term_string\"}],\"inLanguage\":\"ru-RU\"},{\"@type\":\"Organization\",\"@id\":\"https:\/\/autonomaprime.lv\/#organization\",\"name\":\"Auto Noma | Iz\u012br\u0113 Automa\u0161\u012bnu Izdev\u012bgi | PrimeAuto\",\"url\":\"https:\/\/autonomaprime.lv\/\",\"logo\":{\"@type\":\"ImageObject\",\"inLanguage\":\"ru-RU\",\"@id\":\"https:\/\/autonomaprime.lv\/#\/schema\/logo\/image\/\",\"url\":\"https:\/\/autonomaprime.lv\/wp-content\/uploads\/2024\/02\/cropped-primeauto.webp\",\"contentUrl\":\"https:\/\/autonomaprime.lv\/wp-content\/uploads\/2024\/02\/cropped-primeauto.webp\",\"width\":387,\"height\":112,\"caption\":\"Auto Noma | Iz\u012br\u0113 Automa\u0161\u012bnu Izdev\u012bgi | PrimeAuto\"},\"image\":{\"@id\":\"https:\/\/autonomaprime.lv\/#\/schema\/logo\/image\/\"}}]}<\/script>\n<!-- \/ Yoast SEO plugin. -->","yoast_head_json":{"title":"Auto Noma AUDI A6 Avant Sport Ed '16 - Komforts un Elegance","description":"Auto Noma AUDI A6 Avant Sport Ed '16 par draudz\u012bgu cenu. Premimum l\u012bme\u0146a auto noma \u012bstermi\u0146am un ilgtermi\u0146am ar izpirkuma iesp\u0113ju","robots":{"index":"index","follow":"follow","max-snippet":"max-snippet:-1","max-image-preview":"max-image-preview:large","max-video-preview":"max-video-preview:-1"},"canonical":"https:\/\/autonomaprime.lv\/ru\/auto-noma\/audi-a6-avant-sport-ed-16\/","og_locale":"ru_RU","og_type":"article","og_title":"Auto Noma AUDI A6 Avant Sport Ed '16 - Komforts un Elegance","og_description":"Auto Noma AUDI A6 Avant Sport Ed '16 par draudz\u012bgu cenu. Premimum l\u012bme\u0146a auto noma \u012bstermi\u0146am un ilgtermi\u0146am ar izpirkuma iesp\u0113ju","og_url":"https:\/\/autonomaprime.lv\/ru\/auto-noma\/audi-a6-avant-sport-ed-16\/","og_site_name":"Auto Noma | Iz\u012br\u0113 Automa\u0161\u012bnu Izdev\u012bgi | PrimeAuto","article_modified_time":"2024-03-19T15:18:43+00:00","og_image":[{"width":1000,"height":667,"url":"https:\/\/autonomaprime.lv\/wp-content\/uploads\/2024\/02\/Audi-A6-Avant-Sport-Edition-2.0-TDI-Black-C7-4G-Facelift-1.jpg","type":"image\/jpeg"}],"twitter_card":"summary_large_image","twitter_misc":{"Est. reading time":"1 \u043c\u0438\u043d\u0443\u0442\u0430"},"schema":{"@context":"https:\/\/schema.org","@graph":[{"@type":"WebPage","@id":"https:\/\/autonomaprime.lv\/auto-noma\/audi-a6-avant-sport-ed-16\/","url":"https:\/\/autonomaprime.lv\/auto-noma\/audi-a6-avant-sport-ed-16\/","name":"Auto Noma AUDI A6 Avant Sport Ed '16 - Komforts un Elegance","isPartOf":{"@id":"https:\/\/autonomaprime.lv\/#website"},"datePublished":"2024-02-15T12:16:05+00:00","dateModified":"2024-03-19T15:18:43+00:00","description":"Auto Noma AUDI A6 Avant Sport Ed '16 par draudz\u012bgu cenu. Premimum l\u012bme\u0146a auto noma \u012bstermi\u0146am un ilgtermi\u0146am ar izpirkuma iesp\u0113ju","breadcrumb":{"@id":"https:\/\/autonomaprime.lv\/auto-noma\/audi-a6-avant-sport-ed-16\/#breadcrumb"},"inLanguage":"ru-RU","potentialAction":[{"@type":"ReadAction","target":["https:\/\/autonomaprime.lv\/auto-noma\/audi-a6-avant-sport-ed-16\/"]}]},{"@type":"BreadcrumbList","@id":"https:\/\/autonomaprime.lv\/auto-noma\/audi-a6-avant-sport-ed-16\/#breadcrumb","itemListElement":[{"@type":"ListItem","position":1,"name":"Home","item":"https:\/\/autonomaprime.lv\/"},{"@type":"ListItem","position":2,"name":"SandBox","item":"https:\/\/autonomaprime.lv\/sandbox\/"},{"@type":"ListItem","position":3,"name":"Auto Noma AUDI A6 Avant Sport Ed &#8217;16"}]},{"@type":"WebSite","@id":"https:\/\/autonomaprime.lv\/#website","url":"https:\/\/autonomaprime.lv\/","name":"Auto Noma | Iz\u012br\u0113 Automa\u0161\u012bnu Izdev\u012bgi | PrimeAuto","description":"","publisher":{"@id":"https:\/\/autonomaprime.lv\/#organization"},"potentialAction":[{"@type":"SearchAction","target":{"@type":"EntryPoint","urlTemplate":"https:\/\/autonomaprime.lv\/?s={search_term_string}"},"query-input":"required name=search_term_string"}],"inLanguage":"ru-RU"},{"@type":"Organization","@id":"https:\/\/autonomaprime.lv\/#organization","name":"Auto Noma | Iz\u012br\u0113 Automa\u0161\u012bnu Izdev\u012bgi | PrimeAuto","url":"https:\/\/autonomaprime.lv\/","logo":{"@type":"ImageObject","inLanguage":"ru-RU","@id":"https:\/\/autonomaprime.lv\/#\/schema\/logo\/image\/","url":"https:\/\/autonomaprime.lv\/wp-content\/uploads\/2024\/02\/cropped-primeauto.webp","contentUrl":"https:\/\/autonomaprime.lv\/wp-content\/uploads\/2024\/02\/cropped-primeauto.webp","width":387,"height":112,"caption":"Auto Noma | Iz\u012br\u0113 Automa\u0161\u012bnu Izdev\u012bgi | PrimeAuto"},"image":{"@id":"https:\/\/autonomaprime.lv\/#\/schema\/logo\/image\/"}}]}},"_links":{"self":[{"href":"https:\/\/autonomaprime.lv\/ru\/wp-json\/wp\/v2\/product\/255","targetHints":{"allow":["GET"]}}],"collection":[{"href":"https:\/\/autonomaprime.lv\/ru\/wp-json\/wp\/v2\/product"}],"about":[{"href":"https:\/\/autonomaprime.lv\/ru\/wp-json\/wp\/v2\/types\/product"}],"wp:featuredmedia":[{"embeddable":true,"href":"https:\/\/autonomaprime.lv\/ru\/wp-json\/wp\/v2\/media\/260"}],"wp:attachment":[{"href":"https:\/\/autonomaprime.lv\/ru\/wp-json\/wp\/v2\/media?parent=255"}],"wp:term":[{"taxonomy":"product_cat","embeddable":true,"href":"https:\/\/autonomaprime.lv\/ru\/wp-json\/wp\/v2\/product_cat?post=255"},{"taxonomy":"product_tag","embeddable":true,"href":"https:\/\/autonomaprime.lv\/ru\/wp-json\/wp\/v2\/product_tag?post=255"}],"curies":[{"name":"wp","href":"https:\/\/api.w.org\/{rel}","templated":true}]}}