{"id":241,"date":"2024-02-15T12:09:51","date_gmt":"2024-02-15T12:09:51","guid":{"rendered":"https:\/\/autonomaprime.lv\/?post_type=product&#038;p=241"},"modified":"2024-03-19T15:27:05","modified_gmt":"2024-03-19T15:27:05","slug":"vw-crafter-l2h2-30t","status":"publish","type":"product","link":"https:\/\/autonomaprime.lv\/ru\/auto-noma\/vw-crafter-l2h2-30t\/","title":{"rendered":"\u041f\u0440\u043e\u043a\u0430\u0442 \u0430\u0432\u0442\u043e\u043c\u043e\u0431\u0438\u043b\u044f VW CRAFTER L2H2 3.0T"},"content":{"rendered":"","protected":false},"excerpt":{"rendered":"<p>Iepaz\u012bstin\u0101m ar nomas busu &#8211; Volkswagen Crafter 3.0.\u00a0 VW Crafter ir apvieno jaudu, daudzpus\u012bbu un uzticam\u012bbu, \u0161is komerctransportl\u012bdzeklis ir izstr\u0101d\u0101ts, lai apmierin\u0101tu m\u016bsdienu lo\u0123istikas pras\u012bbas. Neatkar\u012bgi no t\u0101, vai p\u0101rvad\u0101jat preces vai sniedzat pakalpojumus, ar Crafter j\u016bs b\u016bsiet uz pareiz\u0101 ce\u013ca.\u00a0Zem p\u0101rsega atrodas 3,0 litru turbodzin\u0113js, kas nodro\u0161ina iespaid\u012bgu veiktsp\u0113jas un efektivit\u0101tes sasp\u0113li, nodro\u0161inot vienm\u0113r\u012bgu pa\u0101trin\u0101jumu un pietiekamu jaudu jebkuram uzdevumam. Ar savu iztur\u012bgo \u0161asiju un uzlaboto balstiek\u0101rtas sist\u0113mu, Volkswagen Crafter pied\u0101v\u0101 \u0113rtu brauk\u0161anu pat ar pilnu kravu. Crafter iek\u0161pus\u0113 ir pla\u0161a un ergonomiska kab\u012bne, kas nodro\u0161ina pietiekami daudz vietas gan vad\u012bt\u0101jam, gan pasa\u017eieriem. Ar intuit\u012bv\u0101m vad\u012bbas ier\u012bc\u0113m un viedajiem risin\u0101jumiem, Crafter nodro\u0161ina uzlabotu brauk\u0161anas pieredzi.\u00a0\u00a0Neatkar\u012bgi no t\u0101, vai p\u0101rvietojaties pa ros\u012bg\u0101m pils\u0113tas iel\u0101m vai braucat pa zemes ce\u013ciem, Volkswagen Crafter 3.0 ir gatavs pie\u0146emt jebkuru izaicin\u0101jumu. Atkl\u0101jiet izcilo veiktsp\u0113jas, daudzpus\u012bbas un uzticam\u012bbas kombin\u0101ciju ar Crafter jau \u0161odien.<\/p>","protected":false},"featured_media":840,"template":"","meta":[],"product_cat":[28,29],"product_tag":[],"class_list":{"0":"post-241","1":"product","2":"type-product","3":"status-publish","4":"has-post-thumbnail","6":"product_cat-mikroautobusu-noma","7":"product_cat-vw-mikroautobusu-noma","9":"first","10":"instock","11":"shipping-taxable","12":"purchasable","13":"product-type-ovabrw_car_rental"},"yoast_head":"<!-- This site is optimized with the Yoast SEO plugin v22.0 - https:\/\/yoast.com\/wordpress\/plugins\/seo\/ -->\n<title>Auto Noma VW CRAFTER L2H2 3,0T - Pied\u0101v\u0101jum\u0101 ietilp\u012bgi busi<\/title>\n<meta name=\"description\" content=\"Auto Noma VW CRAFTER L2H2 3,0T - ietilpigi premium l\u012bme\u0146a kravas busi par lielisku dienas maksu. Izv\u0113lies sav\u0101m vajadz\u012bb\u0101m piem\u0113rot\u0101ko\" \/>\n<meta name=\"robots\" content=\"index, follow, max-snippet:-1, max-image-preview:large, max-video-preview:-1\" \/>\n<link rel=\"canonical\" href=\"https:\/\/autonomaprime.lv\/ru\/auto-noma\/vw-crafter-l2h2-30t\/\" \/>\n<meta property=\"og:locale\" content=\"ru_RU\" \/>\n<meta property=\"og:type\" content=\"article\" \/>\n<meta property=\"og:title\" content=\"Auto Noma VW CRAFTER L2H2 3,0T - Pied\u0101v\u0101jum\u0101 ietilp\u012bgi busi\" \/>\n<meta property=\"og:description\" content=\"Auto Noma VW CRAFTER L2H2 3,0T - ietilpigi premium l\u012bme\u0146a kravas busi par lielisku dienas maksu. Izv\u0113lies sav\u0101m vajadz\u012bb\u0101m piem\u0113rot\u0101ko\" \/>\n<meta property=\"og:url\" content=\"https:\/\/autonomaprime.lv\/ru\/auto-noma\/vw-crafter-l2h2-30t\/\" \/>\n<meta property=\"og:site_name\" content=\"Auto Noma | Iz\u012br\u0113 Automa\u0161\u012bnu Izdev\u012bgi | PrimeAuto\" \/>\n<meta property=\"article:modified_time\" content=\"2024-03-19T15:27:05+00:00\" \/>\n<meta property=\"og:image\" content=\"https:\/\/autonomaprime.lv\/wp-content\/uploads\/2024\/02\/hh-removebg-preview.png\" \/>\n\t<meta property=\"og:image:width\" content=\"609\" \/>\n\t<meta property=\"og:image:height\" content=\"409\" \/>\n\t<meta property=\"og:image:type\" content=\"image\/png\" \/>\n<meta name=\"twitter:card\" content=\"summary_large_image\" \/>\n<meta name=\"twitter:label1\" content=\"Est. reading time\" \/>\n\t<meta name=\"twitter:data1\" content=\"1 \u043c\u0438\u043d\u0443\u0442\u0430\" \/>\n<script type=\"application\/ld+json\" class=\"yoast-schema-graph\">{\"@context\":\"https:\/\/schema.org\",\"@graph\":[{\"@type\":\"WebPage\",\"@id\":\"https:\/\/autonomaprime.lv\/auto-noma\/vw-crafter-l2h2-30t\/\",\"url\":\"https:\/\/autonomaprime.lv\/auto-noma\/vw-crafter-l2h2-30t\/\",\"name\":\"Auto Noma VW CRAFTER L2H2 3,0T - Pied\u0101v\u0101jum\u0101 ietilp\u012bgi busi\",\"isPartOf\":{\"@id\":\"https:\/\/autonomaprime.lv\/#website\"},\"datePublished\":\"2024-02-15T12:09:51+00:00\",\"dateModified\":\"2024-03-19T15:27:05+00:00\",\"description\":\"Auto Noma VW CRAFTER L2H2 3,0T - ietilpigi premium l\u012bme\u0146a kravas busi par lielisku dienas maksu. Izv\u0113lies sav\u0101m vajadz\u012bb\u0101m piem\u0113rot\u0101ko\",\"breadcrumb\":{\"@id\":\"https:\/\/autonomaprime.lv\/auto-noma\/vw-crafter-l2h2-30t\/#breadcrumb\"},\"inLanguage\":\"ru-RU\",\"potentialAction\":[{\"@type\":\"ReadAction\",\"target\":[\"https:\/\/autonomaprime.lv\/auto-noma\/vw-crafter-l2h2-30t\/\"]}]},{\"@type\":\"BreadcrumbList\",\"@id\":\"https:\/\/autonomaprime.lv\/auto-noma\/vw-crafter-l2h2-30t\/#breadcrumb\",\"itemListElement\":[{\"@type\":\"ListItem\",\"position\":1,\"name\":\"Home\",\"item\":\"https:\/\/autonomaprime.lv\/\"},{\"@type\":\"ListItem\",\"position\":2,\"name\":\"SandBox\",\"item\":\"https:\/\/autonomaprime.lv\/sandbox\/\"},{\"@type\":\"ListItem\",\"position\":3,\"name\":\"Auto Noma VW CRAFTER L2H2 3,0T\"}]},{\"@type\":\"WebSite\",\"@id\":\"https:\/\/autonomaprime.lv\/#website\",\"url\":\"https:\/\/autonomaprime.lv\/\",\"name\":\"Auto Noma | Iz\u012br\u0113 Automa\u0161\u012bnu Izdev\u012bgi | PrimeAuto\",\"description\":\"\",\"publisher\":{\"@id\":\"https:\/\/autonomaprime.lv\/#organization\"},\"potentialAction\":[{\"@type\":\"SearchAction\",\"target\":{\"@type\":\"EntryPoint\",\"urlTemplate\":\"https:\/\/autonomaprime.lv\/?s={search_term_string}\"},\"query-input\":\"required name=search_term_string\"}],\"inLanguage\":\"ru-RU\"},{\"@type\":\"Organization\",\"@id\":\"https:\/\/autonomaprime.lv\/#organization\",\"name\":\"Auto Noma | Iz\u012br\u0113 Automa\u0161\u012bnu Izdev\u012bgi | PrimeAuto\",\"url\":\"https:\/\/autonomaprime.lv\/\",\"logo\":{\"@type\":\"ImageObject\",\"inLanguage\":\"ru-RU\",\"@id\":\"https:\/\/autonomaprime.lv\/#\/schema\/logo\/image\/\",\"url\":\"https:\/\/autonomaprime.lv\/wp-content\/uploads\/2024\/02\/cropped-primeauto.webp\",\"contentUrl\":\"https:\/\/autonomaprime.lv\/wp-content\/uploads\/2024\/02\/cropped-primeauto.webp\",\"width\":387,\"height\":112,\"caption\":\"Auto Noma | Iz\u012br\u0113 Automa\u0161\u012bnu Izdev\u012bgi | PrimeAuto\"},\"image\":{\"@id\":\"https:\/\/autonomaprime.lv\/#\/schema\/logo\/image\/\"}}]}<\/script>\n<!-- \/ Yoast SEO plugin. -->","yoast_head_json":{"title":"Auto Noma VW CRAFTER L2H2 3,0T - Pied\u0101v\u0101jum\u0101 ietilp\u012bgi busi","description":"Auto Noma VW CRAFTER L2H2 3,0T - ietilpigi premium l\u012bme\u0146a kravas busi par lielisku dienas maksu. Izv\u0113lies sav\u0101m vajadz\u012bb\u0101m piem\u0113rot\u0101ko","robots":{"index":"index","follow":"follow","max-snippet":"max-snippet:-1","max-image-preview":"max-image-preview:large","max-video-preview":"max-video-preview:-1"},"canonical":"https:\/\/autonomaprime.lv\/ru\/auto-noma\/vw-crafter-l2h2-30t\/","og_locale":"ru_RU","og_type":"article","og_title":"Auto Noma VW CRAFTER L2H2 3,0T - Pied\u0101v\u0101jum\u0101 ietilp\u012bgi busi","og_description":"Auto Noma VW CRAFTER L2H2 3,0T - ietilpigi premium l\u012bme\u0146a kravas busi par lielisku dienas maksu. Izv\u0113lies sav\u0101m vajadz\u012bb\u0101m piem\u0113rot\u0101ko","og_url":"https:\/\/autonomaprime.lv\/ru\/auto-noma\/vw-crafter-l2h2-30t\/","og_site_name":"Auto Noma | Iz\u012br\u0113 Automa\u0161\u012bnu Izdev\u012bgi | PrimeAuto","article_modified_time":"2024-03-19T15:27:05+00:00","og_image":[{"width":609,"height":409,"url":"https:\/\/autonomaprime.lv\/wp-content\/uploads\/2024\/02\/hh-removebg-preview.png","type":"image\/png"}],"twitter_card":"summary_large_image","twitter_misc":{"Est. reading time":"1 \u043c\u0438\u043d\u0443\u0442\u0430"},"schema":{"@context":"https:\/\/schema.org","@graph":[{"@type":"WebPage","@id":"https:\/\/autonomaprime.lv\/auto-noma\/vw-crafter-l2h2-30t\/","url":"https:\/\/autonomaprime.lv\/auto-noma\/vw-crafter-l2h2-30t\/","name":"Auto Noma VW CRAFTER L2H2 3,0T - Pied\u0101v\u0101jum\u0101 ietilp\u012bgi busi","isPartOf":{"@id":"https:\/\/autonomaprime.lv\/#website"},"datePublished":"2024-02-15T12:09:51+00:00","dateModified":"2024-03-19T15:27:05+00:00","description":"Auto Noma VW CRAFTER L2H2 3,0T - ietilpigi premium l\u012bme\u0146a kravas busi par lielisku dienas maksu. Izv\u0113lies sav\u0101m vajadz\u012bb\u0101m piem\u0113rot\u0101ko","breadcrumb":{"@id":"https:\/\/autonomaprime.lv\/auto-noma\/vw-crafter-l2h2-30t\/#breadcrumb"},"inLanguage":"ru-RU","potentialAction":[{"@type":"ReadAction","target":["https:\/\/autonomaprime.lv\/auto-noma\/vw-crafter-l2h2-30t\/"]}]},{"@type":"BreadcrumbList","@id":"https:\/\/autonomaprime.lv\/auto-noma\/vw-crafter-l2h2-30t\/#breadcrumb","itemListElement":[{"@type":"ListItem","position":1,"name":"Home","item":"https:\/\/autonomaprime.lv\/"},{"@type":"ListItem","position":2,"name":"SandBox","item":"https:\/\/autonomaprime.lv\/sandbox\/"},{"@type":"ListItem","position":3,"name":"Auto Noma VW CRAFTER L2H2 3,0T"}]},{"@type":"WebSite","@id":"https:\/\/autonomaprime.lv\/#website","url":"https:\/\/autonomaprime.lv\/","name":"Auto Noma | Iz\u012br\u0113 Automa\u0161\u012bnu Izdev\u012bgi | PrimeAuto","description":"","publisher":{"@id":"https:\/\/autonomaprime.lv\/#organization"},"potentialAction":[{"@type":"SearchAction","target":{"@type":"EntryPoint","urlTemplate":"https:\/\/autonomaprime.lv\/?s={search_term_string}"},"query-input":"required name=search_term_string"}],"inLanguage":"ru-RU"},{"@type":"Organization","@id":"https:\/\/autonomaprime.lv\/#organization","name":"Auto Noma | Iz\u012br\u0113 Automa\u0161\u012bnu Izdev\u012bgi | PrimeAuto","url":"https:\/\/autonomaprime.lv\/","logo":{"@type":"ImageObject","inLanguage":"ru-RU","@id":"https:\/\/autonomaprime.lv\/#\/schema\/logo\/image\/","url":"https:\/\/autonomaprime.lv\/wp-content\/uploads\/2024\/02\/cropped-primeauto.webp","contentUrl":"https:\/\/autonomaprime.lv\/wp-content\/uploads\/2024\/02\/cropped-primeauto.webp","width":387,"height":112,"caption":"Auto Noma | Iz\u012br\u0113 Automa\u0161\u012bnu Izdev\u012bgi | PrimeAuto"},"image":{"@id":"https:\/\/autonomaprime.lv\/#\/schema\/logo\/image\/"}}]}},"_links":{"self":[{"href":"https:\/\/autonomaprime.lv\/ru\/wp-json\/wp\/v2\/product\/241","targetHints":{"allow":["GET"]}}],"collection":[{"href":"https:\/\/autonomaprime.lv\/ru\/wp-json\/wp\/v2\/product"}],"about":[{"href":"https:\/\/autonomaprime.lv\/ru\/wp-json\/wp\/v2\/types\/product"}],"wp:featuredmedia":[{"embeddable":true,"href":"https:\/\/autonomaprime.lv\/ru\/wp-json\/wp\/v2\/media\/840"}],"wp:attachment":[{"href":"https:\/\/autonomaprime.lv\/ru\/wp-json\/wp\/v2\/media?parent=241"}],"wp:term":[{"taxonomy":"product_cat","embeddable":true,"href":"https:\/\/autonomaprime.lv\/ru\/wp-json\/wp\/v2\/product_cat?post=241"},{"taxonomy":"product_tag","embeddable":true,"href":"https:\/\/autonomaprime.lv\/ru\/wp-json\/wp\/v2\/product_tag?post=241"}],"curies":[{"name":"wp","href":"https:\/\/api.w.org\/{rel}","templated":true}]}}