{"id":231,"date":"2024-02-15T12:05:30","date_gmt":"2024-02-15T12:05:30","guid":{"rendered":"https:\/\/autonomaprime.lv\/?post_type=product&#038;p=231"},"modified":"2024-03-19T15:30:31","modified_gmt":"2024-03-19T15:30:31","slug":"peugeot-boxer-l2h2","status":"publish","type":"product","link":"https:\/\/autonomaprime.lv\/ru\/auto-noma\/peugeot-boxer-l2h2\/","title":{"rendered":"\u041f\u0440\u043e\u043a\u0430\u0442 \u0430\u0432\u0442\u043e\u043c\u043e\u0431\u0438\u043b\u0435\u0439 PEUGEOT BOXER L2H2"},"content":{"rendered":"","protected":false},"excerpt":{"rendered":"<p>Iepaz\u012bstin\u0101m ar nomas automa\u0161\u012bnu Peugeot Boxer 2.0 \u2014 jaud\u012bgu un daudzpus\u012bgu komerci\u0101lo transportl\u012bdzekli, kas izstr\u0101d\u0101ts m\u016bsdienu biznesa pras\u012bb\u0101m. Ar iztur\u012bgo 96 kW dzin\u0113ju, \u0161is 3,5 tonnas smagais automobilis bez piep\u016bles apvieno veiktsp\u0113ju ar efektivit\u0101ti. Apr\u012bkots ar pla\u0161u kravas zonu, Peugeot Boxer 2.0 pied\u0101v\u0101 pietiekami daudz vietas vis\u0101m j\u016bsu transport\u0113\u0161anas vajadz\u012bb\u0101m, padarot to par ide\u0101lu kompanjonu pre\u010du vai da\u017e\u0101du sadz\u012bves tehniku u.c. p\u0101rvad\u0101\u0161anai. T\u0101 ergonomiskais dizains un intuit\u012bv\u0101s funkcijas nodro\u0161ina komfortu un \u0113rt\u012bbas vad\u012bt\u0101jiem, savuk\u0101rt uzlabot\u0101s dro\u0161\u012bbas sist\u0113mas nodro\u0161ina sirdsmieru katr\u0101 braucien\u0101. Peugeot Boxer 2.0 nodro\u0161ina izcilu vad\u0101m\u012bbu, esot par uzticamu transportl\u012bdzekli jebkura lieluma uzdevumam. Atkl\u0101jiet perfektu jaudas, uzticam\u012bbas un praktiskuma l\u012bdzsvaru ar Peugeot Boxer 2.0.<\/p>","protected":false},"featured_media":841,"template":"","meta":[],"product_cat":[28,35],"product_tag":[],"class_list":{"0":"post-231","1":"product","2":"type-product","3":"status-publish","4":"has-post-thumbnail","6":"product_cat-mikroautobusu-noma","7":"product_cat-peugeot","9":"first","10":"instock","11":"shipping-taxable","12":"purchasable","13":"product-type-ovabrw_car_rental"},"yoast_head":"<!-- This site is optimized with the Yoast SEO plugin v22.0 - https:\/\/yoast.com\/wordpress\/plugins\/seo\/ -->\n<title>Auto Noma PEUGEOT BOXER L2H2 - piepras\u012bts komerctransports<\/title>\n<meta name=\"description\" content=\"Auto Noma PEUGEOT BOXER L2H2 - ietilp\u012bgi, komfortabli, premium l\u012bme\u0146a busi \u012brei. Pla\u0161s komerctransportu kl\u0101sts \u012bstermi\u0146a un ilgtermi\u0146a nomai\" \/>\n<meta name=\"robots\" content=\"index, follow, max-snippet:-1, max-image-preview:large, max-video-preview:-1\" \/>\n<link rel=\"canonical\" href=\"https:\/\/autonomaprime.lv\/ru\/auto-noma\/peugeot-boxer-l2h2\/\" \/>\n<meta property=\"og:locale\" content=\"ru_RU\" \/>\n<meta property=\"og:type\" content=\"article\" \/>\n<meta property=\"og:title\" content=\"Auto Noma PEUGEOT BOXER L2H2 - piepras\u012bts komerctransports\" \/>\n<meta property=\"og:description\" content=\"Auto Noma PEUGEOT BOXER L2H2 - ietilp\u012bgi, komfortabli, premium l\u012bme\u0146a busi \u012brei. Pla\u0161s komerctransportu kl\u0101sts \u012bstermi\u0146a un ilgtermi\u0146a nomai\" \/>\n<meta property=\"og:url\" content=\"https:\/\/autonomaprime.lv\/ru\/auto-noma\/peugeot-boxer-l2h2\/\" \/>\n<meta property=\"og:site_name\" content=\"Auto Noma | Iz\u012br\u0113 Automa\u0161\u012bnu Izdev\u012bgi | PrimeAuto\" \/>\n<meta property=\"article:modified_time\" content=\"2024-03-19T15:30:31+00:00\" \/>\n<meta property=\"og:image\" content=\"https:\/\/autonomaprime.lv\/wp-content\/uploads\/2024\/02\/jj-removebg-preview.png\" \/>\n\t<meta property=\"og:image:width\" content=\"640\" \/>\n\t<meta property=\"og:image:height\" content=\"390\" \/>\n\t<meta property=\"og:image:type\" content=\"image\/png\" \/>\n<meta name=\"twitter:card\" content=\"summary_large_image\" \/>\n<meta name=\"twitter:label1\" content=\"Est. reading time\" \/>\n\t<meta name=\"twitter:data1\" content=\"1 \u043c\u0438\u043d\u0443\u0442\u0430\" \/>\n<script type=\"application\/ld+json\" class=\"yoast-schema-graph\">{\"@context\":\"https:\/\/schema.org\",\"@graph\":[{\"@type\":\"WebPage\",\"@id\":\"https:\/\/autonomaprime.lv\/auto-noma\/peugeot-boxer-l2h2\/\",\"url\":\"https:\/\/autonomaprime.lv\/auto-noma\/peugeot-boxer-l2h2\/\",\"name\":\"Auto Noma PEUGEOT BOXER L2H2 - piepras\u012bts komerctransports\",\"isPartOf\":{\"@id\":\"https:\/\/autonomaprime.lv\/#website\"},\"datePublished\":\"2024-02-15T12:05:30+00:00\",\"dateModified\":\"2024-03-19T15:30:31+00:00\",\"description\":\"Auto Noma PEUGEOT BOXER L2H2 - ietilp\u012bgi, komfortabli, premium l\u012bme\u0146a busi \u012brei. Pla\u0161s komerctransportu kl\u0101sts \u012bstermi\u0146a un ilgtermi\u0146a nomai\",\"breadcrumb\":{\"@id\":\"https:\/\/autonomaprime.lv\/auto-noma\/peugeot-boxer-l2h2\/#breadcrumb\"},\"inLanguage\":\"ru-RU\",\"potentialAction\":[{\"@type\":\"ReadAction\",\"target\":[\"https:\/\/autonomaprime.lv\/auto-noma\/peugeot-boxer-l2h2\/\"]}]},{\"@type\":\"BreadcrumbList\",\"@id\":\"https:\/\/autonomaprime.lv\/auto-noma\/peugeot-boxer-l2h2\/#breadcrumb\",\"itemListElement\":[{\"@type\":\"ListItem\",\"position\":1,\"name\":\"Home\",\"item\":\"https:\/\/autonomaprime.lv\/\"},{\"@type\":\"ListItem\",\"position\":2,\"name\":\"SandBox\",\"item\":\"https:\/\/autonomaprime.lv\/sandbox\/\"},{\"@type\":\"ListItem\",\"position\":3,\"name\":\"Auto Noma PEUGEOT BOXER L2H2\"}]},{\"@type\":\"WebSite\",\"@id\":\"https:\/\/autonomaprime.lv\/#website\",\"url\":\"https:\/\/autonomaprime.lv\/\",\"name\":\"Auto Noma | Iz\u012br\u0113 Automa\u0161\u012bnu Izdev\u012bgi | PrimeAuto\",\"description\":\"\",\"publisher\":{\"@id\":\"https:\/\/autonomaprime.lv\/#organization\"},\"potentialAction\":[{\"@type\":\"SearchAction\",\"target\":{\"@type\":\"EntryPoint\",\"urlTemplate\":\"https:\/\/autonomaprime.lv\/?s={search_term_string}\"},\"query-input\":\"required name=search_term_string\"}],\"inLanguage\":\"ru-RU\"},{\"@type\":\"Organization\",\"@id\":\"https:\/\/autonomaprime.lv\/#organization\",\"name\":\"Auto Noma | Iz\u012br\u0113 Automa\u0161\u012bnu Izdev\u012bgi | PrimeAuto\",\"url\":\"https:\/\/autonomaprime.lv\/\",\"logo\":{\"@type\":\"ImageObject\",\"inLanguage\":\"ru-RU\",\"@id\":\"https:\/\/autonomaprime.lv\/#\/schema\/logo\/image\/\",\"url\":\"https:\/\/autonomaprime.lv\/wp-content\/uploads\/2024\/02\/cropped-primeauto.webp\",\"contentUrl\":\"https:\/\/autonomaprime.lv\/wp-content\/uploads\/2024\/02\/cropped-primeauto.webp\",\"width\":387,\"height\":112,\"caption\":\"Auto Noma | Iz\u012br\u0113 Automa\u0161\u012bnu Izdev\u012bgi | PrimeAuto\"},\"image\":{\"@id\":\"https:\/\/autonomaprime.lv\/#\/schema\/logo\/image\/\"}}]}<\/script>\n<!-- \/ Yoast SEO plugin. -->","yoast_head_json":{"title":"Auto Noma PEUGEOT BOXER L2H2 - piepras\u012bts komerctransports","description":"Auto Noma PEUGEOT BOXER L2H2 - ietilp\u012bgi, komfortabli, premium l\u012bme\u0146a busi \u012brei. Pla\u0161s komerctransportu kl\u0101sts \u012bstermi\u0146a un ilgtermi\u0146a nomai","robots":{"index":"index","follow":"follow","max-snippet":"max-snippet:-1","max-image-preview":"max-image-preview:large","max-video-preview":"max-video-preview:-1"},"canonical":"https:\/\/autonomaprime.lv\/ru\/auto-noma\/peugeot-boxer-l2h2\/","og_locale":"ru_RU","og_type":"article","og_title":"Auto Noma PEUGEOT BOXER L2H2 - piepras\u012bts komerctransports","og_description":"Auto Noma PEUGEOT BOXER L2H2 - ietilp\u012bgi, komfortabli, premium l\u012bme\u0146a busi \u012brei. Pla\u0161s komerctransportu kl\u0101sts \u012bstermi\u0146a un ilgtermi\u0146a nomai","og_url":"https:\/\/autonomaprime.lv\/ru\/auto-noma\/peugeot-boxer-l2h2\/","og_site_name":"Auto Noma | Iz\u012br\u0113 Automa\u0161\u012bnu Izdev\u012bgi | PrimeAuto","article_modified_time":"2024-03-19T15:30:31+00:00","og_image":[{"width":640,"height":390,"url":"https:\/\/autonomaprime.lv\/wp-content\/uploads\/2024\/02\/jj-removebg-preview.png","type":"image\/png"}],"twitter_card":"summary_large_image","twitter_misc":{"Est. reading time":"1 \u043c\u0438\u043d\u0443\u0442\u0430"},"schema":{"@context":"https:\/\/schema.org","@graph":[{"@type":"WebPage","@id":"https:\/\/autonomaprime.lv\/auto-noma\/peugeot-boxer-l2h2\/","url":"https:\/\/autonomaprime.lv\/auto-noma\/peugeot-boxer-l2h2\/","name":"Auto Noma PEUGEOT BOXER L2H2 - piepras\u012bts komerctransports","isPartOf":{"@id":"https:\/\/autonomaprime.lv\/#website"},"datePublished":"2024-02-15T12:05:30+00:00","dateModified":"2024-03-19T15:30:31+00:00","description":"Auto Noma PEUGEOT BOXER L2H2 - ietilp\u012bgi, komfortabli, premium l\u012bme\u0146a busi \u012brei. Pla\u0161s komerctransportu kl\u0101sts \u012bstermi\u0146a un ilgtermi\u0146a nomai","breadcrumb":{"@id":"https:\/\/autonomaprime.lv\/auto-noma\/peugeot-boxer-l2h2\/#breadcrumb"},"inLanguage":"ru-RU","potentialAction":[{"@type":"ReadAction","target":["https:\/\/autonomaprime.lv\/auto-noma\/peugeot-boxer-l2h2\/"]}]},{"@type":"BreadcrumbList","@id":"https:\/\/autonomaprime.lv\/auto-noma\/peugeot-boxer-l2h2\/#breadcrumb","itemListElement":[{"@type":"ListItem","position":1,"name":"Home","item":"https:\/\/autonomaprime.lv\/"},{"@type":"ListItem","position":2,"name":"SandBox","item":"https:\/\/autonomaprime.lv\/sandbox\/"},{"@type":"ListItem","position":3,"name":"Auto Noma PEUGEOT BOXER L2H2"}]},{"@type":"WebSite","@id":"https:\/\/autonomaprime.lv\/#website","url":"https:\/\/autonomaprime.lv\/","name":"Auto Noma | Iz\u012br\u0113 Automa\u0161\u012bnu Izdev\u012bgi | PrimeAuto","description":"","publisher":{"@id":"https:\/\/autonomaprime.lv\/#organization"},"potentialAction":[{"@type":"SearchAction","target":{"@type":"EntryPoint","urlTemplate":"https:\/\/autonomaprime.lv\/?s={search_term_string}"},"query-input":"required name=search_term_string"}],"inLanguage":"ru-RU"},{"@type":"Organization","@id":"https:\/\/autonomaprime.lv\/#organization","name":"Auto Noma | Iz\u012br\u0113 Automa\u0161\u012bnu Izdev\u012bgi | PrimeAuto","url":"https:\/\/autonomaprime.lv\/","logo":{"@type":"ImageObject","inLanguage":"ru-RU","@id":"https:\/\/autonomaprime.lv\/#\/schema\/logo\/image\/","url":"https:\/\/autonomaprime.lv\/wp-content\/uploads\/2024\/02\/cropped-primeauto.webp","contentUrl":"https:\/\/autonomaprime.lv\/wp-content\/uploads\/2024\/02\/cropped-primeauto.webp","width":387,"height":112,"caption":"Auto Noma | Iz\u012br\u0113 Automa\u0161\u012bnu Izdev\u012bgi | PrimeAuto"},"image":{"@id":"https:\/\/autonomaprime.lv\/#\/schema\/logo\/image\/"}}]}},"_links":{"self":[{"href":"https:\/\/autonomaprime.lv\/ru\/wp-json\/wp\/v2\/product\/231","targetHints":{"allow":["GET"]}}],"collection":[{"href":"https:\/\/autonomaprime.lv\/ru\/wp-json\/wp\/v2\/product"}],"about":[{"href":"https:\/\/autonomaprime.lv\/ru\/wp-json\/wp\/v2\/types\/product"}],"wp:featuredmedia":[{"embeddable":true,"href":"https:\/\/autonomaprime.lv\/ru\/wp-json\/wp\/v2\/media\/841"}],"wp:attachment":[{"href":"https:\/\/autonomaprime.lv\/ru\/wp-json\/wp\/v2\/media?parent=231"}],"wp:term":[{"taxonomy":"product_cat","embeddable":true,"href":"https:\/\/autonomaprime.lv\/ru\/wp-json\/wp\/v2\/product_cat?post=231"},{"taxonomy":"product_tag","embeddable":true,"href":"https:\/\/autonomaprime.lv\/ru\/wp-json\/wp\/v2\/product_tag?post=231"}],"curies":[{"name":"wp","href":"https:\/\/api.w.org\/{rel}","templated":true}]}}