{"id":226,"date":"2024-02-15T12:02:03","date_gmt":"2024-02-15T12:02:03","guid":{"rendered":"https:\/\/autonomaprime.lv\/?post_type=product&#038;p=226"},"modified":"2024-03-19T15:36:25","modified_gmt":"2024-03-19T15:36:25","slug":"opel-movano-l2h2","status":"publish","type":"product","link":"https:\/\/autonomaprime.lv\/ru\/auto-noma\/opel-movano-l2h2\/","title":{"rendered":"\u041f\u0440\u043e\u043a\u0430\u0442 \u0430\u0432\u0442\u043e\u043c\u043e\u0431\u0438\u043b\u0435\u0439 OPEL MOVANO L2H2"},"content":{"rendered":"","protected":false},"excerpt":{"rendered":"<p>Iepaz\u012bstin\u0101m ar nomas automa\u0161\u012bnu Opel Movano B 3.5 T.\u00a0 \u0160is komerci\u0101lais transportl\u012bdzeklis ir izstr\u0101d\u0101ts, lai apmierin\u0101tu m\u016bsdienu p\u0101rvad\u0101jumu pras\u012bbas, pied\u0101v\u0101jot nep\u0101rsp\u0113jamu uzticam\u012bbu, ietilp\u012bbu un darba efektivit\u0101ti. Ar savu iztur\u012bgo uzb\u016bvi un ietilp\u012bgo interjeru, Movano B 3.5 T ir ide\u0101ls risin\u0101jums pre\u010du, apr\u012bkojumu transport\u0113\u0161anai. Apr\u012bkots ar jaud\u012bgu dzin\u0113ju, \u0161is auto bez piep\u016bles risina jebkuru uzdevumu, vienlaikus saglab\u0101jot iespaid\u012bgu degvielas pat\u0113ri\u0146a efektivit\u0101ti, nodro\u0161inot, ka j\u016bsu finanses ir ieekonom\u0113tas. Pla\u0161aj\u0101 kravas nodal\u012bjum\u0101 ir pietiekami daudz vietas kravai.\u00a0Salon\u0101 priek\u0161roka tiek dota komfortam un \u0113rt\u012bb\u0101m, ar ergonomisk\u0101m s\u0113dviet\u0101m un intuit\u012bv\u0101m vad\u012bbas ier\u012bc\u0113m, kas padara garus braucienusdaudz \u0113rt\u0101kus. Uzlabot\u0101s dro\u0161\u012bbas funkcijas nodro\u0161ina sirdsmieru uz ce\u013ca. Opel Movano B 3.5 T nodro\u0161ina veiktsp\u0113ju, daudzpus\u012bbu un uzticam\u012bbu, kas nepiecie\u0161ama j\u016bsu biznesa att\u012bst\u012bbai. Atkl\u0101jiet jaunu efektivit\u0101tes un produktivit\u0101tes l\u012bmeni ar Movano B 3.5 T jau \u0161odien.<\/p>","protected":false},"featured_media":854,"template":"","meta":[],"product_cat":[28,34],"product_tag":[],"class_list":{"0":"post-226","1":"product","2":"type-product","3":"status-publish","4":"has-post-thumbnail","6":"product_cat-mikroautobusu-noma","7":"product_cat-opel","9":"first","10":"instock","11":"shipping-taxable","12":"purchasable","13":"product-type-ovabrw_car_rental"},"yoast_head":"<!-- This site is optimized with the Yoast SEO plugin v22.0 - https:\/\/yoast.com\/wordpress\/plugins\/seo\/ -->\n<title>Auto Noma OPEL MOVANO L2H2 - Premium l\u012bme\u0146a busi \u012brei<\/title>\n<meta name=\"description\" content=\"Auto Noma Opel Movano L2H2 - ietilp\u012bgi, komfortabli, premium l\u012bme\u0146a busi \u012brei. Pla\u0161s komerctransportu kl\u0101sts \u012bstermi\u0146a un ilgtermi\u0146a nomai\" \/>\n<meta name=\"robots\" content=\"index, follow, max-snippet:-1, max-image-preview:large, max-video-preview:-1\" \/>\n<link rel=\"canonical\" href=\"https:\/\/autonomaprime.lv\/ru\/auto-noma\/opel-movano-l2h2\/\" \/>\n<meta property=\"og:locale\" content=\"ru_RU\" \/>\n<meta property=\"og:type\" content=\"article\" \/>\n<meta property=\"og:title\" content=\"Auto Noma OPEL MOVANO L2H2 - Premium l\u012bme\u0146a busi \u012brei\" \/>\n<meta property=\"og:description\" content=\"Auto Noma Opel Movano L2H2 - ietilp\u012bgi, komfortabli, premium l\u012bme\u0146a busi \u012brei. Pla\u0161s komerctransportu kl\u0101sts \u012bstermi\u0146a un ilgtermi\u0146a nomai\" \/>\n<meta property=\"og:url\" content=\"https:\/\/autonomaprime.lv\/ru\/auto-noma\/opel-movano-l2h2\/\" \/>\n<meta property=\"og:site_name\" content=\"Auto Noma | Iz\u012br\u0113 Automa\u0161\u012bnu Izdev\u012bgi | PrimeAuto\" \/>\n<meta property=\"article:modified_time\" content=\"2024-03-19T15:36:25+00:00\" \/>\n<meta property=\"og:image\" content=\"https:\/\/autonomaprime.lv\/wp-content\/uploads\/2024\/02\/photo_2021-11-19_20-32-40__1_-removebg-preview.png\" \/>\n\t<meta property=\"og:image:width\" content=\"577\" \/>\n\t<meta property=\"og:image:height\" content=\"433\" \/>\n\t<meta property=\"og:image:type\" content=\"image\/png\" \/>\n<meta name=\"twitter:card\" content=\"summary_large_image\" \/>\n<meta name=\"twitter:label1\" content=\"Est. reading time\" \/>\n\t<meta name=\"twitter:data1\" content=\"1 \u043c\u0438\u043d\u0443\u0442\u0430\" \/>\n<script type=\"application\/ld+json\" class=\"yoast-schema-graph\">{\"@context\":\"https:\/\/schema.org\",\"@graph\":[{\"@type\":\"WebPage\",\"@id\":\"https:\/\/autonomaprime.lv\/auto-noma\/opel-movano-l2h2\/\",\"url\":\"https:\/\/autonomaprime.lv\/auto-noma\/opel-movano-l2h2\/\",\"name\":\"Auto Noma OPEL MOVANO L2H2 - Premium l\u012bme\u0146a busi \u012brei\",\"isPartOf\":{\"@id\":\"https:\/\/autonomaprime.lv\/#website\"},\"datePublished\":\"2024-02-15T12:02:03+00:00\",\"dateModified\":\"2024-03-19T15:36:25+00:00\",\"description\":\"Auto Noma Opel Movano L2H2 - ietilp\u012bgi, komfortabli, premium l\u012bme\u0146a busi \u012brei. Pla\u0161s komerctransportu kl\u0101sts \u012bstermi\u0146a un ilgtermi\u0146a nomai\",\"breadcrumb\":{\"@id\":\"https:\/\/autonomaprime.lv\/auto-noma\/opel-movano-l2h2\/#breadcrumb\"},\"inLanguage\":\"ru-RU\",\"potentialAction\":[{\"@type\":\"ReadAction\",\"target\":[\"https:\/\/autonomaprime.lv\/auto-noma\/opel-movano-l2h2\/\"]}]},{\"@type\":\"BreadcrumbList\",\"@id\":\"https:\/\/autonomaprime.lv\/auto-noma\/opel-movano-l2h2\/#breadcrumb\",\"itemListElement\":[{\"@type\":\"ListItem\",\"position\":1,\"name\":\"Home\",\"item\":\"https:\/\/autonomaprime.lv\/\"},{\"@type\":\"ListItem\",\"position\":2,\"name\":\"SandBox\",\"item\":\"https:\/\/autonomaprime.lv\/sandbox\/\"},{\"@type\":\"ListItem\",\"position\":3,\"name\":\"Auto Noma OPEL MOVANO L2H2\"}]},{\"@type\":\"WebSite\",\"@id\":\"https:\/\/autonomaprime.lv\/#website\",\"url\":\"https:\/\/autonomaprime.lv\/\",\"name\":\"Auto Noma | Iz\u012br\u0113 Automa\u0161\u012bnu Izdev\u012bgi | PrimeAuto\",\"description\":\"\",\"publisher\":{\"@id\":\"https:\/\/autonomaprime.lv\/#organization\"},\"potentialAction\":[{\"@type\":\"SearchAction\",\"target\":{\"@type\":\"EntryPoint\",\"urlTemplate\":\"https:\/\/autonomaprime.lv\/?s={search_term_string}\"},\"query-input\":\"required name=search_term_string\"}],\"inLanguage\":\"ru-RU\"},{\"@type\":\"Organization\",\"@id\":\"https:\/\/autonomaprime.lv\/#organization\",\"name\":\"Auto Noma | Iz\u012br\u0113 Automa\u0161\u012bnu Izdev\u012bgi | PrimeAuto\",\"url\":\"https:\/\/autonomaprime.lv\/\",\"logo\":{\"@type\":\"ImageObject\",\"inLanguage\":\"ru-RU\",\"@id\":\"https:\/\/autonomaprime.lv\/#\/schema\/logo\/image\/\",\"url\":\"https:\/\/autonomaprime.lv\/wp-content\/uploads\/2024\/02\/cropped-primeauto.webp\",\"contentUrl\":\"https:\/\/autonomaprime.lv\/wp-content\/uploads\/2024\/02\/cropped-primeauto.webp\",\"width\":387,\"height\":112,\"caption\":\"Auto Noma | Iz\u012br\u0113 Automa\u0161\u012bnu Izdev\u012bgi | PrimeAuto\"},\"image\":{\"@id\":\"https:\/\/autonomaprime.lv\/#\/schema\/logo\/image\/\"}}]}<\/script>\n<!-- \/ Yoast SEO plugin. -->","yoast_head_json":{"title":"Auto Noma OPEL MOVANO L2H2 - Premium l\u012bme\u0146a busi \u012brei","description":"Auto Noma Opel Movano L2H2 - ietilp\u012bgi, komfortabli, premium l\u012bme\u0146a busi \u012brei. Pla\u0161s komerctransportu kl\u0101sts \u012bstermi\u0146a un ilgtermi\u0146a nomai","robots":{"index":"index","follow":"follow","max-snippet":"max-snippet:-1","max-image-preview":"max-image-preview:large","max-video-preview":"max-video-preview:-1"},"canonical":"https:\/\/autonomaprime.lv\/ru\/auto-noma\/opel-movano-l2h2\/","og_locale":"ru_RU","og_type":"article","og_title":"Auto Noma OPEL MOVANO L2H2 - Premium l\u012bme\u0146a busi \u012brei","og_description":"Auto Noma Opel Movano L2H2 - ietilp\u012bgi, komfortabli, premium l\u012bme\u0146a busi \u012brei. Pla\u0161s komerctransportu kl\u0101sts \u012bstermi\u0146a un ilgtermi\u0146a nomai","og_url":"https:\/\/autonomaprime.lv\/ru\/auto-noma\/opel-movano-l2h2\/","og_site_name":"Auto Noma | Iz\u012br\u0113 Automa\u0161\u012bnu Izdev\u012bgi | PrimeAuto","article_modified_time":"2024-03-19T15:36:25+00:00","og_image":[{"width":577,"height":433,"url":"https:\/\/autonomaprime.lv\/wp-content\/uploads\/2024\/02\/photo_2021-11-19_20-32-40__1_-removebg-preview.png","type":"image\/png"}],"twitter_card":"summary_large_image","twitter_misc":{"Est. reading time":"1 \u043c\u0438\u043d\u0443\u0442\u0430"},"schema":{"@context":"https:\/\/schema.org","@graph":[{"@type":"WebPage","@id":"https:\/\/autonomaprime.lv\/auto-noma\/opel-movano-l2h2\/","url":"https:\/\/autonomaprime.lv\/auto-noma\/opel-movano-l2h2\/","name":"Auto Noma OPEL MOVANO L2H2 - Premium l\u012bme\u0146a busi \u012brei","isPartOf":{"@id":"https:\/\/autonomaprime.lv\/#website"},"datePublished":"2024-02-15T12:02:03+00:00","dateModified":"2024-03-19T15:36:25+00:00","description":"Auto Noma Opel Movano L2H2 - ietilp\u012bgi, komfortabli, premium l\u012bme\u0146a busi \u012brei. Pla\u0161s komerctransportu kl\u0101sts \u012bstermi\u0146a un ilgtermi\u0146a nomai","breadcrumb":{"@id":"https:\/\/autonomaprime.lv\/auto-noma\/opel-movano-l2h2\/#breadcrumb"},"inLanguage":"ru-RU","potentialAction":[{"@type":"ReadAction","target":["https:\/\/autonomaprime.lv\/auto-noma\/opel-movano-l2h2\/"]}]},{"@type":"BreadcrumbList","@id":"https:\/\/autonomaprime.lv\/auto-noma\/opel-movano-l2h2\/#breadcrumb","itemListElement":[{"@type":"ListItem","position":1,"name":"Home","item":"https:\/\/autonomaprime.lv\/"},{"@type":"ListItem","position":2,"name":"SandBox","item":"https:\/\/autonomaprime.lv\/sandbox\/"},{"@type":"ListItem","position":3,"name":"Auto Noma OPEL MOVANO L2H2"}]},{"@type":"WebSite","@id":"https:\/\/autonomaprime.lv\/#website","url":"https:\/\/autonomaprime.lv\/","name":"Auto Noma | Iz\u012br\u0113 Automa\u0161\u012bnu Izdev\u012bgi | PrimeAuto","description":"","publisher":{"@id":"https:\/\/autonomaprime.lv\/#organization"},"potentialAction":[{"@type":"SearchAction","target":{"@type":"EntryPoint","urlTemplate":"https:\/\/autonomaprime.lv\/?s={search_term_string}"},"query-input":"required name=search_term_string"}],"inLanguage":"ru-RU"},{"@type":"Organization","@id":"https:\/\/autonomaprime.lv\/#organization","name":"Auto Noma | Iz\u012br\u0113 Automa\u0161\u012bnu Izdev\u012bgi | PrimeAuto","url":"https:\/\/autonomaprime.lv\/","logo":{"@type":"ImageObject","inLanguage":"ru-RU","@id":"https:\/\/autonomaprime.lv\/#\/schema\/logo\/image\/","url":"https:\/\/autonomaprime.lv\/wp-content\/uploads\/2024\/02\/cropped-primeauto.webp","contentUrl":"https:\/\/autonomaprime.lv\/wp-content\/uploads\/2024\/02\/cropped-primeauto.webp","width":387,"height":112,"caption":"Auto Noma | Iz\u012br\u0113 Automa\u0161\u012bnu Izdev\u012bgi | PrimeAuto"},"image":{"@id":"https:\/\/autonomaprime.lv\/#\/schema\/logo\/image\/"}}]}},"_links":{"self":[{"href":"https:\/\/autonomaprime.lv\/ru\/wp-json\/wp\/v2\/product\/226","targetHints":{"allow":["GET"]}}],"collection":[{"href":"https:\/\/autonomaprime.lv\/ru\/wp-json\/wp\/v2\/product"}],"about":[{"href":"https:\/\/autonomaprime.lv\/ru\/wp-json\/wp\/v2\/types\/product"}],"wp:featuredmedia":[{"embeddable":true,"href":"https:\/\/autonomaprime.lv\/ru\/wp-json\/wp\/v2\/media\/854"}],"wp:attachment":[{"href":"https:\/\/autonomaprime.lv\/ru\/wp-json\/wp\/v2\/media?parent=226"}],"wp:term":[{"taxonomy":"product_cat","embeddable":true,"href":"https:\/\/autonomaprime.lv\/ru\/wp-json\/wp\/v2\/product_cat?post=226"},{"taxonomy":"product_tag","embeddable":true,"href":"https:\/\/autonomaprime.lv\/ru\/wp-json\/wp\/v2\/product_tag?post=226"}],"curies":[{"name":"wp","href":"https:\/\/api.w.org\/{rel}","templated":true}]}}