{"id":206,"date":"2024-02-15T11:56:48","date_gmt":"2024-02-15T11:56:48","guid":{"rendered":"https:\/\/autonomaprime.lv\/?post_type=product&#038;p=206"},"modified":"2024-03-19T13:46:53","modified_gmt":"2024-03-19T13:46:53","slug":"citroen-jumper-l3h2","status":"publish","type":"product","link":"https:\/\/autonomaprime.lv\/ru\/auto-noma\/citroen-jumper-l3h2\/","title":{"rendered":"\u041f\u0440\u043e\u043a\u0430\u0442 \u0430\u0432\u0442\u043e\u043c\u043e\u0431\u0438\u043b\u044f CITRO\u00cbN Jumper L3H2"},"content":{"rendered":"<p>CITROEN JUMPER III L3H2 \u2014 2.0 BlueHDi 96 \u043a\u0412\u0442 \u0412 \u043d\u0430\u0448\u0435\u043c \u0430\u0440\u0435\u043d\u0434\u043d\u043e\u043c \u043f\u0430\u0440\u043a\u0435 \u0442\u0430\u043a\u0436\u0435 \u0435\u0441\u0442\u044c \u0433\u0440\u0443\u0437\u043e\u0432\u044b\u0435 \u0444\u0443\u0440\u0433\u043e\u043d\u044b. \u0410\u0440\u0435\u043d\u0434\u0430 \u043c\u0438\u043a\u0440\u043e\u0430\u0432\u0442\u043e\u0431\u0443\u0441\u0430 \u0421\u0438\u0442\u0440\u043e\u0435\u043d \u0414\u0436\u0430\u043c\u043f\u0435\u0440 \u0441\u0442\u0430\u043d\u0435\u0442 \u0445\u043e\u0440\u043e\u0448\u0438\u043c \u0432\u044b\u0431\u043e\u0440\u043e\u043c \u0434\u043b\u044f \u043a\u0443\u0440\u044c\u0435\u0440\u0441\u043a\u0438\u0445 \u0441\u043b\u0443\u0436\u0431 \u0434\u043e\u0441\u0442\u0430\u0432\u043a\u0438 \u0438 \u0433\u0440\u0443\u0437\u043e\u043f\u0435\u0440\u0435\u0432\u043e\u0437\u043e\u043a \u043f\u043e \u0433\u043e\u0440\u043e\u0434\u0443, \u0430 \u0442\u0430\u043a\u0436\u0435 \u0433\u0440\u0443\u0437\u043e\u043f\u0435\u0440\u0435\u0432\u043e\u0437\u043e\u043a \u043d\u0430 \u0434\u0430\u043b\u044c\u043d\u0438\u0435 \u0440\u0430\u0441\u0441\u0442\u043e\u044f\u043d\u0438\u044f. \u0412\u044b\u0441\u043e\u0442\u0430 \u2013 1,932 \u0428\u0438\u0440\u0438\u043d\u0430 \u2013 1,870 \u0428\u0438\u0440\u0438\u043d\u0430 \u043c\u0435\u0436\u0434\u0443 \u0430\u0440\u043a\u0430\u043c\u0438 \u2013 1,422 \u0414\u043b\u0438\u043d\u0430 \u2013 3,705 \u0420\u0430\u0437\u043c\u0435\u0440\u044b \u0437\u0430\u0434\u043d\u0435\u0439 \u0434\u0432\u0435\u0440\u0438 \u2013 1,790 \u0445 1,562 \u0420\u0430\u0437\u043c\u0435\u0440\u044b \u0431\u043e\u043a\u043e\u0432\u043e\u0439 \u0434\u0432\u0435\u0440\u0438 \u2013 1,755 \u0445 1,250 \u041e\u0431\u044a\u0435\u043c \u0433\u0440\u0443\u0437\u043e\u0432\u043e\u0433\u043e \u043e\u0442\u0441\u0435\u043a\u0430: 13,0 \u043c3 \u0413\u0440\u0443\u0437\u043e\u043f\u043e\u0434\u044a\u0435\u043c\u043d\u043e\u0441\u0442\u044c: 1450 \u043a\u0433<\/p>","protected":false},"excerpt":{"rendered":"<p>CITROEN JUMPER III L3H2 \u2014 2.0 BlueHDi 96 \u043a\u0412\u0442 \u0412 \u043d\u0430\u0448\u0435\u043c \u0430\u0440\u0435\u043d\u0434\u043d\u043e\u043c \u043f\u0430\u0440\u043a\u0435 \u0442\u0430\u043a\u0436\u0435 \u0435\u0441\u0442\u044c \u0433\u0440\u0443\u0437\u043e\u0432\u044b\u0435 \u0444\u0443\u0440\u0433\u043e\u043d\u044b. \u0410\u0440\u0435\u043d\u0434\u0430 \u043c\u0438\u043a\u0440\u043e\u0430\u0432\u0442\u043e\u0431\u0443\u0441\u0430 \u0421\u0438\u0442\u0440\u043e\u0435\u043d \u0414\u0436\u0430\u043c\u043f\u0435\u0440 \u0441\u0442\u0430\u043d\u0435\u0442 \u0445\u043e\u0440\u043e\u0448\u0438\u043c \u0432\u044b\u0431\u043e\u0440\u043e\u043c \u0434\u043b\u044f \u043a\u0443\u0440\u044c\u0435\u0440\u0441\u043a\u0438\u0445 \u0441\u043b\u0443\u0436\u0431 \u0434\u043e\u0441\u0442\u0430\u0432\u043a\u0438 \u0438 \u0433\u0440\u0443\u0437\u043e\u043f\u0435\u0440\u0435\u0432\u043e\u0437\u043e\u043a \u043f\u043e \u0433\u043e\u0440\u043e\u0434\u0443, \u0430 \u0442\u0430\u043a\u0436\u0435 \u0433\u0440\u0443\u0437\u043e\u043f\u0435\u0440\u0435\u0432\u043e\u0437\u043e\u043a \u043d\u0430 \u0434\u0430\u043b\u044c\u043d\u0438\u0435 \u0440\u0430\u0441\u0441\u0442\u043e\u044f\u043d\u0438\u044f. \u0412\u044b\u0441\u043e\u0442\u0430 \u2013 1,932 \u0428\u0438\u0440\u0438\u043d\u0430 \u2013 1,870 \u0428\u0438\u0440\u0438\u043d\u0430 \u043c\u0435\u0436\u0434\u0443 \u0430\u0440\u043a\u0430\u043c\u0438 \u2013 1,422 \u0414\u043b\u0438\u043d\u0430 \u2013 3,705 \u0420\u0430\u0437\u043c\u0435\u0440\u044b \u0437\u0430\u0434\u043d\u0435\u0439 \u0434\u0432\u0435\u0440\u0438 \u2013 1,790 \u0445 1,562 \u0420\u0430\u0437\u043c\u0435\u0440\u044b \u0431\u043e\u043a\u043e\u0432\u043e\u0439 \u0434\u0432\u0435\u0440\u0438 \u2013 1,755 \u0445 1,250 \u041e\u0431\u044a\u0435\u043c \u0433\u0440\u0443\u0437\u043e\u0432\u043e\u0433\u043e \u043e\u0442\u0441\u0435\u043a\u0430: 13,0 \u043c3 \u0413\u0440\u0443\u0437\u043e\u043f\u043e\u0434\u044a\u0435\u043c\u043d\u043e\u0441\u0442\u044c: 1450 \u043a\u0433<\/p>","protected":false},"featured_media":848,"template":"","meta":[],"product_cat":[33,28],"product_tag":[],"class_list":{"0":"post-206","1":"product","2":"type-product","3":"status-publish","4":"has-post-thumbnail","6":"product_cat-citroen-mikroautobusu-noma","7":"product_cat-mikroautobusu-noma","9":"first","10":"instock","11":"shipping-taxable","12":"purchasable","13":"product-type-ovabrw_car_rental"},"yoast_head":"<!-- This site is optimized with the Yoast SEO plugin v22.0 - https:\/\/yoast.com\/wordpress\/plugins\/seo\/ -->\n<title>Auto Noma CITROEN Jumper L3H2 - busu noma R\u012bg\u0101<\/title>\n<meta name=\"description\" content=\"Auto Noma CITROEN Jumper L3H2 - ietilp\u012bgi, komfortabli, premium l\u012bme\u0146a busi \u012brei. Pla\u0161s komerctransportu kl\u0101sts \u012bstermi\u0146a un ilgtermi\u0146a nomai\" \/>\n<meta name=\"robots\" content=\"index, follow, max-snippet:-1, max-image-preview:large, max-video-preview:-1\" \/>\n<link rel=\"canonical\" href=\"https:\/\/autonomaprime.lv\/ru\/auto-noma\/citroen-jumper-l3h2\/\" \/>\n<meta property=\"og:locale\" content=\"ru_RU\" \/>\n<meta property=\"og:type\" content=\"article\" \/>\n<meta property=\"og:title\" content=\"Auto Noma CITROEN Jumper L3H2 - busu noma R\u012bg\u0101\" \/>\n<meta property=\"og:description\" content=\"Auto Noma CITROEN Jumper L3H2 - ietilp\u012bgi, komfortabli, premium l\u012bme\u0146a busi \u012brei. Pla\u0161s komerctransportu kl\u0101sts \u012bstermi\u0146a un ilgtermi\u0146a nomai\" \/>\n<meta property=\"og:url\" content=\"https:\/\/autonomaprime.lv\/ru\/auto-noma\/citroen-jumper-l3h2\/\" \/>\n<meta property=\"og:site_name\" content=\"Auto Noma | Iz\u012br\u0113 Automa\u0161\u012bnu Izdev\u012bgi | PrimeAuto\" \/>\n<meta property=\"article:modified_time\" content=\"2024-03-19T13:46:53+00:00\" \/>\n<meta property=\"og:image\" content=\"https:\/\/autonomaprime.lv\/wp-content\/uploads\/2024\/02\/j-removebg-preview.png\" \/>\n\t<meta property=\"og:image:width\" content=\"577\" \/>\n\t<meta property=\"og:image:height\" content=\"433\" \/>\n\t<meta property=\"og:image:type\" content=\"image\/png\" \/>\n<meta name=\"twitter:card\" content=\"summary_large_image\" \/>\n<meta name=\"twitter:label1\" content=\"Est. reading time\" \/>\n\t<meta name=\"twitter:data1\" content=\"1 \u043c\u0438\u043d\u0443\u0442\u0430\" \/>\n<script type=\"application\/ld+json\" class=\"yoast-schema-graph\">{\"@context\":\"https:\/\/schema.org\",\"@graph\":[{\"@type\":\"WebPage\",\"@id\":\"https:\/\/autonomaprime.lv\/auto-noma\/citroen-jumper-l3h2\/\",\"url\":\"https:\/\/autonomaprime.lv\/auto-noma\/citroen-jumper-l3h2\/\",\"name\":\"Auto Noma CITROEN Jumper L3H2 - busu noma R\u012bg\u0101\",\"isPartOf\":{\"@id\":\"https:\/\/autonomaprime.lv\/#website\"},\"datePublished\":\"2024-02-15T11:56:48+00:00\",\"dateModified\":\"2024-03-19T13:46:53+00:00\",\"description\":\"Auto Noma CITROEN Jumper L3H2 - ietilp\u012bgi, komfortabli, premium l\u012bme\u0146a busi \u012brei. Pla\u0161s komerctransportu kl\u0101sts \u012bstermi\u0146a un ilgtermi\u0146a nomai\",\"breadcrumb\":{\"@id\":\"https:\/\/autonomaprime.lv\/auto-noma\/citroen-jumper-l3h2\/#breadcrumb\"},\"inLanguage\":\"ru-RU\",\"potentialAction\":[{\"@type\":\"ReadAction\",\"target\":[\"https:\/\/autonomaprime.lv\/auto-noma\/citroen-jumper-l3h2\/\"]}]},{\"@type\":\"BreadcrumbList\",\"@id\":\"https:\/\/autonomaprime.lv\/auto-noma\/citroen-jumper-l3h2\/#breadcrumb\",\"itemListElement\":[{\"@type\":\"ListItem\",\"position\":1,\"name\":\"Home\",\"item\":\"https:\/\/autonomaprime.lv\/\"},{\"@type\":\"ListItem\",\"position\":2,\"name\":\"SandBox\",\"item\":\"https:\/\/autonomaprime.lv\/sandbox\/\"},{\"@type\":\"ListItem\",\"position\":3,\"name\":\"Auto Noma CITRO\u0116N Jumper L3H2\"}]},{\"@type\":\"WebSite\",\"@id\":\"https:\/\/autonomaprime.lv\/#website\",\"url\":\"https:\/\/autonomaprime.lv\/\",\"name\":\"Auto Noma | Iz\u012br\u0113 Automa\u0161\u012bnu Izdev\u012bgi | PrimeAuto\",\"description\":\"\",\"publisher\":{\"@id\":\"https:\/\/autonomaprime.lv\/#organization\"},\"potentialAction\":[{\"@type\":\"SearchAction\",\"target\":{\"@type\":\"EntryPoint\",\"urlTemplate\":\"https:\/\/autonomaprime.lv\/?s={search_term_string}\"},\"query-input\":\"required name=search_term_string\"}],\"inLanguage\":\"ru-RU\"},{\"@type\":\"Organization\",\"@id\":\"https:\/\/autonomaprime.lv\/#organization\",\"name\":\"Auto Noma | Iz\u012br\u0113 Automa\u0161\u012bnu Izdev\u012bgi | PrimeAuto\",\"url\":\"https:\/\/autonomaprime.lv\/\",\"logo\":{\"@type\":\"ImageObject\",\"inLanguage\":\"ru-RU\",\"@id\":\"https:\/\/autonomaprime.lv\/#\/schema\/logo\/image\/\",\"url\":\"https:\/\/autonomaprime.lv\/wp-content\/uploads\/2024\/02\/cropped-primeauto.webp\",\"contentUrl\":\"https:\/\/autonomaprime.lv\/wp-content\/uploads\/2024\/02\/cropped-primeauto.webp\",\"width\":387,\"height\":112,\"caption\":\"Auto Noma | Iz\u012br\u0113 Automa\u0161\u012bnu Izdev\u012bgi | PrimeAuto\"},\"image\":{\"@id\":\"https:\/\/autonomaprime.lv\/#\/schema\/logo\/image\/\"}}]}<\/script>\n<!-- \/ Yoast SEO plugin. -->","yoast_head_json":{"title":"Auto Noma CITROEN Jumper L3H2 - busu noma R\u012bg\u0101","description":"Auto Noma CITROEN Jumper L3H2 - ietilp\u012bgi, komfortabli, premium l\u012bme\u0146a busi \u012brei. Pla\u0161s komerctransportu kl\u0101sts \u012bstermi\u0146a un ilgtermi\u0146a nomai","robots":{"index":"index","follow":"follow","max-snippet":"max-snippet:-1","max-image-preview":"max-image-preview:large","max-video-preview":"max-video-preview:-1"},"canonical":"https:\/\/autonomaprime.lv\/ru\/auto-noma\/citroen-jumper-l3h2\/","og_locale":"ru_RU","og_type":"article","og_title":"Auto Noma CITROEN Jumper L3H2 - busu noma R\u012bg\u0101","og_description":"Auto Noma CITROEN Jumper L3H2 - ietilp\u012bgi, komfortabli, premium l\u012bme\u0146a busi \u012brei. Pla\u0161s komerctransportu kl\u0101sts \u012bstermi\u0146a un ilgtermi\u0146a nomai","og_url":"https:\/\/autonomaprime.lv\/ru\/auto-noma\/citroen-jumper-l3h2\/","og_site_name":"Auto Noma | Iz\u012br\u0113 Automa\u0161\u012bnu Izdev\u012bgi | PrimeAuto","article_modified_time":"2024-03-19T13:46:53+00:00","og_image":[{"width":577,"height":433,"url":"https:\/\/autonomaprime.lv\/wp-content\/uploads\/2024\/02\/j-removebg-preview.png","type":"image\/png"}],"twitter_card":"summary_large_image","twitter_misc":{"Est. reading time":"1 \u043c\u0438\u043d\u0443\u0442\u0430"},"schema":{"@context":"https:\/\/schema.org","@graph":[{"@type":"WebPage","@id":"https:\/\/autonomaprime.lv\/auto-noma\/citroen-jumper-l3h2\/","url":"https:\/\/autonomaprime.lv\/auto-noma\/citroen-jumper-l3h2\/","name":"Auto Noma CITROEN Jumper L3H2 - busu noma R\u012bg\u0101","isPartOf":{"@id":"https:\/\/autonomaprime.lv\/#website"},"datePublished":"2024-02-15T11:56:48+00:00","dateModified":"2024-03-19T13:46:53+00:00","description":"Auto Noma CITROEN Jumper L3H2 - ietilp\u012bgi, komfortabli, premium l\u012bme\u0146a busi \u012brei. Pla\u0161s komerctransportu kl\u0101sts \u012bstermi\u0146a un ilgtermi\u0146a nomai","breadcrumb":{"@id":"https:\/\/autonomaprime.lv\/auto-noma\/citroen-jumper-l3h2\/#breadcrumb"},"inLanguage":"ru-RU","potentialAction":[{"@type":"ReadAction","target":["https:\/\/autonomaprime.lv\/auto-noma\/citroen-jumper-l3h2\/"]}]},{"@type":"BreadcrumbList","@id":"https:\/\/autonomaprime.lv\/auto-noma\/citroen-jumper-l3h2\/#breadcrumb","itemListElement":[{"@type":"ListItem","position":1,"name":"Home","item":"https:\/\/autonomaprime.lv\/"},{"@type":"ListItem","position":2,"name":"SandBox","item":"https:\/\/autonomaprime.lv\/sandbox\/"},{"@type":"ListItem","position":3,"name":"Auto Noma CITRO\u0116N Jumper L3H2"}]},{"@type":"WebSite","@id":"https:\/\/autonomaprime.lv\/#website","url":"https:\/\/autonomaprime.lv\/","name":"Auto Noma | Iz\u012br\u0113 Automa\u0161\u012bnu Izdev\u012bgi | PrimeAuto","description":"","publisher":{"@id":"https:\/\/autonomaprime.lv\/#organization"},"potentialAction":[{"@type":"SearchAction","target":{"@type":"EntryPoint","urlTemplate":"https:\/\/autonomaprime.lv\/?s={search_term_string}"},"query-input":"required name=search_term_string"}],"inLanguage":"ru-RU"},{"@type":"Organization","@id":"https:\/\/autonomaprime.lv\/#organization","name":"Auto Noma | Iz\u012br\u0113 Automa\u0161\u012bnu Izdev\u012bgi | PrimeAuto","url":"https:\/\/autonomaprime.lv\/","logo":{"@type":"ImageObject","inLanguage":"ru-RU","@id":"https:\/\/autonomaprime.lv\/#\/schema\/logo\/image\/","url":"https:\/\/autonomaprime.lv\/wp-content\/uploads\/2024\/02\/cropped-primeauto.webp","contentUrl":"https:\/\/autonomaprime.lv\/wp-content\/uploads\/2024\/02\/cropped-primeauto.webp","width":387,"height":112,"caption":"Auto Noma | Iz\u012br\u0113 Automa\u0161\u012bnu Izdev\u012bgi | PrimeAuto"},"image":{"@id":"https:\/\/autonomaprime.lv\/#\/schema\/logo\/image\/"}}]}},"_links":{"self":[{"href":"https:\/\/autonomaprime.lv\/ru\/wp-json\/wp\/v2\/product\/206","targetHints":{"allow":["GET"]}}],"collection":[{"href":"https:\/\/autonomaprime.lv\/ru\/wp-json\/wp\/v2\/product"}],"about":[{"href":"https:\/\/autonomaprime.lv\/ru\/wp-json\/wp\/v2\/types\/product"}],"wp:featuredmedia":[{"embeddable":true,"href":"https:\/\/autonomaprime.lv\/ru\/wp-json\/wp\/v2\/media\/848"}],"wp:attachment":[{"href":"https:\/\/autonomaprime.lv\/ru\/wp-json\/wp\/v2\/media?parent=206"}],"wp:term":[{"taxonomy":"product_cat","embeddable":true,"href":"https:\/\/autonomaprime.lv\/ru\/wp-json\/wp\/v2\/product_cat?post=206"},{"taxonomy":"product_tag","embeddable":true,"href":"https:\/\/autonomaprime.lv\/ru\/wp-json\/wp\/v2\/product_tag?post=206"}],"curies":[{"name":"wp","href":"https:\/\/api.w.org\/{rel}","templated":true}]}}