{"id":188,"date":"2024-02-15T11:43:12","date_gmt":"2024-02-15T11:43:12","guid":{"rendered":"https:\/\/autonomaprime.lv\/?post_type=product&#038;p=188"},"modified":"2024-03-18T15:01:14","modified_gmt":"2024-03-18T15:01:14","slug":"vw-passat-b8-18","status":"publish","type":"product","link":"https:\/\/autonomaprime.lv\/ru\/auto-noma\/vw-passat-b8-18\/","title":{"rendered":"\u041f\u0440\u043e\u043a\u0430\u0442 \u0430\u0432\u0442\u043e\u043c\u043e\u0431\u0438\u043b\u044f VW PASSAT B8 &#039;18"},"content":{"rendered":"<p>VW Passat B8 &#8211; Lieliska izv\u0113le \u0123imenes vajadz\u012bb\u0101m. Praktisks un komfortabls auto ir paz\u012bstams ar ietilp\u012bgu salonu un bag\u0101\u017enieku, k\u0101 ar\u012b ar augstu interjera materi\u0101lu kvalit\u0101ti. T\u0101 ir labi apr\u012bkota un uzticama automa\u0161\u012bna ar lielisku salona interjeru, \u0113rtiem s\u0113dek\u013ciem, kas nodro\u0161ina pat\u012bkamu komfortu brauk\u0161anas laik\u0101. \u0160is \u0123imenei piem\u0113rotais auto ietver ar\u012b da\u017e\u0101das dro\u0161\u012bbas funkcijas, k\u0101 ar\u012b priek\u0161\u0113jo s\u0113dek\u013cu s\u0101nu dro\u0161\u012bbas gaisa spilvenus un citas svar\u012bgas dro\u0161\u012bbas funkcijas. &#8221;Prime Auto&#8221; izdev\u012bga auto noma neliks Jums vilties! \u0160\u012bs automa\u0161\u012bnas interjera elementi ietver standarta autom\u0101tisko gaisa kondicion\u0113\u0161anu, moderniz\u0113ta stereo esam\u012bbu un Bluetooth savienojuma pieejam\u012bbu \u2013 viss, kas nepiecie\u0161ams \u0113rtiem un jautriem braucieniem \u0123imenes lok\u0101.<\/p>","protected":false},"excerpt":{"rendered":"<p>VW Passat B8 &#8211; Lieliska izv\u0113le \u0123imenes vajadz\u012bb\u0101m. Praktisks un komfortabls auto ir paz\u012bstams ar ietilp\u012bgu salonu un bag\u0101\u017enieku, k\u0101 ar\u012b ar augstu interjera materi\u0101lu kvalit\u0101ti. T\u0101 ir labi apr\u012bkota un uzticama automa\u0161\u012bna ar lielisku salona interjeru, \u0113rtiem s\u0113dek\u013ciem, kas nodro\u0161ina pat\u012bkamu komfortu brauk\u0161anas laik\u0101. \u0160is \u0123imenei piem\u0113rotais auto ietver ar\u012b da\u017e\u0101das dro\u0161\u012bbas funkcijas, k\u0101 ar\u012b priek\u0161\u0113jo s\u0113dek\u013cu s\u0101nu dro\u0161\u012bbas gaisa spilvenus un citas svar\u012bgas dro\u0161\u012bbas funkcijas. &#8221;Prime Auto&#8221; izdev\u012bga auto noma neliks Jums vilties! \u0160\u012bs automa\u0161\u012bnas interjera elementi ietver standarta autom\u0101tisko gaisa kondicion\u0113\u0161anu, moderniz\u0113ta stereo esam\u012bbu un Bluetooth savienojuma pieejam\u012bbu \u2013 viss, kas nepiecie\u0161ams \u0113rtiem un jautriem braucieniem \u0123imenes lok\u0101.<\/p>","protected":false},"featured_media":189,"template":"","meta":[],"product_cat":[23,26],"product_tag":[],"class_list":{"0":"post-188","1":"product","2":"type-product","3":"status-publish","4":"has-post-thumbnail","6":"product_cat-auto-noma","7":"product_cat-vw","9":"first","10":"instock","11":"shipping-taxable","12":"purchasable","13":"product-type-ovabrw_car_rental"},"yoast_head":"<!-- This site is optimized with the Yoast SEO plugin v22.0 - https:\/\/yoast.com\/wordpress\/plugins\/seo\/ -->\n<title>Auto Noma VW PASSAT B8 &#039;18 - Elegants auto par zemu cenu<\/title>\n<meta name=\"description\" content=\"Auto Noma VW PASSAT B8 &#039;18 - pla\u0161s premium l\u012bme\u0146a auto kl\u0101sts uz \u012bri. Izv\u0113lies auto \u012bstermi\u0146a vai ilgtermi\u0146ai nomai. Nomas auto par zemu cenu.\" \/>\n<meta name=\"robots\" content=\"index, follow, max-snippet:-1, max-image-preview:large, max-video-preview:-1\" \/>\n<link rel=\"canonical\" href=\"https:\/\/autonomaprime.lv\/ru\/auto-noma\/vw-passat-b8-18\/\" \/>\n<meta property=\"og:locale\" content=\"ru_RU\" \/>\n<meta property=\"og:type\" content=\"article\" \/>\n<meta property=\"og:title\" content=\"Auto Noma VW PASSAT B8 &#039;18 - Elegants auto par zemu cenu\" \/>\n<meta property=\"og:description\" content=\"Auto Noma VW PASSAT B8 &#039;18 - pla\u0161s premium l\u012bme\u0146a auto kl\u0101sts uz \u012bri. Izv\u0113lies auto \u012bstermi\u0146a vai ilgtermi\u0146ai nomai. Nomas auto par zemu cenu.\" \/>\n<meta property=\"og:url\" content=\"https:\/\/autonomaprime.lv\/ru\/auto-noma\/vw-passat-b8-18\/\" \/>\n<meta property=\"og:site_name\" content=\"Auto Noma | Iz\u012br\u0113 Automa\u0161\u012bnu Izdev\u012bgi | PrimeAuto\" \/>\n<meta property=\"article:modified_time\" content=\"2024-03-18T15:01:14+00:00\" \/>\n<meta property=\"og:image\" content=\"https:\/\/autonomaprime.lv\/wp-content\/uploads\/2024\/02\/ND3518_VW-Passat-1.jpg\" \/>\n\t<meta property=\"og:image:width\" content=\"500\" \/>\n\t<meta property=\"og:image:height\" content=\"350\" \/>\n\t<meta property=\"og:image:type\" content=\"image\/jpeg\" \/>\n<meta name=\"twitter:card\" content=\"summary_large_image\" \/>\n<meta name=\"twitter:label1\" content=\"Est. reading time\" \/>\n\t<meta name=\"twitter:data1\" content=\"1 \u043c\u0438\u043d\u0443\u0442\u0430\" \/>\n<script type=\"application\/ld+json\" class=\"yoast-schema-graph\">{\"@context\":\"https:\/\/schema.org\",\"@graph\":[{\"@type\":\"WebPage\",\"@id\":\"https:\/\/autonomaprime.lv\/auto-noma\/vw-passat-b8-18\/\",\"url\":\"https:\/\/autonomaprime.lv\/auto-noma\/vw-passat-b8-18\/\",\"name\":\"Auto Noma VW PASSAT B8 '18 - Elegants auto par zemu cenu\",\"isPartOf\":{\"@id\":\"https:\/\/autonomaprime.lv\/#website\"},\"datePublished\":\"2024-02-15T11:43:12+00:00\",\"dateModified\":\"2024-03-18T15:01:14+00:00\",\"description\":\"Auto Noma VW PASSAT B8 '18 - pla\u0161s premium l\u012bme\u0146a auto kl\u0101sts uz \u012bri. Izv\u0113lies auto \u012bstermi\u0146a vai ilgtermi\u0146ai nomai. Nomas auto par zemu cenu.\",\"breadcrumb\":{\"@id\":\"https:\/\/autonomaprime.lv\/auto-noma\/vw-passat-b8-18\/#breadcrumb\"},\"inLanguage\":\"ru-RU\",\"potentialAction\":[{\"@type\":\"ReadAction\",\"target\":[\"https:\/\/autonomaprime.lv\/auto-noma\/vw-passat-b8-18\/\"]}]},{\"@type\":\"BreadcrumbList\",\"@id\":\"https:\/\/autonomaprime.lv\/auto-noma\/vw-passat-b8-18\/#breadcrumb\",\"itemListElement\":[{\"@type\":\"ListItem\",\"position\":1,\"name\":\"Home\",\"item\":\"https:\/\/autonomaprime.lv\/\"},{\"@type\":\"ListItem\",\"position\":2,\"name\":\"SandBox\",\"item\":\"https:\/\/autonomaprime.lv\/sandbox\/\"},{\"@type\":\"ListItem\",\"position\":3,\"name\":\"Auto Noma VW PASSAT B8 &#8217;18\"}]},{\"@type\":\"WebSite\",\"@id\":\"https:\/\/autonomaprime.lv\/#website\",\"url\":\"https:\/\/autonomaprime.lv\/\",\"name\":\"Auto Noma | Iz\u012br\u0113 Automa\u0161\u012bnu Izdev\u012bgi | PrimeAuto\",\"description\":\"\",\"publisher\":{\"@id\":\"https:\/\/autonomaprime.lv\/#organization\"},\"potentialAction\":[{\"@type\":\"SearchAction\",\"target\":{\"@type\":\"EntryPoint\",\"urlTemplate\":\"https:\/\/autonomaprime.lv\/?s={search_term_string}\"},\"query-input\":\"required name=search_term_string\"}],\"inLanguage\":\"ru-RU\"},{\"@type\":\"Organization\",\"@id\":\"https:\/\/autonomaprime.lv\/#organization\",\"name\":\"Auto Noma | Iz\u012br\u0113 Automa\u0161\u012bnu Izdev\u012bgi | PrimeAuto\",\"url\":\"https:\/\/autonomaprime.lv\/\",\"logo\":{\"@type\":\"ImageObject\",\"inLanguage\":\"ru-RU\",\"@id\":\"https:\/\/autonomaprime.lv\/#\/schema\/logo\/image\/\",\"url\":\"https:\/\/autonomaprime.lv\/wp-content\/uploads\/2024\/02\/cropped-primeauto.webp\",\"contentUrl\":\"https:\/\/autonomaprime.lv\/wp-content\/uploads\/2024\/02\/cropped-primeauto.webp\",\"width\":387,\"height\":112,\"caption\":\"Auto Noma | Iz\u012br\u0113 Automa\u0161\u012bnu Izdev\u012bgi | PrimeAuto\"},\"image\":{\"@id\":\"https:\/\/autonomaprime.lv\/#\/schema\/logo\/image\/\"}}]}<\/script>\n<!-- \/ Yoast SEO plugin. -->","yoast_head_json":{"title":"Auto Noma VW PASSAT B8 '18 - Elegants auto par zemu cenu","description":"Auto Noma VW PASSAT B8 '18 - pla\u0161s premium l\u012bme\u0146a auto kl\u0101sts uz \u012bri. Izv\u0113lies auto \u012bstermi\u0146a vai ilgtermi\u0146ai nomai. Nomas auto par zemu cenu.","robots":{"index":"index","follow":"follow","max-snippet":"max-snippet:-1","max-image-preview":"max-image-preview:large","max-video-preview":"max-video-preview:-1"},"canonical":"https:\/\/autonomaprime.lv\/ru\/auto-noma\/vw-passat-b8-18\/","og_locale":"ru_RU","og_type":"article","og_title":"Auto Noma VW PASSAT B8 '18 - Elegants auto par zemu cenu","og_description":"Auto Noma VW PASSAT B8 '18 - pla\u0161s premium l\u012bme\u0146a auto kl\u0101sts uz \u012bri. Izv\u0113lies auto \u012bstermi\u0146a vai ilgtermi\u0146ai nomai. Nomas auto par zemu cenu.","og_url":"https:\/\/autonomaprime.lv\/ru\/auto-noma\/vw-passat-b8-18\/","og_site_name":"Auto Noma | Iz\u012br\u0113 Automa\u0161\u012bnu Izdev\u012bgi | PrimeAuto","article_modified_time":"2024-03-18T15:01:14+00:00","og_image":[{"width":500,"height":350,"url":"https:\/\/autonomaprime.lv\/wp-content\/uploads\/2024\/02\/ND3518_VW-Passat-1.jpg","type":"image\/jpeg"}],"twitter_card":"summary_large_image","twitter_misc":{"Est. reading time":"1 \u043c\u0438\u043d\u0443\u0442\u0430"},"schema":{"@context":"https:\/\/schema.org","@graph":[{"@type":"WebPage","@id":"https:\/\/autonomaprime.lv\/auto-noma\/vw-passat-b8-18\/","url":"https:\/\/autonomaprime.lv\/auto-noma\/vw-passat-b8-18\/","name":"Auto Noma VW PASSAT B8 '18 - Elegants auto par zemu cenu","isPartOf":{"@id":"https:\/\/autonomaprime.lv\/#website"},"datePublished":"2024-02-15T11:43:12+00:00","dateModified":"2024-03-18T15:01:14+00:00","description":"Auto Noma VW PASSAT B8 '18 - pla\u0161s premium l\u012bme\u0146a auto kl\u0101sts uz \u012bri. Izv\u0113lies auto \u012bstermi\u0146a vai ilgtermi\u0146ai nomai. Nomas auto par zemu cenu.","breadcrumb":{"@id":"https:\/\/autonomaprime.lv\/auto-noma\/vw-passat-b8-18\/#breadcrumb"},"inLanguage":"ru-RU","potentialAction":[{"@type":"ReadAction","target":["https:\/\/autonomaprime.lv\/auto-noma\/vw-passat-b8-18\/"]}]},{"@type":"BreadcrumbList","@id":"https:\/\/autonomaprime.lv\/auto-noma\/vw-passat-b8-18\/#breadcrumb","itemListElement":[{"@type":"ListItem","position":1,"name":"Home","item":"https:\/\/autonomaprime.lv\/"},{"@type":"ListItem","position":2,"name":"SandBox","item":"https:\/\/autonomaprime.lv\/sandbox\/"},{"@type":"ListItem","position":3,"name":"Auto Noma VW PASSAT B8 &#8217;18"}]},{"@type":"WebSite","@id":"https:\/\/autonomaprime.lv\/#website","url":"https:\/\/autonomaprime.lv\/","name":"Auto Noma | Iz\u012br\u0113 Automa\u0161\u012bnu Izdev\u012bgi | PrimeAuto","description":"","publisher":{"@id":"https:\/\/autonomaprime.lv\/#organization"},"potentialAction":[{"@type":"SearchAction","target":{"@type":"EntryPoint","urlTemplate":"https:\/\/autonomaprime.lv\/?s={search_term_string}"},"query-input":"required name=search_term_string"}],"inLanguage":"ru-RU"},{"@type":"Organization","@id":"https:\/\/autonomaprime.lv\/#organization","name":"Auto Noma | Iz\u012br\u0113 Automa\u0161\u012bnu Izdev\u012bgi | PrimeAuto","url":"https:\/\/autonomaprime.lv\/","logo":{"@type":"ImageObject","inLanguage":"ru-RU","@id":"https:\/\/autonomaprime.lv\/#\/schema\/logo\/image\/","url":"https:\/\/autonomaprime.lv\/wp-content\/uploads\/2024\/02\/cropped-primeauto.webp","contentUrl":"https:\/\/autonomaprime.lv\/wp-content\/uploads\/2024\/02\/cropped-primeauto.webp","width":387,"height":112,"caption":"Auto Noma | Iz\u012br\u0113 Automa\u0161\u012bnu Izdev\u012bgi | PrimeAuto"},"image":{"@id":"https:\/\/autonomaprime.lv\/#\/schema\/logo\/image\/"}}]}},"_links":{"self":[{"href":"https:\/\/autonomaprime.lv\/ru\/wp-json\/wp\/v2\/product\/188","targetHints":{"allow":["GET"]}}],"collection":[{"href":"https:\/\/autonomaprime.lv\/ru\/wp-json\/wp\/v2\/product"}],"about":[{"href":"https:\/\/autonomaprime.lv\/ru\/wp-json\/wp\/v2\/types\/product"}],"wp:featuredmedia":[{"embeddable":true,"href":"https:\/\/autonomaprime.lv\/ru\/wp-json\/wp\/v2\/media\/189"}],"wp:attachment":[{"href":"https:\/\/autonomaprime.lv\/ru\/wp-json\/wp\/v2\/media?parent=188"}],"wp:term":[{"taxonomy":"product_cat","embeddable":true,"href":"https:\/\/autonomaprime.lv\/ru\/wp-json\/wp\/v2\/product_cat?post=188"},{"taxonomy":"product_tag","embeddable":true,"href":"https:\/\/autonomaprime.lv\/ru\/wp-json\/wp\/v2\/product_tag?post=188"}],"curies":[{"name":"wp","href":"https:\/\/api.w.org\/{rel}","templated":true}]}}