{"id":137,"date":"2024-02-15T08:32:07","date_gmt":"2024-02-15T08:32:07","guid":{"rendered":"https:\/\/autonomaprime.lv\/?post_type=product&#038;p=137"},"modified":"2024-03-18T15:05:22","modified_gmt":"2024-03-18T15:05:22","slug":"audi-a5-sportback-13-copy","status":"publish","type":"product","link":"https:\/\/autonomaprime.lv\/ru\/auto-noma\/audi-a5-sportback-13-copy\/","title":{"rendered":"AUDI A5 \u0421\u043f\u043e\u0440\u0442\u0431\u044d\u043a &#039;13"},"content":{"rendered":"<p>AUDI A5 SPORTBACK Iesp\u0113ja izbaud\u012bt v\u0113l \u0113rt\u0101ku brauk\u0161anu. Automa\u0161\u012bnas garen\u0101 pamatne un iespaid\u012bg\u0101 masa nodro\u0161ina lielisku vad\u0101m\u012bbu. Audi A5 Sportback var p\u0101rvad\u0101t l\u012bdz \u010detriem pasa\u017eieriem, diviem aizmugur\u0113jiem s\u0113dek\u013ciem ir paroc\u012bgs roku balsts centr\u0101. Auto salons veiksm\u012bgi apvieno vienk\u0101r\u0161\u012bbu, eleganci un funkcionalit\u0101ti. Auto st\u016bre ir \u013coti \u0113rta \u2013 nav p\u0101rslogota ar pog\u0101m \u2013 tikai viss nepiecie\u0161am\u0101k\u0101s un neka lieka. P\u0101r\u0113j\u0101s vad\u012bbas ier\u012bces ir ietur\u0113tas t\u0101d\u0101 pa\u0161\u0101 lakoniskaj\u0101 un mier\u012bgaj\u0101 stil\u0101. Savuk\u0101rt lieliska ska\u0146as izol\u0101cija un labi gaisa filtri \u013cauj salon\u0101 uztur\u0113t pat\u012bkamu atmosf\u0113ru. Audi A5 Sportback he\u010dbeka papildapr\u012bkojum\u0101 ir iek\u013cauta gan klimata kontrole, lietus sensors un kru\u012bza kontrole, gan regul\u0113jama st\u016bre un apsild\u0101mi s\u0113dek\u013ci \u2013 viss, kas nepiecie\u0161ams, lai braucot lielus att\u0101lumus, nejustu nogurumu. Audi A5 Sportback \u2013 izdev\u012bga auto noma jebk\u0101da veida braucieniem!<\/p>","protected":false},"excerpt":{"rendered":"<p>AUDI A5 SPORTBACK Iesp\u0113ja izbaud\u012bt v\u0113l \u0113rt\u0101ku brauk\u0161anu. Automa\u0161\u012bnas garen\u0101 pamatne un iespaid\u012bg\u0101 masa nodro\u0161ina lielisku vad\u0101m\u012bbu. Audi A5 Sportback var p\u0101rvad\u0101t l\u012bdz \u010detriem pasa\u017eieriem, diviem aizmugur\u0113jiem s\u0113dek\u013ciem ir paroc\u012bgs roku balsts centr\u0101. Auto salons veiksm\u012bgi apvieno vienk\u0101r\u0161\u012bbu, eleganci un funkcionalit\u0101ti. Auto st\u016bre ir \u013coti \u0113rta \u2013 nav p\u0101rslogota ar pog\u0101m \u2013 tikai viss nepiecie\u0161am\u0101k\u0101s un neka lieka. P\u0101r\u0113j\u0101s vad\u012bbas ier\u012bces ir ietur\u0113tas t\u0101d\u0101 pa\u0161\u0101 lakoniskaj\u0101 un mier\u012bgaj\u0101 stil\u0101. Savuk\u0101rt lieliska ska\u0146as izol\u0101cija un labi gaisa filtri \u013cauj salon\u0101 uztur\u0113t pat\u012bkamu atmosf\u0113ru. Audi A5 Sportback he\u010dbeka papildapr\u012bkojum\u0101 ir iek\u013cauta gan klimata kontrole, lietus sensors un kru\u012bza kontrole, gan regul\u0113jama st\u016bre un apsild\u0101mi s\u0113dek\u013ci \u2013 viss, kas nepiecie\u0161ams, lai braucot lielus att\u0101lumus, nejustu nogurumu. Audi A5 Sportback \u2013 izdev\u012bga auto noma jebk\u0101da veida braucieniem!<\/p>","protected":false},"featured_media":128,"template":"","meta":[],"product_cat":[23,24],"product_tag":[],"class_list":{"0":"post-137","1":"product","2":"type-product","3":"status-publish","4":"has-post-thumbnail","6":"product_cat-auto-noma","7":"product_cat-audi","9":"first","10":"instock","11":"shipping-taxable","12":"purchasable","13":"product-type-ovabrw_car_rental"},"yoast_head":"<!-- This site is optimized with the Yoast SEO plugin v22.0 - https:\/\/yoast.com\/wordpress\/plugins\/seo\/ -->\n<title>AUDI A5 Sportback &#039;13 - Elegance par mazbud\u017eeta auto cenu.<\/title>\n<meta name=\"description\" content=\"AUDI A5 Sportback &#039;13 - nom\u0101 eleganto Audi A5 par mazbud\u017eeta cenu, nom\u0101 \u012bstermi\u0146\u0101 vai ilgtermi\u0146\u0101 ar iesp\u0113ju nomas automa\u0161\u012bnu izpirkt.\" \/>\n<meta name=\"robots\" content=\"index, follow, max-snippet:-1, max-image-preview:large, max-video-preview:-1\" \/>\n<link rel=\"canonical\" href=\"https:\/\/autonomaprime.lv\/ru\/auto-noma\/audi-a5-sportback-13-copy\/\" \/>\n<meta property=\"og:locale\" content=\"ru_RU\" \/>\n<meta property=\"og:type\" content=\"article\" \/>\n<meta property=\"og:title\" content=\"AUDI A5 Sportback &#039;13 - Elegance par mazbud\u017eeta auto cenu.\" \/>\n<meta property=\"og:description\" content=\"AUDI A5 Sportback &#039;13 - nom\u0101 eleganto Audi A5 par mazbud\u017eeta cenu, nom\u0101 \u012bstermi\u0146\u0101 vai ilgtermi\u0146\u0101 ar iesp\u0113ju nomas automa\u0161\u012bnu izpirkt.\" \/>\n<meta property=\"og:url\" content=\"https:\/\/autonomaprime.lv\/ru\/auto-noma\/audi-a5-sportback-13-copy\/\" \/>\n<meta property=\"og:site_name\" content=\"Auto Noma | Iz\u012br\u0113 Automa\u0161\u012bnu Izdev\u012bgi | PrimeAuto\" \/>\n<meta property=\"article:modified_time\" content=\"2024-03-18T15:05:22+00:00\" \/>\n<meta property=\"og:image\" content=\"https:\/\/autonomaprime.lv\/wp-content\/uploads\/2024\/02\/A501.jpg\" \/>\n\t<meta property=\"og:image:width\" content=\"500\" \/>\n\t<meta property=\"og:image:height\" content=\"333\" \/>\n\t<meta property=\"og:image:type\" content=\"image\/jpeg\" \/>\n<meta name=\"twitter:card\" content=\"summary_large_image\" \/>\n<meta name=\"twitter:label1\" content=\"Est. reading time\" \/>\n\t<meta name=\"twitter:data1\" content=\"1 \u043c\u0438\u043d\u0443\u0442\u0430\" \/>\n<script type=\"application\/ld+json\" class=\"yoast-schema-graph\">{\"@context\":\"https:\/\/schema.org\",\"@graph\":[{\"@type\":\"WebPage\",\"@id\":\"https:\/\/autonomaprime.lv\/auto-noma\/audi-a5-sportback-13-copy\/\",\"url\":\"https:\/\/autonomaprime.lv\/auto-noma\/audi-a5-sportback-13-copy\/\",\"name\":\"AUDI A5 Sportback '13 - Elegance par mazbud\u017eeta auto cenu.\",\"isPartOf\":{\"@id\":\"https:\/\/autonomaprime.lv\/#website\"},\"datePublished\":\"2024-02-15T08:32:07+00:00\",\"dateModified\":\"2024-03-18T15:05:22+00:00\",\"description\":\"AUDI A5 Sportback '13 - nom\u0101 eleganto Audi A5 par mazbud\u017eeta cenu, nom\u0101 \u012bstermi\u0146\u0101 vai ilgtermi\u0146\u0101 ar iesp\u0113ju nomas automa\u0161\u012bnu izpirkt.\",\"breadcrumb\":{\"@id\":\"https:\/\/autonomaprime.lv\/auto-noma\/audi-a5-sportback-13-copy\/#breadcrumb\"},\"inLanguage\":\"ru-RU\",\"potentialAction\":[{\"@type\":\"ReadAction\",\"target\":[\"https:\/\/autonomaprime.lv\/auto-noma\/audi-a5-sportback-13-copy\/\"]}]},{\"@type\":\"BreadcrumbList\",\"@id\":\"https:\/\/autonomaprime.lv\/auto-noma\/audi-a5-sportback-13-copy\/#breadcrumb\",\"itemListElement\":[{\"@type\":\"ListItem\",\"position\":1,\"name\":\"Home\",\"item\":\"https:\/\/autonomaprime.lv\/\"},{\"@type\":\"ListItem\",\"position\":2,\"name\":\"SandBox\",\"item\":\"https:\/\/autonomaprime.lv\/sandbox\/\"},{\"@type\":\"ListItem\",\"position\":3,\"name\":\"AUDI A5 Sportback &#8217;13\"}]},{\"@type\":\"WebSite\",\"@id\":\"https:\/\/autonomaprime.lv\/#website\",\"url\":\"https:\/\/autonomaprime.lv\/\",\"name\":\"Auto Noma | Iz\u012br\u0113 Automa\u0161\u012bnu Izdev\u012bgi | PrimeAuto\",\"description\":\"\",\"publisher\":{\"@id\":\"https:\/\/autonomaprime.lv\/#organization\"},\"potentialAction\":[{\"@type\":\"SearchAction\",\"target\":{\"@type\":\"EntryPoint\",\"urlTemplate\":\"https:\/\/autonomaprime.lv\/?s={search_term_string}\"},\"query-input\":\"required name=search_term_string\"}],\"inLanguage\":\"ru-RU\"},{\"@type\":\"Organization\",\"@id\":\"https:\/\/autonomaprime.lv\/#organization\",\"name\":\"Auto Noma | Iz\u012br\u0113 Automa\u0161\u012bnu Izdev\u012bgi | PrimeAuto\",\"url\":\"https:\/\/autonomaprime.lv\/\",\"logo\":{\"@type\":\"ImageObject\",\"inLanguage\":\"ru-RU\",\"@id\":\"https:\/\/autonomaprime.lv\/#\/schema\/logo\/image\/\",\"url\":\"https:\/\/autonomaprime.lv\/wp-content\/uploads\/2024\/02\/cropped-primeauto.webp\",\"contentUrl\":\"https:\/\/autonomaprime.lv\/wp-content\/uploads\/2024\/02\/cropped-primeauto.webp\",\"width\":387,\"height\":112,\"caption\":\"Auto Noma | Iz\u012br\u0113 Automa\u0161\u012bnu Izdev\u012bgi | PrimeAuto\"},\"image\":{\"@id\":\"https:\/\/autonomaprime.lv\/#\/schema\/logo\/image\/\"}}]}<\/script>\n<!-- \/ Yoast SEO plugin. -->","yoast_head_json":{"title":"AUDI A5 Sportback '13 - Elegance par mazbud\u017eeta auto cenu.","description":"AUDI A5 Sportback '13 - nom\u0101 eleganto Audi A5 par mazbud\u017eeta cenu, nom\u0101 \u012bstermi\u0146\u0101 vai ilgtermi\u0146\u0101 ar iesp\u0113ju nomas automa\u0161\u012bnu izpirkt.","robots":{"index":"index","follow":"follow","max-snippet":"max-snippet:-1","max-image-preview":"max-image-preview:large","max-video-preview":"max-video-preview:-1"},"canonical":"https:\/\/autonomaprime.lv\/ru\/auto-noma\/audi-a5-sportback-13-copy\/","og_locale":"ru_RU","og_type":"article","og_title":"AUDI A5 Sportback '13 - Elegance par mazbud\u017eeta auto cenu.","og_description":"AUDI A5 Sportback '13 - nom\u0101 eleganto Audi A5 par mazbud\u017eeta cenu, nom\u0101 \u012bstermi\u0146\u0101 vai ilgtermi\u0146\u0101 ar iesp\u0113ju nomas automa\u0161\u012bnu izpirkt.","og_url":"https:\/\/autonomaprime.lv\/ru\/auto-noma\/audi-a5-sportback-13-copy\/","og_site_name":"Auto Noma | Iz\u012br\u0113 Automa\u0161\u012bnu Izdev\u012bgi | PrimeAuto","article_modified_time":"2024-03-18T15:05:22+00:00","og_image":[{"width":500,"height":333,"url":"https:\/\/autonomaprime.lv\/wp-content\/uploads\/2024\/02\/A501.jpg","type":"image\/jpeg"}],"twitter_card":"summary_large_image","twitter_misc":{"Est. reading time":"1 \u043c\u0438\u043d\u0443\u0442\u0430"},"schema":{"@context":"https:\/\/schema.org","@graph":[{"@type":"WebPage","@id":"https:\/\/autonomaprime.lv\/auto-noma\/audi-a5-sportback-13-copy\/","url":"https:\/\/autonomaprime.lv\/auto-noma\/audi-a5-sportback-13-copy\/","name":"AUDI A5 Sportback '13 - Elegance par mazbud\u017eeta auto cenu.","isPartOf":{"@id":"https:\/\/autonomaprime.lv\/#website"},"datePublished":"2024-02-15T08:32:07+00:00","dateModified":"2024-03-18T15:05:22+00:00","description":"AUDI A5 Sportback '13 - nom\u0101 eleganto Audi A5 par mazbud\u017eeta cenu, nom\u0101 \u012bstermi\u0146\u0101 vai ilgtermi\u0146\u0101 ar iesp\u0113ju nomas automa\u0161\u012bnu izpirkt.","breadcrumb":{"@id":"https:\/\/autonomaprime.lv\/auto-noma\/audi-a5-sportback-13-copy\/#breadcrumb"},"inLanguage":"ru-RU","potentialAction":[{"@type":"ReadAction","target":["https:\/\/autonomaprime.lv\/auto-noma\/audi-a5-sportback-13-copy\/"]}]},{"@type":"BreadcrumbList","@id":"https:\/\/autonomaprime.lv\/auto-noma\/audi-a5-sportback-13-copy\/#breadcrumb","itemListElement":[{"@type":"ListItem","position":1,"name":"Home","item":"https:\/\/autonomaprime.lv\/"},{"@type":"ListItem","position":2,"name":"SandBox","item":"https:\/\/autonomaprime.lv\/sandbox\/"},{"@type":"ListItem","position":3,"name":"AUDI A5 Sportback &#8217;13"}]},{"@type":"WebSite","@id":"https:\/\/autonomaprime.lv\/#website","url":"https:\/\/autonomaprime.lv\/","name":"Auto Noma | Iz\u012br\u0113 Automa\u0161\u012bnu Izdev\u012bgi | PrimeAuto","description":"","publisher":{"@id":"https:\/\/autonomaprime.lv\/#organization"},"potentialAction":[{"@type":"SearchAction","target":{"@type":"EntryPoint","urlTemplate":"https:\/\/autonomaprime.lv\/?s={search_term_string}"},"query-input":"required name=search_term_string"}],"inLanguage":"ru-RU"},{"@type":"Organization","@id":"https:\/\/autonomaprime.lv\/#organization","name":"Auto Noma | Iz\u012br\u0113 Automa\u0161\u012bnu Izdev\u012bgi | PrimeAuto","url":"https:\/\/autonomaprime.lv\/","logo":{"@type":"ImageObject","inLanguage":"ru-RU","@id":"https:\/\/autonomaprime.lv\/#\/schema\/logo\/image\/","url":"https:\/\/autonomaprime.lv\/wp-content\/uploads\/2024\/02\/cropped-primeauto.webp","contentUrl":"https:\/\/autonomaprime.lv\/wp-content\/uploads\/2024\/02\/cropped-primeauto.webp","width":387,"height":112,"caption":"Auto Noma | Iz\u012br\u0113 Automa\u0161\u012bnu Izdev\u012bgi | PrimeAuto"},"image":{"@id":"https:\/\/autonomaprime.lv\/#\/schema\/logo\/image\/"}}]}},"_links":{"self":[{"href":"https:\/\/autonomaprime.lv\/ru\/wp-json\/wp\/v2\/product\/137","targetHints":{"allow":["GET"]}}],"collection":[{"href":"https:\/\/autonomaprime.lv\/ru\/wp-json\/wp\/v2\/product"}],"about":[{"href":"https:\/\/autonomaprime.lv\/ru\/wp-json\/wp\/v2\/types\/product"}],"wp:featuredmedia":[{"embeddable":true,"href":"https:\/\/autonomaprime.lv\/ru\/wp-json\/wp\/v2\/media\/128"}],"wp:attachment":[{"href":"https:\/\/autonomaprime.lv\/ru\/wp-json\/wp\/v2\/media?parent=137"}],"wp:term":[{"taxonomy":"product_cat","embeddable":true,"href":"https:\/\/autonomaprime.lv\/ru\/wp-json\/wp\/v2\/product_cat?post=137"},{"taxonomy":"product_tag","embeddable":true,"href":"https:\/\/autonomaprime.lv\/ru\/wp-json\/wp\/v2\/product_tag?post=137"}],"curies":[{"name":"wp","href":"https:\/\/api.w.org\/{rel}","templated":true}]}}