{"id":127,"date":"2024-02-15T08:16:41","date_gmt":"2024-02-15T08:16:41","guid":{"rendered":"https:\/\/autonomaprime.lv\/?post_type=product&#038;p=127"},"modified":"2024-03-18T15:07:28","modified_gmt":"2024-03-18T15:07:28","slug":"audi-a5-sportback-13","status":"publish","type":"product","link":"https:\/\/autonomaprime.lv\/ru\/auto-noma\/audi-a5-sportback-13\/","title":{"rendered":"\u041f\u0440\u043e\u043a\u0430\u0442 \u0430\u0432\u0442\u043e\u043c\u043e\u0431\u0438\u043b\u044f AUDI A5 Sportback S-Line &#039;13"},"content":{"rendered":"<p>AUDI A5 SPORTBACK S-LINE Lieliska izv\u0113le akt\u012bviem auto brauc\u0113jiem. Iem\u012b\u013cotais Audi A5 Sportback ar S l\u012bnijas paketi, kas ietver sportisku virsb\u016bves komplektu \u2013 sportisk\u0101ku priek\u0161\u0113jo bamperi ar alum\u012bnija l\u012bniju, difuzoru uz aizmugur\u0113j\u0101 bampera, S l\u012bnijas embl\u0113mas uz priek\u0161\u0113jiem sp\u0101rniem un s\u0101nu pane\u013ca, k\u0101 ar\u012b hrom\u0113tus izp\u016bt\u0113jus. \u0160\u012b auto salon\u0101 ir j\u016btama tipisk\u0101 Audi gaisotne \u2013 augstv\u0113rt\u012bgi, perfekti izgatavoti materi\u0101li un prec\u012bzi saska\u0146otas kr\u0101sas. Lai pierastu pie vad\u012bbas un displeja koncepcijas, nav nepiecie\u0161ams ilgs laiks \u2013 komfortabla un p\u0101rliecin\u0101ta brauk\u0161ana ir garant\u0113ta! Ar\u012b bag\u0101\u017eas nodal\u012bjums ir veidots no augstv\u0113rt\u012bgiem materi\u0101liem, un tam ir pareiza, kvadr\u0101tveida forma. Auto raksturo s\u0101nu l\u012bnijas vi\u013c\u0146veid\u012bg\u0101 forma un akcent\u0113ti ieliekumi virs rite\u0146u ark\u0101m. \u0160\u012b sportisk\u0101 un \u0113rt\u0101 auto \u012bre pal\u012bdz\u0113s izbaud\u012bt lieliskas brauk\u0161anas \u012bpa\u0161\u012bbas un p\u0101rsteigs ar kvalit\u0101ti, apdares materi\u0101liem un papildu iesp\u0113j\u0101m.<\/p>","protected":false},"excerpt":{"rendered":"<p>AUDI A5 SPORTBACK S-LINE Lieliska izv\u0113le akt\u012bviem auto brauc\u0113jiem. Iem\u012b\u013cotais Audi A5 Sportback ar S l\u012bnijas paketi, kas ietver sportisku virsb\u016bves komplektu \u2013 sportisk\u0101ku priek\u0161\u0113jo bamperi ar alum\u012bnija l\u012bniju, difuzoru uz aizmugur\u0113j\u0101 bampera, S l\u012bnijas embl\u0113mas uz priek\u0161\u0113jiem sp\u0101rniem un s\u0101nu pane\u013ca, k\u0101 ar\u012b hrom\u0113tus izp\u016bt\u0113jus. \u0160\u012b auto salon\u0101 ir j\u016btama tipisk\u0101 Audi gaisotne \u2013 augstv\u0113rt\u012bgi, perfekti izgatavoti materi\u0101li un prec\u012bzi saska\u0146otas kr\u0101sas. Lai pierastu pie vad\u012bbas un displeja koncepcijas, nav nepiecie\u0161ams ilgs laiks \u2013 komfortabla un p\u0101rliecin\u0101ta brauk\u0161ana ir garant\u0113ta! Ar\u012b bag\u0101\u017eas nodal\u012bjums ir veidots no augstv\u0113rt\u012bgiem materi\u0101liem, un tam ir pareiza, kvadr\u0101tveida forma. Auto raksturo s\u0101nu l\u012bnijas vi\u013c\u0146veid\u012bg\u0101 forma un akcent\u0113ti ieliekumi virs rite\u0146u ark\u0101m. \u0160\u012b sportisk\u0101 un \u0113rt\u0101 auto \u012bre pal\u012bdz\u0113s izbaud\u012bt lieliskas brauk\u0161anas \u012bpa\u0161\u012bbas un p\u0101rsteigs ar kvalit\u0101ti, apdares materi\u0101liem un papildu iesp\u0113j\u0101m.<\/p>","protected":false},"featured_media":149,"template":"","meta":[],"product_cat":[23,24],"product_tag":[],"class_list":{"0":"post-127","1":"product","2":"type-product","3":"status-publish","4":"has-post-thumbnail","6":"product_cat-auto-noma","7":"product_cat-audi","9":"first","10":"instock","11":"shipping-taxable","12":"purchasable","13":"product-type-ovabrw_car_rental"},"yoast_head":"<!-- This site is optimized with the Yoast SEO plugin v22.0 - https:\/\/yoast.com\/wordpress\/plugins\/seo\/ -->\n<title>Auto Noma AUDI A5 Sportback S-Line &#039;13 -Iz\u012br\u0113 premium auto R\u012bg\u0101<\/title>\n<meta name=\"description\" content=\"Auto Noma AUDI A5 Sportback S-Line &#039;13 - elegants, moderns premium nomas auto kl\u0101sts par lielisk\u0101m cen\u0101m. Auto noma priv\u0101tperson\u0101m, uz\u0146\u0113mumiem\" \/>\n<meta name=\"robots\" content=\"index, follow, max-snippet:-1, max-image-preview:large, max-video-preview:-1\" \/>\n<link rel=\"canonical\" href=\"https:\/\/autonomaprime.lv\/ru\/auto-noma\/audi-a5-sportback-13\/\" \/>\n<meta property=\"og:locale\" content=\"ru_RU\" \/>\n<meta property=\"og:type\" content=\"article\" \/>\n<meta property=\"og:title\" content=\"Auto Noma AUDI A5 Sportback S-Line &#039;13 -Iz\u012br\u0113 premium auto R\u012bg\u0101\" \/>\n<meta property=\"og:description\" content=\"Auto Noma AUDI A5 Sportback S-Line &#039;13 - elegants, moderns premium nomas auto kl\u0101sts par lielisk\u0101m cen\u0101m. Auto noma priv\u0101tperson\u0101m, uz\u0146\u0113mumiem\" \/>\n<meta property=\"og:url\" content=\"https:\/\/autonomaprime.lv\/ru\/auto-noma\/audi-a5-sportback-13\/\" \/>\n<meta property=\"og:site_name\" content=\"Auto Noma | Iz\u012br\u0113 Automa\u0161\u012bnu Izdev\u012bgi | PrimeAuto\" \/>\n<meta property=\"article:modified_time\" content=\"2024-03-18T15:07:28+00:00\" \/>\n<meta property=\"og:image\" content=\"https:\/\/autonomaprime.lv\/wp-content\/uploads\/2024\/02\/01_LM8294-_A5-Add.jpg\" \/>\n\t<meta property=\"og:image:width\" content=\"500\" \/>\n\t<meta property=\"og:image:height\" content=\"333\" \/>\n\t<meta property=\"og:image:type\" content=\"image\/jpeg\" \/>\n<meta name=\"twitter:card\" content=\"summary_large_image\" \/>\n<meta name=\"twitter:label1\" content=\"Est. reading time\" \/>\n\t<meta name=\"twitter:data1\" content=\"1 \u043c\u0438\u043d\u0443\u0442\u0430\" \/>\n<script type=\"application\/ld+json\" class=\"yoast-schema-graph\">{\"@context\":\"https:\/\/schema.org\",\"@graph\":[{\"@type\":\"WebPage\",\"@id\":\"https:\/\/autonomaprime.lv\/auto-noma\/audi-a5-sportback-13\/\",\"url\":\"https:\/\/autonomaprime.lv\/auto-noma\/audi-a5-sportback-13\/\",\"name\":\"Auto Noma AUDI A5 Sportback S-Line '13 -Iz\u012br\u0113 premium auto R\u012bg\u0101\",\"isPartOf\":{\"@id\":\"https:\/\/autonomaprime.lv\/#website\"},\"datePublished\":\"2024-02-15T08:16:41+00:00\",\"dateModified\":\"2024-03-18T15:07:28+00:00\",\"description\":\"Auto Noma AUDI A5 Sportback S-Line '13 - elegants, moderns premium nomas auto kl\u0101sts par lielisk\u0101m cen\u0101m. Auto noma priv\u0101tperson\u0101m, uz\u0146\u0113mumiem\",\"breadcrumb\":{\"@id\":\"https:\/\/autonomaprime.lv\/auto-noma\/audi-a5-sportback-13\/#breadcrumb\"},\"inLanguage\":\"ru-RU\",\"potentialAction\":[{\"@type\":\"ReadAction\",\"target\":[\"https:\/\/autonomaprime.lv\/auto-noma\/audi-a5-sportback-13\/\"]}]},{\"@type\":\"BreadcrumbList\",\"@id\":\"https:\/\/autonomaprime.lv\/auto-noma\/audi-a5-sportback-13\/#breadcrumb\",\"itemListElement\":[{\"@type\":\"ListItem\",\"position\":1,\"name\":\"Home\",\"item\":\"https:\/\/autonomaprime.lv\/\"},{\"@type\":\"ListItem\",\"position\":2,\"name\":\"SandBox\",\"item\":\"https:\/\/autonomaprime.lv\/sandbox\/\"},{\"@type\":\"ListItem\",\"position\":3,\"name\":\"Auto Noma AUDI A5 Sportback S-Line &#8217;13\"}]},{\"@type\":\"WebSite\",\"@id\":\"https:\/\/autonomaprime.lv\/#website\",\"url\":\"https:\/\/autonomaprime.lv\/\",\"name\":\"Auto Noma | Iz\u012br\u0113 Automa\u0161\u012bnu Izdev\u012bgi | PrimeAuto\",\"description\":\"\",\"publisher\":{\"@id\":\"https:\/\/autonomaprime.lv\/#organization\"},\"potentialAction\":[{\"@type\":\"SearchAction\",\"target\":{\"@type\":\"EntryPoint\",\"urlTemplate\":\"https:\/\/autonomaprime.lv\/?s={search_term_string}\"},\"query-input\":\"required name=search_term_string\"}],\"inLanguage\":\"ru-RU\"},{\"@type\":\"Organization\",\"@id\":\"https:\/\/autonomaprime.lv\/#organization\",\"name\":\"Auto Noma | Iz\u012br\u0113 Automa\u0161\u012bnu Izdev\u012bgi | PrimeAuto\",\"url\":\"https:\/\/autonomaprime.lv\/\",\"logo\":{\"@type\":\"ImageObject\",\"inLanguage\":\"ru-RU\",\"@id\":\"https:\/\/autonomaprime.lv\/#\/schema\/logo\/image\/\",\"url\":\"https:\/\/autonomaprime.lv\/wp-content\/uploads\/2024\/02\/cropped-primeauto.webp\",\"contentUrl\":\"https:\/\/autonomaprime.lv\/wp-content\/uploads\/2024\/02\/cropped-primeauto.webp\",\"width\":387,\"height\":112,\"caption\":\"Auto Noma | Iz\u012br\u0113 Automa\u0161\u012bnu Izdev\u012bgi | PrimeAuto\"},\"image\":{\"@id\":\"https:\/\/autonomaprime.lv\/#\/schema\/logo\/image\/\"}}]}<\/script>\n<!-- \/ Yoast SEO plugin. -->","yoast_head_json":{"title":"Auto Noma AUDI A5 Sportback S-Line '13 -Iz\u012br\u0113 premium auto R\u012bg\u0101","description":"Auto Noma AUDI A5 Sportback S-Line '13 - elegants, moderns premium nomas auto kl\u0101sts par lielisk\u0101m cen\u0101m. Auto noma priv\u0101tperson\u0101m, uz\u0146\u0113mumiem","robots":{"index":"index","follow":"follow","max-snippet":"max-snippet:-1","max-image-preview":"max-image-preview:large","max-video-preview":"max-video-preview:-1"},"canonical":"https:\/\/autonomaprime.lv\/ru\/auto-noma\/audi-a5-sportback-13\/","og_locale":"ru_RU","og_type":"article","og_title":"Auto Noma AUDI A5 Sportback S-Line '13 -Iz\u012br\u0113 premium auto R\u012bg\u0101","og_description":"Auto Noma AUDI A5 Sportback S-Line '13 - elegants, moderns premium nomas auto kl\u0101sts par lielisk\u0101m cen\u0101m. Auto noma priv\u0101tperson\u0101m, uz\u0146\u0113mumiem","og_url":"https:\/\/autonomaprime.lv\/ru\/auto-noma\/audi-a5-sportback-13\/","og_site_name":"Auto Noma | Iz\u012br\u0113 Automa\u0161\u012bnu Izdev\u012bgi | PrimeAuto","article_modified_time":"2024-03-18T15:07:28+00:00","og_image":[{"width":500,"height":333,"url":"https:\/\/autonomaprime.lv\/wp-content\/uploads\/2024\/02\/01_LM8294-_A5-Add.jpg","type":"image\/jpeg"}],"twitter_card":"summary_large_image","twitter_misc":{"Est. reading time":"1 \u043c\u0438\u043d\u0443\u0442\u0430"},"schema":{"@context":"https:\/\/schema.org","@graph":[{"@type":"WebPage","@id":"https:\/\/autonomaprime.lv\/auto-noma\/audi-a5-sportback-13\/","url":"https:\/\/autonomaprime.lv\/auto-noma\/audi-a5-sportback-13\/","name":"Auto Noma AUDI A5 Sportback S-Line '13 -Iz\u012br\u0113 premium auto R\u012bg\u0101","isPartOf":{"@id":"https:\/\/autonomaprime.lv\/#website"},"datePublished":"2024-02-15T08:16:41+00:00","dateModified":"2024-03-18T15:07:28+00:00","description":"Auto Noma AUDI A5 Sportback S-Line '13 - elegants, moderns premium nomas auto kl\u0101sts par lielisk\u0101m cen\u0101m. Auto noma priv\u0101tperson\u0101m, uz\u0146\u0113mumiem","breadcrumb":{"@id":"https:\/\/autonomaprime.lv\/auto-noma\/audi-a5-sportback-13\/#breadcrumb"},"inLanguage":"ru-RU","potentialAction":[{"@type":"ReadAction","target":["https:\/\/autonomaprime.lv\/auto-noma\/audi-a5-sportback-13\/"]}]},{"@type":"BreadcrumbList","@id":"https:\/\/autonomaprime.lv\/auto-noma\/audi-a5-sportback-13\/#breadcrumb","itemListElement":[{"@type":"ListItem","position":1,"name":"Home","item":"https:\/\/autonomaprime.lv\/"},{"@type":"ListItem","position":2,"name":"SandBox","item":"https:\/\/autonomaprime.lv\/sandbox\/"},{"@type":"ListItem","position":3,"name":"Auto Noma AUDI A5 Sportback S-Line &#8217;13"}]},{"@type":"WebSite","@id":"https:\/\/autonomaprime.lv\/#website","url":"https:\/\/autonomaprime.lv\/","name":"Auto Noma | Iz\u012br\u0113 Automa\u0161\u012bnu Izdev\u012bgi | PrimeAuto","description":"","publisher":{"@id":"https:\/\/autonomaprime.lv\/#organization"},"potentialAction":[{"@type":"SearchAction","target":{"@type":"EntryPoint","urlTemplate":"https:\/\/autonomaprime.lv\/?s={search_term_string}"},"query-input":"required name=search_term_string"}],"inLanguage":"ru-RU"},{"@type":"Organization","@id":"https:\/\/autonomaprime.lv\/#organization","name":"Auto Noma | Iz\u012br\u0113 Automa\u0161\u012bnu Izdev\u012bgi | PrimeAuto","url":"https:\/\/autonomaprime.lv\/","logo":{"@type":"ImageObject","inLanguage":"ru-RU","@id":"https:\/\/autonomaprime.lv\/#\/schema\/logo\/image\/","url":"https:\/\/autonomaprime.lv\/wp-content\/uploads\/2024\/02\/cropped-primeauto.webp","contentUrl":"https:\/\/autonomaprime.lv\/wp-content\/uploads\/2024\/02\/cropped-primeauto.webp","width":387,"height":112,"caption":"Auto Noma | Iz\u012br\u0113 Automa\u0161\u012bnu Izdev\u012bgi | PrimeAuto"},"image":{"@id":"https:\/\/autonomaprime.lv\/#\/schema\/logo\/image\/"}}]}},"_links":{"self":[{"href":"https:\/\/autonomaprime.lv\/ru\/wp-json\/wp\/v2\/product\/127","targetHints":{"allow":["GET"]}}],"collection":[{"href":"https:\/\/autonomaprime.lv\/ru\/wp-json\/wp\/v2\/product"}],"about":[{"href":"https:\/\/autonomaprime.lv\/ru\/wp-json\/wp\/v2\/types\/product"}],"wp:featuredmedia":[{"embeddable":true,"href":"https:\/\/autonomaprime.lv\/ru\/wp-json\/wp\/v2\/media\/149"}],"wp:attachment":[{"href":"https:\/\/autonomaprime.lv\/ru\/wp-json\/wp\/v2\/media?parent=127"}],"wp:term":[{"taxonomy":"product_cat","embeddable":true,"href":"https:\/\/autonomaprime.lv\/ru\/wp-json\/wp\/v2\/product_cat?post=127"},{"taxonomy":"product_tag","embeddable":true,"href":"https:\/\/autonomaprime.lv\/ru\/wp-json\/wp\/v2\/product_tag?post=127"}],"curies":[{"name":"wp","href":"https:\/\/api.w.org\/{rel}","templated":true}]}}