{"id":326,"date":"2024-02-15T12:44:46","date_gmt":"2024-02-15T12:44:46","guid":{"rendered":"https:\/\/autonomaprime.lv\/?post_type=product&#038;p=326"},"modified":"2024-03-19T14:33:13","modified_gmt":"2024-03-19T14:33:13","slug":"audi-a5-sportback-s-line-quattro-16-2","status":"publish","type":"product","link":"https:\/\/autonomaprime.lv\/en\/auto-noma\/audi-a5-sportback-s-line-quattro-16-2\/","title":{"rendered":"Auto noma AUDI A5 Sportback S-Line Quattro &#8217;16"},"content":{"rendered":"<p>Auto noma &#8220;Prime Auto&#8221; R\u012bg\u0101 pied\u0101v\u0101 nomas automa\u0161\u012bnu &#8211; Audi A5 Quattro Premium Edition. AUDI A5 Sportback Quattro apvieno elegantu dizainu ar jaud\u012bgu veiktsp\u0113ju. T\u0101 pilnpiedzi\u0146as sist\u0113ma nodro\u0161ina izcilu sa\u0137eri un vad\u0101m\u012bbu da\u017e\u0101dos ce\u013ca apst\u0101k\u013cos. Sportback dizains pied\u0101v\u0101 stil\u012bgu, bet praktisku piecu durvju izk\u0101rtojumu, padarot to daudzpus\u012bgu ikdienas lieto\u0161anai. A5 Sportback Quattro ar turbodzin\u0113ju un atsauc\u012bgo st\u016bres iek\u0101rtu nodro\u0161ina aizraujo\u0161u brauk\u0161anas pieredzi. Lieliska izv\u0113le autobrauc\u0113jiem, kuru priorit\u0101te ir stils un komforts.<\/p>","protected":false},"excerpt":{"rendered":"<p>Auto noma &#8220;Prime Auto&#8221; R\u012bg\u0101 pied\u0101v\u0101 nomas automa\u0161\u012bnu &#8211; Audi A5 Quattro Premium Edition. AUDI A5 Sportback Quattro apvieno elegantu dizainu ar jaud\u012bgu veiktsp\u0113ju. T\u0101 pilnpiedzi\u0146as sist\u0113ma nodro\u0161ina izcilu sa\u0137eri un vad\u0101m\u012bbu da\u017e\u0101dos ce\u013ca apst\u0101k\u013cos. Sportback dizains pied\u0101v\u0101 stil\u012bgu, bet praktisku piecu durvju izk\u0101rtojumu, padarot to daudzpus\u012bgu ikdienas lieto\u0161anai. A5 Sportback Quattro ar turbodzin\u0113ju un atsauc\u012bgo st\u016bres iek\u0101rtu nodro\u0161ina aizraujo\u0161u brauk\u0161anas pieredzi. Lieliska izv\u0113le autobrauc\u0113jiem, kuru priorit\u0101te ir stils un komforts. Pied\u0101v\u0101jam \u0161o un citus nomas auto ar pieg\u0101di R\u012bg\u0101 un Lidost\u0101 RIX.<\/p>","protected":false},"featured_media":714,"template":"","meta":[],"product_cat":[23,24],"product_tag":[],"class_list":{"0":"post-326","1":"product","2":"type-product","3":"status-publish","4":"has-post-thumbnail","6":"product_cat-auto-noma","7":"product_cat-audi","9":"first","10":"instock","11":"shipping-taxable","12":"purchasable","13":"product-type-ovabrw_car_rental"},"yoast_head":"<!-- This site is optimized with the Yoast SEO plugin v22.0 - https:\/\/yoast.com\/wordpress\/plugins\/seo\/ -->\n<title>Auto noma AUDI A5 Sportback S-Line Quattro &#039;16. Pieejams R\u012bg\u0101<\/title>\n<meta name=\"description\" content=\"Auto noma - Audi A5 Sportback S-Line Quattro &#039;16, premium klases auto par mazbud\u017eeta auto cenu. Izdev\u012bgi nosac\u012bjumi, \u012bstermi\u0146a\/ ilgtermi\u0146a noma\" \/>\n<meta name=\"robots\" content=\"index, follow, max-snippet:-1, max-image-preview:large, max-video-preview:-1\" \/>\n<link rel=\"canonical\" href=\"https:\/\/autonomaprime.lv\/en\/auto-noma\/audi-a5-sportback-s-line-quattro-16-2\/\" \/>\n<meta property=\"og:locale\" content=\"en_GB\" \/>\n<meta property=\"og:type\" content=\"article\" \/>\n<meta property=\"og:title\" content=\"Auto noma AUDI A5 Sportback S-Line Quattro &#039;16. Pieejams R\u012bg\u0101\" \/>\n<meta property=\"og:description\" content=\"Auto noma - Audi A5 Sportback S-Line Quattro &#039;16, premium klases auto par mazbud\u017eeta auto cenu. Izdev\u012bgi nosac\u012bjumi, \u012bstermi\u0146a\/ ilgtermi\u0146a noma\" \/>\n<meta property=\"og:url\" content=\"https:\/\/autonomaprime.lv\/en\/auto-noma\/audi-a5-sportback-s-line-quattro-16-2\/\" \/>\n<meta property=\"og:site_name\" content=\"Auto Noma | Iz\u012br\u0113 Automa\u0161\u012bnu Izdev\u012bgi | PrimeAuto\" \/>\n<meta property=\"article:modified_time\" content=\"2024-03-19T14:33:13+00:00\" \/>\n<meta property=\"og:image\" content=\"https:\/\/autonomaprime.lv\/wp-content\/uploads\/2024\/02\/PAKLAVSsesh-8-2.jpg\" \/>\n\t<meta property=\"og:image:width\" content=\"2048\" \/>\n\t<meta property=\"og:image:height\" content=\"1365\" \/>\n\t<meta property=\"og:image:type\" content=\"image\/jpeg\" \/>\n<meta name=\"twitter:card\" content=\"summary_large_image\" \/>\n<meta name=\"twitter:label1\" content=\"Est. reading time\" \/>\n\t<meta name=\"twitter:data1\" content=\"1 minute\" \/>\n<script type=\"application\/ld+json\" class=\"yoast-schema-graph\">{\"@context\":\"https:\/\/schema.org\",\"@graph\":[{\"@type\":\"WebPage\",\"@id\":\"https:\/\/autonomaprime.lv\/auto-noma\/audi-a5-sportback-s-line-quattro-16-2\/\",\"url\":\"https:\/\/autonomaprime.lv\/auto-noma\/audi-a5-sportback-s-line-quattro-16-2\/\",\"name\":\"Auto noma AUDI A5 Sportback S-Line Quattro '16. Pieejams R\u012bg\u0101\",\"isPartOf\":{\"@id\":\"https:\/\/autonomaprime.lv\/#website\"},\"datePublished\":\"2024-02-15T12:44:46+00:00\",\"dateModified\":\"2024-03-19T14:33:13+00:00\",\"description\":\"Auto noma - Audi A5 Sportback S-Line Quattro '16, premium klases auto par mazbud\u017eeta auto cenu. Izdev\u012bgi nosac\u012bjumi, \u012bstermi\u0146a\/ ilgtermi\u0146a noma\",\"breadcrumb\":{\"@id\":\"https:\/\/autonomaprime.lv\/auto-noma\/audi-a5-sportback-s-line-quattro-16-2\/#breadcrumb\"},\"inLanguage\":\"en-GB\",\"potentialAction\":[{\"@type\":\"ReadAction\",\"target\":[\"https:\/\/autonomaprime.lv\/auto-noma\/audi-a5-sportback-s-line-quattro-16-2\/\"]}]},{\"@type\":\"BreadcrumbList\",\"@id\":\"https:\/\/autonomaprime.lv\/auto-noma\/audi-a5-sportback-s-line-quattro-16-2\/#breadcrumb\",\"itemListElement\":[{\"@type\":\"ListItem\",\"position\":1,\"name\":\"Home\",\"item\":\"https:\/\/autonomaprime.lv\/\"},{\"@type\":\"ListItem\",\"position\":2,\"name\":\"SandBox\",\"item\":\"https:\/\/autonomaprime.lv\/sandbox\/\"},{\"@type\":\"ListItem\",\"position\":3,\"name\":\"Auto noma AUDI A5 Sportback S-Line Quattro &#8217;16\"}]},{\"@type\":\"WebSite\",\"@id\":\"https:\/\/autonomaprime.lv\/#website\",\"url\":\"https:\/\/autonomaprime.lv\/\",\"name\":\"Auto Noma | Iz\u012br\u0113 Automa\u0161\u012bnu Izdev\u012bgi | PrimeAuto\",\"description\":\"\",\"publisher\":{\"@id\":\"https:\/\/autonomaprime.lv\/#organization\"},\"potentialAction\":[{\"@type\":\"SearchAction\",\"target\":{\"@type\":\"EntryPoint\",\"urlTemplate\":\"https:\/\/autonomaprime.lv\/?s={search_term_string}\"},\"query-input\":\"required name=search_term_string\"}],\"inLanguage\":\"en-GB\"},{\"@type\":\"Organization\",\"@id\":\"https:\/\/autonomaprime.lv\/#organization\",\"name\":\"Auto Noma | Iz\u012br\u0113 Automa\u0161\u012bnu Izdev\u012bgi | PrimeAuto\",\"url\":\"https:\/\/autonomaprime.lv\/\",\"logo\":{\"@type\":\"ImageObject\",\"inLanguage\":\"en-GB\",\"@id\":\"https:\/\/autonomaprime.lv\/#\/schema\/logo\/image\/\",\"url\":\"https:\/\/autonomaprime.lv\/wp-content\/uploads\/2024\/02\/cropped-primeauto.webp\",\"contentUrl\":\"https:\/\/autonomaprime.lv\/wp-content\/uploads\/2024\/02\/cropped-primeauto.webp\",\"width\":387,\"height\":112,\"caption\":\"Auto Noma | Iz\u012br\u0113 Automa\u0161\u012bnu Izdev\u012bgi | PrimeAuto\"},\"image\":{\"@id\":\"https:\/\/autonomaprime.lv\/#\/schema\/logo\/image\/\"}}]}<\/script>\n<!-- \/ Yoast SEO plugin. -->","yoast_head_json":{"title":"Auto noma AUDI A5 Sportback S-Line Quattro '16. Pieejams R\u012bg\u0101","description":"Auto noma - Audi A5 Sportback S-Line Quattro '16, premium klases auto par mazbud\u017eeta auto cenu. Izdev\u012bgi nosac\u012bjumi, \u012bstermi\u0146a\/ ilgtermi\u0146a noma","robots":{"index":"index","follow":"follow","max-snippet":"max-snippet:-1","max-image-preview":"max-image-preview:large","max-video-preview":"max-video-preview:-1"},"canonical":"https:\/\/autonomaprime.lv\/en\/auto-noma\/audi-a5-sportback-s-line-quattro-16-2\/","og_locale":"en_GB","og_type":"article","og_title":"Auto noma AUDI A5 Sportback S-Line Quattro '16. Pieejams R\u012bg\u0101","og_description":"Auto noma - Audi A5 Sportback S-Line Quattro '16, premium klases auto par mazbud\u017eeta auto cenu. Izdev\u012bgi nosac\u012bjumi, \u012bstermi\u0146a\/ ilgtermi\u0146a noma","og_url":"https:\/\/autonomaprime.lv\/en\/auto-noma\/audi-a5-sportback-s-line-quattro-16-2\/","og_site_name":"Auto Noma | Iz\u012br\u0113 Automa\u0161\u012bnu Izdev\u012bgi | PrimeAuto","article_modified_time":"2024-03-19T14:33:13+00:00","og_image":[{"width":2048,"height":1365,"url":"https:\/\/autonomaprime.lv\/wp-content\/uploads\/2024\/02\/PAKLAVSsesh-8-2.jpg","type":"image\/jpeg"}],"twitter_card":"summary_large_image","twitter_misc":{"Est. reading time":"1 minute"},"schema":{"@context":"https:\/\/schema.org","@graph":[{"@type":"WebPage","@id":"https:\/\/autonomaprime.lv\/auto-noma\/audi-a5-sportback-s-line-quattro-16-2\/","url":"https:\/\/autonomaprime.lv\/auto-noma\/audi-a5-sportback-s-line-quattro-16-2\/","name":"Auto noma AUDI A5 Sportback S-Line Quattro '16. Pieejams R\u012bg\u0101","isPartOf":{"@id":"https:\/\/autonomaprime.lv\/#website"},"datePublished":"2024-02-15T12:44:46+00:00","dateModified":"2024-03-19T14:33:13+00:00","description":"Auto noma - Audi A5 Sportback S-Line Quattro '16, premium klases auto par mazbud\u017eeta auto cenu. Izdev\u012bgi nosac\u012bjumi, \u012bstermi\u0146a\/ ilgtermi\u0146a noma","breadcrumb":{"@id":"https:\/\/autonomaprime.lv\/auto-noma\/audi-a5-sportback-s-line-quattro-16-2\/#breadcrumb"},"inLanguage":"en-GB","potentialAction":[{"@type":"ReadAction","target":["https:\/\/autonomaprime.lv\/auto-noma\/audi-a5-sportback-s-line-quattro-16-2\/"]}]},{"@type":"BreadcrumbList","@id":"https:\/\/autonomaprime.lv\/auto-noma\/audi-a5-sportback-s-line-quattro-16-2\/#breadcrumb","itemListElement":[{"@type":"ListItem","position":1,"name":"Home","item":"https:\/\/autonomaprime.lv\/"},{"@type":"ListItem","position":2,"name":"SandBox","item":"https:\/\/autonomaprime.lv\/sandbox\/"},{"@type":"ListItem","position":3,"name":"Auto noma AUDI A5 Sportback S-Line Quattro &#8217;16"}]},{"@type":"WebSite","@id":"https:\/\/autonomaprime.lv\/#website","url":"https:\/\/autonomaprime.lv\/","name":"Auto Noma | Iz\u012br\u0113 Automa\u0161\u012bnu Izdev\u012bgi | PrimeAuto","description":"","publisher":{"@id":"https:\/\/autonomaprime.lv\/#organization"},"potentialAction":[{"@type":"SearchAction","target":{"@type":"EntryPoint","urlTemplate":"https:\/\/autonomaprime.lv\/?s={search_term_string}"},"query-input":"required name=search_term_string"}],"inLanguage":"en-GB"},{"@type":"Organization","@id":"https:\/\/autonomaprime.lv\/#organization","name":"Auto Noma | Iz\u012br\u0113 Automa\u0161\u012bnu Izdev\u012bgi | PrimeAuto","url":"https:\/\/autonomaprime.lv\/","logo":{"@type":"ImageObject","inLanguage":"en-GB","@id":"https:\/\/autonomaprime.lv\/#\/schema\/logo\/image\/","url":"https:\/\/autonomaprime.lv\/wp-content\/uploads\/2024\/02\/cropped-primeauto.webp","contentUrl":"https:\/\/autonomaprime.lv\/wp-content\/uploads\/2024\/02\/cropped-primeauto.webp","width":387,"height":112,"caption":"Auto Noma | Iz\u012br\u0113 Automa\u0161\u012bnu Izdev\u012bgi | PrimeAuto"},"image":{"@id":"https:\/\/autonomaprime.lv\/#\/schema\/logo\/image\/"}}]}},"_links":{"self":[{"href":"https:\/\/autonomaprime.lv\/en\/wp-json\/wp\/v2\/product\/326","targetHints":{"allow":["GET"]}}],"collection":[{"href":"https:\/\/autonomaprime.lv\/en\/wp-json\/wp\/v2\/product"}],"about":[{"href":"https:\/\/autonomaprime.lv\/en\/wp-json\/wp\/v2\/types\/product"}],"wp:featuredmedia":[{"embeddable":true,"href":"https:\/\/autonomaprime.lv\/en\/wp-json\/wp\/v2\/media\/714"}],"wp:attachment":[{"href":"https:\/\/autonomaprime.lv\/en\/wp-json\/wp\/v2\/media?parent=326"}],"wp:term":[{"taxonomy":"product_cat","embeddable":true,"href":"https:\/\/autonomaprime.lv\/en\/wp-json\/wp\/v2\/product_cat?post=326"},{"taxonomy":"product_tag","embeddable":true,"href":"https:\/\/autonomaprime.lv\/en\/wp-json\/wp\/v2\/product_tag?post=326"}],"curies":[{"name":"wp","href":"https:\/\/api.w.org\/{rel}","templated":true}]}}