{"id":313,"date":"2024-02-15T12:39:32","date_gmt":"2024-02-15T12:39:32","guid":{"rendered":"https:\/\/autonomaprime.lv\/?post_type=product&#038;p=313"},"modified":"2024-03-19T14:33:33","modified_gmt":"2024-03-19T14:33:33","slug":"audi-a6-s-line-17","status":"publish","type":"product","link":"https:\/\/autonomaprime.lv\/en\/auto-noma\/audi-a6-s-line-17\/","title":{"rendered":"Car Rental AUDI A6 S-Line &#039;17"},"content":{"rendered":"","protected":false},"excerpt":{"rendered":"<p>Iepaz\u012bstin\u0101m ar eleganto un izsmalcin\u0101to Audi A6 S-Line &#8217;17 \u2014 premium klases sedanu, kas apvieno grezn\u012bbu ar veiktsp\u0113ju. Ar sav\u0101m drosm\u012bgaj\u0101m dizaina nor\u0101d\u0113m un dinamiskaj\u0101m kont\u016br\u0101m \u0161is transportl\u012bdzeklis piesaista uzman\u012bbu uz ce\u013ca. Audi A6 S-Line &#8217;17 zem p\u0101rsega lepojas ar iespaid\u012bgu jaudu un efektivit\u0101ti, pateicoties t\u0101 progres\u012bvajai dzin\u0113ja tehnolo\u0123ijai. Neatkar\u012bgi no t\u0101, vai braucat pa pils\u0113tas iel\u0101m vai braucat pa \u0161oseju, j\u016bs piedz\u012bvosiet vienm\u0113r\u012bgu un aizraujo\u0161u braucienu katru reizi, kad s\u0113d\u012bsieties pie \u0161\u012b mode\u013ca st\u016bres. Salon\u0101 J\u016bs sagaid\u012bs grezns interjers, kas veidots, izmantojot augst\u0101k\u0101s kvalit\u0101tes materi\u0101lus un piev\u0113rsta r\u016bp\u012bga uzman\u012bba deta\u013c\u0101m. No ergonomiska s\u0113dek\u013ca l\u012bdz progres\u012bvajai inform\u0101cijas un izklaides sist\u0113mai \u2013 katrs Audi A6 S-Line &#8217;17 aspekts ir izstr\u0101d\u0101ts t\u0101, lai uzlabotu j\u016bsu brauk\u0161anas pieredzi. Apr\u012bkots ar virkni uzlabotu dro\u0161\u012bbas funkciju, j\u016bs varat baud\u012bt sirdsmieru, zinot, ka esat labi pasarg\u0101ts uz ce\u013ca. Izbaudiet automobi\u013cu izcil\u012bbas iemiesojumu ar Audi A6 S-Line &#8217;17. Neatkar\u012bgi no t\u0101 vai mekl\u0113jat veiktsp\u0113ju, komfortu vai stilu, \u0161is sedans ir teicams vis\u0101s front\u0113s. Pied\u0101v\u0101jam \u0161o un citus nomas auto ar pieg\u0101di R\u012bg\u0101 un Lidost\u0101 RIX.<\/p>","protected":false},"featured_media":642,"template":"","meta":[],"product_cat":[23,24],"product_tag":[],"class_list":{"0":"post-313","1":"product","2":"type-product","3":"status-publish","4":"has-post-thumbnail","6":"product_cat-auto-noma","7":"product_cat-audi","9":"first","10":"instock","11":"shipping-taxable","12":"purchasable","13":"product-type-ovabrw_car_rental"},"yoast_head":"<!-- This site is optimized with the Yoast SEO plugin v22.0 - https:\/\/yoast.com\/wordpress\/plugins\/seo\/ -->\n<title>Auto Noma - Izv\u0113lies premium l\u012bme\u0146a auto - AUDI A6 S-Line &#039;17<\/title>\n<meta name=\"description\" content=\"Auto nomas sortiment\u0101 premium l\u012bme\u0146a auto - AUDI A6 S-Line &#039;17, nomas auto pieejams \u012bstermi\u0146\u0101 un ilgtermi\u0146\u0101 ar iesp\u0113ju izpirkt. Draudz\u012bgas cenas\" \/>\n<meta name=\"robots\" content=\"index, follow, max-snippet:-1, max-image-preview:large, max-video-preview:-1\" \/>\n<link rel=\"canonical\" href=\"https:\/\/autonomaprime.lv\/en\/auto-noma\/audi-a6-s-line-17\/\" \/>\n<meta property=\"og:locale\" content=\"en_GB\" \/>\n<meta property=\"og:type\" content=\"article\" \/>\n<meta property=\"og:title\" content=\"Auto Noma - Izv\u0113lies premium l\u012bme\u0146a auto - AUDI A6 S-Line &#039;17\" \/>\n<meta property=\"og:description\" content=\"Auto nomas sortiment\u0101 premium l\u012bme\u0146a auto - AUDI A6 S-Line &#039;17, nomas auto pieejams \u012bstermi\u0146\u0101 un ilgtermi\u0146\u0101 ar iesp\u0113ju izpirkt. Draudz\u012bgas cenas\" \/>\n<meta property=\"og:url\" content=\"https:\/\/autonomaprime.lv\/en\/auto-noma\/audi-a6-s-line-17\/\" \/>\n<meta property=\"og:site_name\" content=\"Auto Noma | Iz\u012br\u0113 Automa\u0161\u012bnu Izdev\u012bgi | PrimeAuto\" \/>\n<meta property=\"article:modified_time\" content=\"2024-03-19T14:33:33+00:00\" \/>\n<meta property=\"og:image\" content=\"https:\/\/autonomaprime.lv\/wp-content\/uploads\/2024\/02\/PAKLAVSsesh-31.jpg\" \/>\n\t<meta property=\"og:image:width\" content=\"2048\" \/>\n\t<meta property=\"og:image:height\" content=\"1365\" \/>\n\t<meta property=\"og:image:type\" content=\"image\/jpeg\" \/>\n<meta name=\"twitter:card\" content=\"summary_large_image\" \/>\n<meta name=\"twitter:label1\" content=\"Est. reading time\" \/>\n\t<meta name=\"twitter:data1\" content=\"1 minute\" \/>\n<script type=\"application\/ld+json\" class=\"yoast-schema-graph\">{\"@context\":\"https:\/\/schema.org\",\"@graph\":[{\"@type\":\"WebPage\",\"@id\":\"https:\/\/autonomaprime.lv\/auto-noma\/audi-a6-s-line-17\/\",\"url\":\"https:\/\/autonomaprime.lv\/auto-noma\/audi-a6-s-line-17\/\",\"name\":\"Auto Noma - Izv\u0113lies premium l\u012bme\u0146a auto - AUDI A6 S-Line '17\",\"isPartOf\":{\"@id\":\"https:\/\/autonomaprime.lv\/#website\"},\"datePublished\":\"2024-02-15T12:39:32+00:00\",\"dateModified\":\"2024-03-19T14:33:33+00:00\",\"description\":\"Auto nomas sortiment\u0101 premium l\u012bme\u0146a auto - AUDI A6 S-Line '17, nomas auto pieejams \u012bstermi\u0146\u0101 un ilgtermi\u0146\u0101 ar iesp\u0113ju izpirkt. Draudz\u012bgas cenas\",\"breadcrumb\":{\"@id\":\"https:\/\/autonomaprime.lv\/auto-noma\/audi-a6-s-line-17\/#breadcrumb\"},\"inLanguage\":\"en-GB\",\"potentialAction\":[{\"@type\":\"ReadAction\",\"target\":[\"https:\/\/autonomaprime.lv\/auto-noma\/audi-a6-s-line-17\/\"]}]},{\"@type\":\"BreadcrumbList\",\"@id\":\"https:\/\/autonomaprime.lv\/auto-noma\/audi-a6-s-line-17\/#breadcrumb\",\"itemListElement\":[{\"@type\":\"ListItem\",\"position\":1,\"name\":\"Home\",\"item\":\"https:\/\/autonomaprime.lv\/\"},{\"@type\":\"ListItem\",\"position\":2,\"name\":\"SandBox\",\"item\":\"https:\/\/autonomaprime.lv\/sandbox\/\"},{\"@type\":\"ListItem\",\"position\":3,\"name\":\"Auto Noma AUDI A6 S-Line &#8217;17\"}]},{\"@type\":\"WebSite\",\"@id\":\"https:\/\/autonomaprime.lv\/#website\",\"url\":\"https:\/\/autonomaprime.lv\/\",\"name\":\"Auto Noma | Iz\u012br\u0113 Automa\u0161\u012bnu Izdev\u012bgi | PrimeAuto\",\"description\":\"\",\"publisher\":{\"@id\":\"https:\/\/autonomaprime.lv\/#organization\"},\"potentialAction\":[{\"@type\":\"SearchAction\",\"target\":{\"@type\":\"EntryPoint\",\"urlTemplate\":\"https:\/\/autonomaprime.lv\/?s={search_term_string}\"},\"query-input\":\"required name=search_term_string\"}],\"inLanguage\":\"en-GB\"},{\"@type\":\"Organization\",\"@id\":\"https:\/\/autonomaprime.lv\/#organization\",\"name\":\"Auto Noma | Iz\u012br\u0113 Automa\u0161\u012bnu Izdev\u012bgi | PrimeAuto\",\"url\":\"https:\/\/autonomaprime.lv\/\",\"logo\":{\"@type\":\"ImageObject\",\"inLanguage\":\"en-GB\",\"@id\":\"https:\/\/autonomaprime.lv\/#\/schema\/logo\/image\/\",\"url\":\"https:\/\/autonomaprime.lv\/wp-content\/uploads\/2024\/02\/cropped-primeauto.webp\",\"contentUrl\":\"https:\/\/autonomaprime.lv\/wp-content\/uploads\/2024\/02\/cropped-primeauto.webp\",\"width\":387,\"height\":112,\"caption\":\"Auto Noma | Iz\u012br\u0113 Automa\u0161\u012bnu Izdev\u012bgi | PrimeAuto\"},\"image\":{\"@id\":\"https:\/\/autonomaprime.lv\/#\/schema\/logo\/image\/\"}}]}<\/script>\n<!-- \/ Yoast SEO plugin. -->","yoast_head_json":{"title":"Auto Noma - Izv\u0113lies premium l\u012bme\u0146a auto - AUDI A6 S-Line '17","description":"Auto nomas sortiment\u0101 premium l\u012bme\u0146a auto - AUDI A6 S-Line '17, nomas auto pieejams \u012bstermi\u0146\u0101 un ilgtermi\u0146\u0101 ar iesp\u0113ju izpirkt. Draudz\u012bgas cenas","robots":{"index":"index","follow":"follow","max-snippet":"max-snippet:-1","max-image-preview":"max-image-preview:large","max-video-preview":"max-video-preview:-1"},"canonical":"https:\/\/autonomaprime.lv\/en\/auto-noma\/audi-a6-s-line-17\/","og_locale":"en_GB","og_type":"article","og_title":"Auto Noma - Izv\u0113lies premium l\u012bme\u0146a auto - AUDI A6 S-Line '17","og_description":"Auto nomas sortiment\u0101 premium l\u012bme\u0146a auto - AUDI A6 S-Line '17, nomas auto pieejams \u012bstermi\u0146\u0101 un ilgtermi\u0146\u0101 ar iesp\u0113ju izpirkt. Draudz\u012bgas cenas","og_url":"https:\/\/autonomaprime.lv\/en\/auto-noma\/audi-a6-s-line-17\/","og_site_name":"Auto Noma | Iz\u012br\u0113 Automa\u0161\u012bnu Izdev\u012bgi | PrimeAuto","article_modified_time":"2024-03-19T14:33:33+00:00","og_image":[{"width":2048,"height":1365,"url":"https:\/\/autonomaprime.lv\/wp-content\/uploads\/2024\/02\/PAKLAVSsesh-31.jpg","type":"image\/jpeg"}],"twitter_card":"summary_large_image","twitter_misc":{"Est. reading time":"1 minute"},"schema":{"@context":"https:\/\/schema.org","@graph":[{"@type":"WebPage","@id":"https:\/\/autonomaprime.lv\/auto-noma\/audi-a6-s-line-17\/","url":"https:\/\/autonomaprime.lv\/auto-noma\/audi-a6-s-line-17\/","name":"Auto Noma - Izv\u0113lies premium l\u012bme\u0146a auto - AUDI A6 S-Line '17","isPartOf":{"@id":"https:\/\/autonomaprime.lv\/#website"},"datePublished":"2024-02-15T12:39:32+00:00","dateModified":"2024-03-19T14:33:33+00:00","description":"Auto nomas sortiment\u0101 premium l\u012bme\u0146a auto - AUDI A6 S-Line '17, nomas auto pieejams \u012bstermi\u0146\u0101 un ilgtermi\u0146\u0101 ar iesp\u0113ju izpirkt. Draudz\u012bgas cenas","breadcrumb":{"@id":"https:\/\/autonomaprime.lv\/auto-noma\/audi-a6-s-line-17\/#breadcrumb"},"inLanguage":"en-GB","potentialAction":[{"@type":"ReadAction","target":["https:\/\/autonomaprime.lv\/auto-noma\/audi-a6-s-line-17\/"]}]},{"@type":"BreadcrumbList","@id":"https:\/\/autonomaprime.lv\/auto-noma\/audi-a6-s-line-17\/#breadcrumb","itemListElement":[{"@type":"ListItem","position":1,"name":"Home","item":"https:\/\/autonomaprime.lv\/"},{"@type":"ListItem","position":2,"name":"SandBox","item":"https:\/\/autonomaprime.lv\/sandbox\/"},{"@type":"ListItem","position":3,"name":"Auto Noma AUDI A6 S-Line &#8217;17"}]},{"@type":"WebSite","@id":"https:\/\/autonomaprime.lv\/#website","url":"https:\/\/autonomaprime.lv\/","name":"Auto Noma | Iz\u012br\u0113 Automa\u0161\u012bnu Izdev\u012bgi | PrimeAuto","description":"","publisher":{"@id":"https:\/\/autonomaprime.lv\/#organization"},"potentialAction":[{"@type":"SearchAction","target":{"@type":"EntryPoint","urlTemplate":"https:\/\/autonomaprime.lv\/?s={search_term_string}"},"query-input":"required name=search_term_string"}],"inLanguage":"en-GB"},{"@type":"Organization","@id":"https:\/\/autonomaprime.lv\/#organization","name":"Auto Noma | Iz\u012br\u0113 Automa\u0161\u012bnu Izdev\u012bgi | PrimeAuto","url":"https:\/\/autonomaprime.lv\/","logo":{"@type":"ImageObject","inLanguage":"en-GB","@id":"https:\/\/autonomaprime.lv\/#\/schema\/logo\/image\/","url":"https:\/\/autonomaprime.lv\/wp-content\/uploads\/2024\/02\/cropped-primeauto.webp","contentUrl":"https:\/\/autonomaprime.lv\/wp-content\/uploads\/2024\/02\/cropped-primeauto.webp","width":387,"height":112,"caption":"Auto Noma | Iz\u012br\u0113 Automa\u0161\u012bnu Izdev\u012bgi | PrimeAuto"},"image":{"@id":"https:\/\/autonomaprime.lv\/#\/schema\/logo\/image\/"}}]}},"_links":{"self":[{"href":"https:\/\/autonomaprime.lv\/en\/wp-json\/wp\/v2\/product\/313","targetHints":{"allow":["GET"]}}],"collection":[{"href":"https:\/\/autonomaprime.lv\/en\/wp-json\/wp\/v2\/product"}],"about":[{"href":"https:\/\/autonomaprime.lv\/en\/wp-json\/wp\/v2\/types\/product"}],"wp:featuredmedia":[{"embeddable":true,"href":"https:\/\/autonomaprime.lv\/en\/wp-json\/wp\/v2\/media\/642"}],"wp:attachment":[{"href":"https:\/\/autonomaprime.lv\/en\/wp-json\/wp\/v2\/media?parent=313"}],"wp:term":[{"taxonomy":"product_cat","embeddable":true,"href":"https:\/\/autonomaprime.lv\/en\/wp-json\/wp\/v2\/product_cat?post=313"},{"taxonomy":"product_tag","embeddable":true,"href":"https:\/\/autonomaprime.lv\/en\/wp-json\/wp\/v2\/product_tag?post=313"}],"curies":[{"name":"wp","href":"https:\/\/api.w.org\/{rel}","templated":true}]}}