{"id":295,"date":"2024-02-15T12:32:38","date_gmt":"2024-02-15T12:32:38","guid":{"rendered":"https:\/\/autonomaprime.lv\/?post_type=product&#038;p=295"},"modified":"2024-03-18T15:28:08","modified_gmt":"2024-03-18T15:28:08","slug":"audi-a6-premium-edition-16","status":"publish","type":"product","link":"https:\/\/autonomaprime.lv\/en\/auto-noma\/audi-a6-premium-edition-16\/","title":{"rendered":"Car Rental AUDI A6 Premium Edition &#039;16"},"content":{"rendered":"<p>AUDI A6 PREMIUM ED The five-seater Premium class car with automatic transmission is an excellent example of maneuverability and comfort, which will not leave indifferent even the most experienced drivers. This car model is characterized not only by easy handling and easy visibility of the road, but also by a powerful 3.0 TDI engine, which will make driving it easier and more comfortable. Most importantly, at the same time, the AUDI A6 PREMIUM Edition also provides excellent fuel economy, which makes driving it more financially beneficial for a potential lessee. The interior of this car is tastefully designed, comfortable and attractive. For even greater comfort, the car is equipped with comfortable leather seats, professional navigation system, premium music system Bose, as well as Bluetooth, USB, AUX and other goodies. We offer this and other rental cars with delivery in Riga and RIX Airport.<\/p>","protected":false},"excerpt":{"rendered":"<p>AUDI A6 PREMIUM ED The five-seater Premium class car with automatic transmission is an excellent example of maneuverability and comfort, which will not leave indifferent even the most experienced drivers. This car model is characterized not only by easy handling and easy visibility of the road, but also by a powerful 3.0 TDI engine, which will make driving it easier and more comfortable. Most importantly, at the same time, the AUDI A6 PREMIUM Edition also provides excellent fuel economy, which makes driving it more financially beneficial for a potential lessee. The interior of this car is tastefully designed, comfortable and attractive. For even greater comfort, the car is equipped with comfortable leather seats, professional navigation system, premium music system Bose, as well as Bluetooth, USB, AUX and other goodies. We offer this and other rental cars with delivery in Riga and RIX Airport.<\/p>","protected":false},"featured_media":678,"template":"","meta":[],"product_cat":[23,24],"product_tag":[],"class_list":{"0":"post-295","1":"product","2":"type-product","3":"status-publish","4":"has-post-thumbnail","6":"product_cat-auto-noma","7":"product_cat-audi","9":"first","10":"instock","11":"shipping-taxable","12":"purchasable","13":"product-type-ovabrw_car_rental"},"yoast_head":"<!-- This site is optimized with the Yoast SEO plugin v22.0 - https:\/\/yoast.com\/wordpress\/plugins\/seo\/ -->\n<title>Auto noma AUDI A6 Premium Edition &#039;16 - Auto noma R\u012bg\u0101<\/title>\n<meta name=\"description\" content=\"Auto noma R\u012bg\u0101 un Latvij\u0101. Premium tipa autonoma tie\u0161i Tev! Audi A6 ilgtermi\u0146a nom\u0101 ar iesp\u0113ju izpirkt auto. Izdev\u012bgas cenas auto nomas pakalpojumiem.\" \/>\n<meta name=\"robots\" content=\"index, follow, max-snippet:-1, max-image-preview:large, max-video-preview:-1\" \/>\n<link rel=\"canonical\" href=\"https:\/\/autonomaprime.lv\/en\/auto-noma\/audi-a6-premium-edition-16\/\" \/>\n<meta property=\"og:locale\" content=\"en_GB\" \/>\n<meta property=\"og:type\" content=\"article\" \/>\n<meta property=\"og:title\" content=\"Auto noma AUDI A6 Premium Edition &#039;16 - Auto noma R\u012bg\u0101\" \/>\n<meta property=\"og:description\" content=\"Auto noma R\u012bg\u0101 un Latvij\u0101. Premium tipa autonoma tie\u0161i Tev! Audi A6 ilgtermi\u0146a nom\u0101 ar iesp\u0113ju izpirkt auto. Izdev\u012bgas cenas auto nomas pakalpojumiem.\" \/>\n<meta property=\"og:url\" content=\"https:\/\/autonomaprime.lv\/en\/auto-noma\/audi-a6-premium-edition-16\/\" \/>\n<meta property=\"og:site_name\" content=\"Auto Noma | Iz\u012br\u0113 Automa\u0161\u012bnu Izdev\u012bgi | PrimeAuto\" \/>\n<meta property=\"article:modified_time\" content=\"2024-03-18T15:28:08+00:00\" \/>\n<meta property=\"og:image\" content=\"https:\/\/autonomaprime.lv\/wp-content\/uploads\/2024\/02\/PAKLAVSsesh-8-1.jpg\" \/>\n\t<meta property=\"og:image:width\" content=\"2048\" \/>\n\t<meta property=\"og:image:height\" content=\"1365\" \/>\n\t<meta property=\"og:image:type\" content=\"image\/jpeg\" \/>\n<meta name=\"twitter:card\" content=\"summary_large_image\" \/>\n<meta name=\"twitter:label1\" content=\"Est. reading time\" \/>\n\t<meta name=\"twitter:data1\" content=\"1 minute\" \/>\n<script type=\"application\/ld+json\" class=\"yoast-schema-graph\">{\"@context\":\"https:\/\/schema.org\",\"@graph\":[{\"@type\":\"WebPage\",\"@id\":\"https:\/\/autonomaprime.lv\/auto-noma\/audi-a6-premium-edition-16\/\",\"url\":\"https:\/\/autonomaprime.lv\/auto-noma\/audi-a6-premium-edition-16\/\",\"name\":\"Auto noma AUDI A6 Premium Edition '16 - Auto noma R\u012bg\u0101\",\"isPartOf\":{\"@id\":\"https:\/\/autonomaprime.lv\/#website\"},\"datePublished\":\"2024-02-15T12:32:38+00:00\",\"dateModified\":\"2024-03-18T15:28:08+00:00\",\"description\":\"Auto noma R\u012bg\u0101 un Latvij\u0101. Premium tipa autonoma tie\u0161i Tev! Audi A6 ilgtermi\u0146a nom\u0101 ar iesp\u0113ju izpirkt auto. Izdev\u012bgas cenas auto nomas pakalpojumiem.\",\"breadcrumb\":{\"@id\":\"https:\/\/autonomaprime.lv\/auto-noma\/audi-a6-premium-edition-16\/#breadcrumb\"},\"inLanguage\":\"en-GB\",\"potentialAction\":[{\"@type\":\"ReadAction\",\"target\":[\"https:\/\/autonomaprime.lv\/auto-noma\/audi-a6-premium-edition-16\/\"]}]},{\"@type\":\"BreadcrumbList\",\"@id\":\"https:\/\/autonomaprime.lv\/auto-noma\/audi-a6-premium-edition-16\/#breadcrumb\",\"itemListElement\":[{\"@type\":\"ListItem\",\"position\":1,\"name\":\"Home\",\"item\":\"https:\/\/autonomaprime.lv\/\"},{\"@type\":\"ListItem\",\"position\":2,\"name\":\"SandBox\",\"item\":\"https:\/\/autonomaprime.lv\/sandbox\/\"},{\"@type\":\"ListItem\",\"position\":3,\"name\":\"Auto Noma AUDI A6 Premium Edition &#8217;16\"}]},{\"@type\":\"WebSite\",\"@id\":\"https:\/\/autonomaprime.lv\/#website\",\"url\":\"https:\/\/autonomaprime.lv\/\",\"name\":\"Auto Noma | Iz\u012br\u0113 Automa\u0161\u012bnu Izdev\u012bgi | PrimeAuto\",\"description\":\"\",\"publisher\":{\"@id\":\"https:\/\/autonomaprime.lv\/#organization\"},\"potentialAction\":[{\"@type\":\"SearchAction\",\"target\":{\"@type\":\"EntryPoint\",\"urlTemplate\":\"https:\/\/autonomaprime.lv\/?s={search_term_string}\"},\"query-input\":\"required name=search_term_string\"}],\"inLanguage\":\"en-GB\"},{\"@type\":\"Organization\",\"@id\":\"https:\/\/autonomaprime.lv\/#organization\",\"name\":\"Auto Noma | Iz\u012br\u0113 Automa\u0161\u012bnu Izdev\u012bgi | PrimeAuto\",\"url\":\"https:\/\/autonomaprime.lv\/\",\"logo\":{\"@type\":\"ImageObject\",\"inLanguage\":\"en-GB\",\"@id\":\"https:\/\/autonomaprime.lv\/#\/schema\/logo\/image\/\",\"url\":\"https:\/\/autonomaprime.lv\/wp-content\/uploads\/2024\/02\/cropped-primeauto.webp\",\"contentUrl\":\"https:\/\/autonomaprime.lv\/wp-content\/uploads\/2024\/02\/cropped-primeauto.webp\",\"width\":387,\"height\":112,\"caption\":\"Auto Noma | Iz\u012br\u0113 Automa\u0161\u012bnu Izdev\u012bgi | PrimeAuto\"},\"image\":{\"@id\":\"https:\/\/autonomaprime.lv\/#\/schema\/logo\/image\/\"}}]}<\/script>\n<!-- \/ Yoast SEO plugin. -->","yoast_head_json":{"title":"Auto noma AUDI A6 Premium Edition '16 - Auto noma R\u012bg\u0101","description":"Auto noma R\u012bg\u0101 un Latvij\u0101. Premium tipa autonoma tie\u0161i Tev! Audi A6 ilgtermi\u0146a nom\u0101 ar iesp\u0113ju izpirkt auto. Izdev\u012bgas cenas auto nomas pakalpojumiem.","robots":{"index":"index","follow":"follow","max-snippet":"max-snippet:-1","max-image-preview":"max-image-preview:large","max-video-preview":"max-video-preview:-1"},"canonical":"https:\/\/autonomaprime.lv\/en\/auto-noma\/audi-a6-premium-edition-16\/","og_locale":"en_GB","og_type":"article","og_title":"Auto noma AUDI A6 Premium Edition '16 - Auto noma R\u012bg\u0101","og_description":"Auto noma R\u012bg\u0101 un Latvij\u0101. Premium tipa autonoma tie\u0161i Tev! Audi A6 ilgtermi\u0146a nom\u0101 ar iesp\u0113ju izpirkt auto. Izdev\u012bgas cenas auto nomas pakalpojumiem.","og_url":"https:\/\/autonomaprime.lv\/en\/auto-noma\/audi-a6-premium-edition-16\/","og_site_name":"Auto Noma | Iz\u012br\u0113 Automa\u0161\u012bnu Izdev\u012bgi | PrimeAuto","article_modified_time":"2024-03-18T15:28:08+00:00","og_image":[{"width":2048,"height":1365,"url":"https:\/\/autonomaprime.lv\/wp-content\/uploads\/2024\/02\/PAKLAVSsesh-8-1.jpg","type":"image\/jpeg"}],"twitter_card":"summary_large_image","twitter_misc":{"Est. reading time":"1 minute"},"schema":{"@context":"https:\/\/schema.org","@graph":[{"@type":"WebPage","@id":"https:\/\/autonomaprime.lv\/auto-noma\/audi-a6-premium-edition-16\/","url":"https:\/\/autonomaprime.lv\/auto-noma\/audi-a6-premium-edition-16\/","name":"Auto noma AUDI A6 Premium Edition '16 - Auto noma R\u012bg\u0101","isPartOf":{"@id":"https:\/\/autonomaprime.lv\/#website"},"datePublished":"2024-02-15T12:32:38+00:00","dateModified":"2024-03-18T15:28:08+00:00","description":"Auto noma R\u012bg\u0101 un Latvij\u0101. Premium tipa autonoma tie\u0161i Tev! Audi A6 ilgtermi\u0146a nom\u0101 ar iesp\u0113ju izpirkt auto. Izdev\u012bgas cenas auto nomas pakalpojumiem.","breadcrumb":{"@id":"https:\/\/autonomaprime.lv\/auto-noma\/audi-a6-premium-edition-16\/#breadcrumb"},"inLanguage":"en-GB","potentialAction":[{"@type":"ReadAction","target":["https:\/\/autonomaprime.lv\/auto-noma\/audi-a6-premium-edition-16\/"]}]},{"@type":"BreadcrumbList","@id":"https:\/\/autonomaprime.lv\/auto-noma\/audi-a6-premium-edition-16\/#breadcrumb","itemListElement":[{"@type":"ListItem","position":1,"name":"Home","item":"https:\/\/autonomaprime.lv\/"},{"@type":"ListItem","position":2,"name":"SandBox","item":"https:\/\/autonomaprime.lv\/sandbox\/"},{"@type":"ListItem","position":3,"name":"Auto Noma AUDI A6 Premium Edition &#8217;16"}]},{"@type":"WebSite","@id":"https:\/\/autonomaprime.lv\/#website","url":"https:\/\/autonomaprime.lv\/","name":"Auto Noma | Iz\u012br\u0113 Automa\u0161\u012bnu Izdev\u012bgi | PrimeAuto","description":"","publisher":{"@id":"https:\/\/autonomaprime.lv\/#organization"},"potentialAction":[{"@type":"SearchAction","target":{"@type":"EntryPoint","urlTemplate":"https:\/\/autonomaprime.lv\/?s={search_term_string}"},"query-input":"required name=search_term_string"}],"inLanguage":"en-GB"},{"@type":"Organization","@id":"https:\/\/autonomaprime.lv\/#organization","name":"Auto Noma | Iz\u012br\u0113 Automa\u0161\u012bnu Izdev\u012bgi | PrimeAuto","url":"https:\/\/autonomaprime.lv\/","logo":{"@type":"ImageObject","inLanguage":"en-GB","@id":"https:\/\/autonomaprime.lv\/#\/schema\/logo\/image\/","url":"https:\/\/autonomaprime.lv\/wp-content\/uploads\/2024\/02\/cropped-primeauto.webp","contentUrl":"https:\/\/autonomaprime.lv\/wp-content\/uploads\/2024\/02\/cropped-primeauto.webp","width":387,"height":112,"caption":"Auto Noma | Iz\u012br\u0113 Automa\u0161\u012bnu Izdev\u012bgi | PrimeAuto"},"image":{"@id":"https:\/\/autonomaprime.lv\/#\/schema\/logo\/image\/"}}]}},"_links":{"self":[{"href":"https:\/\/autonomaprime.lv\/en\/wp-json\/wp\/v2\/product\/295","targetHints":{"allow":["GET"]}}],"collection":[{"href":"https:\/\/autonomaprime.lv\/en\/wp-json\/wp\/v2\/product"}],"about":[{"href":"https:\/\/autonomaprime.lv\/en\/wp-json\/wp\/v2\/types\/product"}],"wp:featuredmedia":[{"embeddable":true,"href":"https:\/\/autonomaprime.lv\/en\/wp-json\/wp\/v2\/media\/678"}],"wp:attachment":[{"href":"https:\/\/autonomaprime.lv\/en\/wp-json\/wp\/v2\/media?parent=295"}],"wp:term":[{"taxonomy":"product_cat","embeddable":true,"href":"https:\/\/autonomaprime.lv\/en\/wp-json\/wp\/v2\/product_cat?post=295"},{"taxonomy":"product_tag","embeddable":true,"href":"https:\/\/autonomaprime.lv\/en\/wp-json\/wp\/v2\/product_tag?post=295"}],"curies":[{"name":"wp","href":"https:\/\/api.w.org\/{rel}","templated":true}]}}