{"id":282,"date":"2024-02-15T12:25:11","date_gmt":"2024-02-15T12:25:11","guid":{"rendered":"https:\/\/autonomaprime.lv\/?post_type=product&#038;p=282"},"modified":"2024-03-19T15:03:16","modified_gmt":"2024-03-19T15:03:16","slug":"audi-a6-allroad-quattro-17","status":"publish","type":"product","link":"https:\/\/autonomaprime.lv\/en\/auto-noma\/audi-a6-allroad-quattro-17\/","title":{"rendered":"Car Rental AUDI A6 Allroad Quattro &#039;17"},"content":{"rendered":"<p>AUDI A6 Allroad Quattro This modification combines the advantages of comfort and practicality characteristic of the Avant model, differs from the base model with permanent all-wheel drive transmission, pneumatic suspension, high ground clearance, as well as enlarged and protected front and rear wings.<\/p>","protected":false},"excerpt":{"rendered":"<p>Iepaz\u012bstam ar Audi A6 Allroad Quattro &#8217;17: izsmalcin\u0101t\u012bbas un dinamiskas brauk\u0161anas nomas automa\u0161\u012bnu. \u0160is premium klases univers\u0101lis nevainojami apvieno Audi rakstur\u012bgo eleganci ar bezce\u013ca sp\u0113j\u0101m, padarot to par daudzpus\u012bgu pavadoni jebkur\u0101 dz\u012bves situ\u0101cij\u0101. To darbina sp\u0113c\u012bgs, ta\u010du efekt\u012bvs dzin\u0113js &#8211; Audi A6 Allroad Quattro nodro\u0161ina satrieco\u0161u veiktsp\u0113ju, vienlaikus saglab\u0101jot izcilu degvielas efektivit\u0101ti. T\u0101 Quattro visu rite\u0146u piedzi\u0146as sist\u0113ma nodro\u0161ina p\u0101rliecino\u0161u vad\u0101m\u012bbu jebkur\u0101 reljef\u0101 un laikapst\u0101k\u013cos. Iek\u0161pus\u0113 pla\u0161o salonu rot\u0101 augst\u0101k\u0101s kvalit\u0101tes materi\u0101li un progres\u012bvas tehnolo\u0123ijas, kas nodro\u0161ina gan komfortu, gan \u0113rt\u012bbas katr\u0101 braucien\u0101. Ar savu Audi rakstur\u012bgo sp\u0113c\u012bgo un eleganto dizainu un nep\u0101rsp\u0113jamo daudzpus\u012bbu Audi A6 Allroad Quattro &#8217;17 no jauna defin\u0113, ko noz\u012bm\u0113 elegance un nep\u0101rsp\u0113jams komforts. Pied\u0101v\u0101jam \u0161o un citus nomas auto ar pieg\u0101di R\u012bg\u0101 un Lidost\u0101 RIX.<\/p>","protected":false},"featured_media":679,"template":"","meta":[],"product_cat":[23,24],"product_tag":[],"class_list":{"0":"post-282","1":"product","2":"type-product","3":"status-publish","4":"has-post-thumbnail","6":"product_cat-auto-noma","7":"product_cat-audi","9":"first","10":"instock","11":"shipping-taxable","12":"purchasable","13":"product-type-ovabrw_car_rental"},"yoast_head":"<!-- This site is optimized with the Yoast SEO plugin v22.0 - https:\/\/yoast.com\/wordpress\/plugins\/seo\/ -->\n<title>Auto noma AUDI A6 Allroad Quattro - Premium l\u012bme\u0146a auto<\/title>\n<meta name=\"description\" content=\"Auto noma AUDI A6 Allroad Quattro. Izv\u0113lies premium l\u012bme\u0146a nomas auto \u012bstermi\u0146a un ilgtermi\u0146a nomai. Izcilais Audi A6 Allroad Quattro\" \/>\n<meta name=\"robots\" content=\"index, follow, max-snippet:-1, max-image-preview:large, max-video-preview:-1\" \/>\n<link rel=\"canonical\" href=\"https:\/\/autonomaprime.lv\/en\/auto-noma\/audi-a6-allroad-quattro-17\/\" \/>\n<meta property=\"og:locale\" content=\"en_GB\" \/>\n<meta property=\"og:type\" content=\"article\" \/>\n<meta property=\"og:title\" content=\"Auto noma AUDI A6 Allroad Quattro - Premium l\u012bme\u0146a auto\" \/>\n<meta property=\"og:description\" content=\"Auto noma AUDI A6 Allroad Quattro. Izv\u0113lies premium l\u012bme\u0146a nomas auto \u012bstermi\u0146a un ilgtermi\u0146a nomai. Izcilais Audi A6 Allroad Quattro\" \/>\n<meta property=\"og:url\" content=\"https:\/\/autonomaprime.lv\/en\/auto-noma\/audi-a6-allroad-quattro-17\/\" \/>\n<meta property=\"og:site_name\" content=\"Auto Noma | Iz\u012br\u0113 Automa\u0161\u012bnu Izdev\u012bgi | PrimeAuto\" \/>\n<meta property=\"article:modified_time\" content=\"2024-03-19T15:03:16+00:00\" \/>\n<meta property=\"og:image\" content=\"https:\/\/autonomaprime.lv\/wp-content\/uploads\/2024\/02\/PAKLAVSsesh-11.jpg\" \/>\n\t<meta property=\"og:image:width\" content=\"2048\" \/>\n\t<meta property=\"og:image:height\" content=\"1365\" \/>\n\t<meta property=\"og:image:type\" content=\"image\/jpeg\" \/>\n<meta name=\"twitter:card\" content=\"summary_large_image\" \/>\n<meta name=\"twitter:label1\" content=\"Est. reading time\" \/>\n\t<meta name=\"twitter:data1\" content=\"1 minute\" \/>\n<script type=\"application\/ld+json\" class=\"yoast-schema-graph\">{\"@context\":\"https:\/\/schema.org\",\"@graph\":[{\"@type\":\"WebPage\",\"@id\":\"https:\/\/autonomaprime.lv\/auto-noma\/audi-a6-allroad-quattro-17\/\",\"url\":\"https:\/\/autonomaprime.lv\/auto-noma\/audi-a6-allroad-quattro-17\/\",\"name\":\"Auto noma AUDI A6 Allroad Quattro - Premium l\u012bme\u0146a auto\",\"isPartOf\":{\"@id\":\"https:\/\/autonomaprime.lv\/#website\"},\"datePublished\":\"2024-02-15T12:25:11+00:00\",\"dateModified\":\"2024-03-19T15:03:16+00:00\",\"description\":\"Auto noma AUDI A6 Allroad Quattro. Izv\u0113lies premium l\u012bme\u0146a nomas auto \u012bstermi\u0146a un ilgtermi\u0146a nomai. Izcilais Audi A6 Allroad Quattro\",\"breadcrumb\":{\"@id\":\"https:\/\/autonomaprime.lv\/auto-noma\/audi-a6-allroad-quattro-17\/#breadcrumb\"},\"inLanguage\":\"en-GB\",\"potentialAction\":[{\"@type\":\"ReadAction\",\"target\":[\"https:\/\/autonomaprime.lv\/auto-noma\/audi-a6-allroad-quattro-17\/\"]}]},{\"@type\":\"BreadcrumbList\",\"@id\":\"https:\/\/autonomaprime.lv\/auto-noma\/audi-a6-allroad-quattro-17\/#breadcrumb\",\"itemListElement\":[{\"@type\":\"ListItem\",\"position\":1,\"name\":\"Home\",\"item\":\"https:\/\/autonomaprime.lv\/\"},{\"@type\":\"ListItem\",\"position\":2,\"name\":\"SandBox\",\"item\":\"https:\/\/autonomaprime.lv\/sandbox\/\"},{\"@type\":\"ListItem\",\"position\":3,\"name\":\"Auto Noma AUDI A6 Allroad Quattro &#8217;17\"}]},{\"@type\":\"WebSite\",\"@id\":\"https:\/\/autonomaprime.lv\/#website\",\"url\":\"https:\/\/autonomaprime.lv\/\",\"name\":\"Auto Noma | Iz\u012br\u0113 Automa\u0161\u012bnu Izdev\u012bgi | PrimeAuto\",\"description\":\"\",\"publisher\":{\"@id\":\"https:\/\/autonomaprime.lv\/#organization\"},\"potentialAction\":[{\"@type\":\"SearchAction\",\"target\":{\"@type\":\"EntryPoint\",\"urlTemplate\":\"https:\/\/autonomaprime.lv\/?s={search_term_string}\"},\"query-input\":\"required name=search_term_string\"}],\"inLanguage\":\"en-GB\"},{\"@type\":\"Organization\",\"@id\":\"https:\/\/autonomaprime.lv\/#organization\",\"name\":\"Auto Noma | Iz\u012br\u0113 Automa\u0161\u012bnu Izdev\u012bgi | PrimeAuto\",\"url\":\"https:\/\/autonomaprime.lv\/\",\"logo\":{\"@type\":\"ImageObject\",\"inLanguage\":\"en-GB\",\"@id\":\"https:\/\/autonomaprime.lv\/#\/schema\/logo\/image\/\",\"url\":\"https:\/\/autonomaprime.lv\/wp-content\/uploads\/2024\/02\/cropped-primeauto.webp\",\"contentUrl\":\"https:\/\/autonomaprime.lv\/wp-content\/uploads\/2024\/02\/cropped-primeauto.webp\",\"width\":387,\"height\":112,\"caption\":\"Auto Noma | Iz\u012br\u0113 Automa\u0161\u012bnu Izdev\u012bgi | PrimeAuto\"},\"image\":{\"@id\":\"https:\/\/autonomaprime.lv\/#\/schema\/logo\/image\/\"}}]}<\/script>\n<!-- \/ Yoast SEO plugin. -->","yoast_head_json":{"title":"Auto noma AUDI A6 Allroad Quattro - Premium l\u012bme\u0146a auto","description":"Auto noma AUDI A6 Allroad Quattro. Izv\u0113lies premium l\u012bme\u0146a nomas auto \u012bstermi\u0146a un ilgtermi\u0146a nomai. Izcilais Audi A6 Allroad Quattro","robots":{"index":"index","follow":"follow","max-snippet":"max-snippet:-1","max-image-preview":"max-image-preview:large","max-video-preview":"max-video-preview:-1"},"canonical":"https:\/\/autonomaprime.lv\/en\/auto-noma\/audi-a6-allroad-quattro-17\/","og_locale":"en_GB","og_type":"article","og_title":"Auto noma AUDI A6 Allroad Quattro - Premium l\u012bme\u0146a auto","og_description":"Auto noma AUDI A6 Allroad Quattro. Izv\u0113lies premium l\u012bme\u0146a nomas auto \u012bstermi\u0146a un ilgtermi\u0146a nomai. Izcilais Audi A6 Allroad Quattro","og_url":"https:\/\/autonomaprime.lv\/en\/auto-noma\/audi-a6-allroad-quattro-17\/","og_site_name":"Auto Noma | Iz\u012br\u0113 Automa\u0161\u012bnu Izdev\u012bgi | PrimeAuto","article_modified_time":"2024-03-19T15:03:16+00:00","og_image":[{"width":2048,"height":1365,"url":"https:\/\/autonomaprime.lv\/wp-content\/uploads\/2024\/02\/PAKLAVSsesh-11.jpg","type":"image\/jpeg"}],"twitter_card":"summary_large_image","twitter_misc":{"Est. reading time":"1 minute"},"schema":{"@context":"https:\/\/schema.org","@graph":[{"@type":"WebPage","@id":"https:\/\/autonomaprime.lv\/auto-noma\/audi-a6-allroad-quattro-17\/","url":"https:\/\/autonomaprime.lv\/auto-noma\/audi-a6-allroad-quattro-17\/","name":"Auto noma AUDI A6 Allroad Quattro - Premium l\u012bme\u0146a auto","isPartOf":{"@id":"https:\/\/autonomaprime.lv\/#website"},"datePublished":"2024-02-15T12:25:11+00:00","dateModified":"2024-03-19T15:03:16+00:00","description":"Auto noma AUDI A6 Allroad Quattro. Izv\u0113lies premium l\u012bme\u0146a nomas auto \u012bstermi\u0146a un ilgtermi\u0146a nomai. Izcilais Audi A6 Allroad Quattro","breadcrumb":{"@id":"https:\/\/autonomaprime.lv\/auto-noma\/audi-a6-allroad-quattro-17\/#breadcrumb"},"inLanguage":"en-GB","potentialAction":[{"@type":"ReadAction","target":["https:\/\/autonomaprime.lv\/auto-noma\/audi-a6-allroad-quattro-17\/"]}]},{"@type":"BreadcrumbList","@id":"https:\/\/autonomaprime.lv\/auto-noma\/audi-a6-allroad-quattro-17\/#breadcrumb","itemListElement":[{"@type":"ListItem","position":1,"name":"Home","item":"https:\/\/autonomaprime.lv\/"},{"@type":"ListItem","position":2,"name":"SandBox","item":"https:\/\/autonomaprime.lv\/sandbox\/"},{"@type":"ListItem","position":3,"name":"Auto Noma AUDI A6 Allroad Quattro &#8217;17"}]},{"@type":"WebSite","@id":"https:\/\/autonomaprime.lv\/#website","url":"https:\/\/autonomaprime.lv\/","name":"Auto Noma | Iz\u012br\u0113 Automa\u0161\u012bnu Izdev\u012bgi | PrimeAuto","description":"","publisher":{"@id":"https:\/\/autonomaprime.lv\/#organization"},"potentialAction":[{"@type":"SearchAction","target":{"@type":"EntryPoint","urlTemplate":"https:\/\/autonomaprime.lv\/?s={search_term_string}"},"query-input":"required name=search_term_string"}],"inLanguage":"en-GB"},{"@type":"Organization","@id":"https:\/\/autonomaprime.lv\/#organization","name":"Auto Noma | Iz\u012br\u0113 Automa\u0161\u012bnu Izdev\u012bgi | PrimeAuto","url":"https:\/\/autonomaprime.lv\/","logo":{"@type":"ImageObject","inLanguage":"en-GB","@id":"https:\/\/autonomaprime.lv\/#\/schema\/logo\/image\/","url":"https:\/\/autonomaprime.lv\/wp-content\/uploads\/2024\/02\/cropped-primeauto.webp","contentUrl":"https:\/\/autonomaprime.lv\/wp-content\/uploads\/2024\/02\/cropped-primeauto.webp","width":387,"height":112,"caption":"Auto Noma | Iz\u012br\u0113 Automa\u0161\u012bnu Izdev\u012bgi | PrimeAuto"},"image":{"@id":"https:\/\/autonomaprime.lv\/#\/schema\/logo\/image\/"}}]}},"_links":{"self":[{"href":"https:\/\/autonomaprime.lv\/en\/wp-json\/wp\/v2\/product\/282","targetHints":{"allow":["GET"]}}],"collection":[{"href":"https:\/\/autonomaprime.lv\/en\/wp-json\/wp\/v2\/product"}],"about":[{"href":"https:\/\/autonomaprime.lv\/en\/wp-json\/wp\/v2\/types\/product"}],"wp:featuredmedia":[{"embeddable":true,"href":"https:\/\/autonomaprime.lv\/en\/wp-json\/wp\/v2\/media\/679"}],"wp:attachment":[{"href":"https:\/\/autonomaprime.lv\/en\/wp-json\/wp\/v2\/media?parent=282"}],"wp:term":[{"taxonomy":"product_cat","embeddable":true,"href":"https:\/\/autonomaprime.lv\/en\/wp-json\/wp\/v2\/product_cat?post=282"},{"taxonomy":"product_tag","embeddable":true,"href":"https:\/\/autonomaprime.lv\/en\/wp-json\/wp\/v2\/product_tag?post=282"}],"curies":[{"name":"wp","href":"https:\/\/api.w.org\/{rel}","templated":true}]}}