{"id":275,"date":"2024-02-15T12:22:02","date_gmt":"2024-02-15T12:22:02","guid":{"rendered":"https:\/\/autonomaprime.lv\/?post_type=product&#038;p=275"},"modified":"2024-03-19T15:11:21","modified_gmt":"2024-03-19T15:11:21","slug":"audi-a5-sportback-s-line-quattro-16","status":"publish","type":"product","link":"https:\/\/autonomaprime.lv\/en\/auto-noma\/audi-a5-sportback-s-line-quattro-16\/","title":{"rendered":"Car Rental AUDI A5 Sportback S-Line Quattro &#039;16"},"content":{"rendered":"<p>Audi A5 Quattro Premium Edition 2016 car - an excellent choice for motorists whose priority is style and comfort.<\/p>","protected":false},"excerpt":{"rendered":"<p>Iepaz\u012bstin\u0101m ar eleganto un izsmalcin\u0101to Audi A5 Sportback S-Line Quattro &#8217;16. \u0160\u012b augst\u0101k\u0101s klases kompakt\u0101 klases automa\u0161\u012bna nevainojami apvieno stilu ar veiktsp\u0113ju, padarot katru braucienu par aizraujo\u0161u pieredzi. Izstr\u0101d\u0101ts r\u016bp\u012bgi piev\u0113r\u0161ot uzman\u012bbu deta\u013c\u0101m, Audi A5 Sportback S-Line lepojas ar p\u0101rsteidzo\u0161u \u0101r\u0113jo dizainu, kas izstaro p\u0101rliec\u012bbu uz ce\u013ca. Ikoniskais Audi Singleframe re\u017e\u0123is, spilgti LED priek\u0161\u0113jie lukturi un dinamisk\u0101s virsb\u016bves l\u012bnijas uzsver t\u0101 sportisko izskatu. A5 Sportback S-Line ir apr\u012bkots ar sp\u0113c\u012bgu, ta\u010du efekt\u012bvu Quattro visu rite\u0146u piedzi\u0146as sist\u0113mu, kas nodro\u0161ina izcilu vad\u0101m\u012bbu un sa\u0137eri da\u017e\u0101dos brauk\u0161anas apst\u0101k\u013cos. Neatkar\u012bgi no t\u0101, vai braucat pa pils\u0113tas iel\u0101m vai izbraucat pa l\u012bkumotiem ce\u013ciem, \u0161\u012b automa\u0161\u012bna pied\u0101v\u0101 atsauc\u012bgu un aizraujo\u0161u brauk\u0161anas pieredzi. Iek\u0101pjot greznaj\u0101 salon\u0101, j\u016bs redz\u0113siet augst\u0101k\u0101s kvalit\u0101tes materi\u0101lus un jaun\u0101k\u0101s tehnolo\u0123ijas, kas ir neman\u0101mi integr\u0113tas auto dizain\u0101.\u00a0 Ar savu pla\u0161o interjeru, moderno inform\u0101cijas un izklaides sist\u0113mu, visi Audi A5 Sportback S-Line aspekti ir izstr\u0101d\u0101ti t\u0101, lai uzlabotu komfortu un \u0113rt\u012bbas gan vad\u012bt\u0101jam, gan pasa\u017eieriem. Neatkar\u012bgi no t\u0101, vai mekl\u0113jat veiktsp\u0113ju, stilu vai daudzpus\u012bbu, Audi A5 Sportback S-Line Quattro &#8217;16 noteikti p\u0101rsniegs j\u016bsu cer\u012bbas.\u00a0Audi A5 Quattro &#8211; lieliska izv\u0113le autobrauc\u0113jiem, kuru priorit\u0101te ir stils un komforts. Pied\u0101v\u0101jam \u0161o un citus nomas auto ar pieg\u0101di R\u012bg\u0101 un Lidost\u0101 RIX.<\/p>","protected":false},"featured_media":276,"template":"","meta":[],"product_cat":[23,24],"product_tag":[],"class_list":{"0":"post-275","1":"product","2":"type-product","3":"status-publish","4":"has-post-thumbnail","6":"product_cat-auto-noma","7":"product_cat-audi","9":"first","10":"instock","11":"shipping-taxable","12":"purchasable","13":"product-type-ovabrw_car_rental"},"yoast_head":"<!-- This site is optimized with the Yoast SEO plugin v22.0 - https:\/\/yoast.com\/wordpress\/plugins\/seo\/ -->\n<title>Auto noma Audi A5 Sportback S-Line Quattro &#039;16<\/title>\n<meta name=\"description\" content=\"Auto noma Audi A5 Sportback S-Line Quattro &#039;16. Premium l\u012bme\u0146a auto noma R\u012bg\u0101, pla\u0161s Audi A5 sportback stils un komforts vienuviet\" \/>\n<meta name=\"robots\" content=\"index, follow, max-snippet:-1, max-image-preview:large, max-video-preview:-1\" \/>\n<link rel=\"canonical\" href=\"https:\/\/autonomaprime.lv\/en\/auto-noma\/audi-a5-sportback-s-line-quattro-16\/\" \/>\n<meta property=\"og:locale\" content=\"en_GB\" \/>\n<meta property=\"og:type\" content=\"article\" \/>\n<meta property=\"og:title\" content=\"Auto noma Audi A5 Sportback S-Line Quattro &#039;16\" \/>\n<meta property=\"og:description\" content=\"Auto noma Audi A5 Sportback S-Line Quattro &#039;16. Premium l\u012bme\u0146a auto noma R\u012bg\u0101, pla\u0161s Audi A5 sportback stils un komforts vienuviet\" \/>\n<meta property=\"og:url\" content=\"https:\/\/autonomaprime.lv\/en\/auto-noma\/audi-a5-sportback-s-line-quattro-16\/\" \/>\n<meta property=\"og:site_name\" content=\"Auto Noma | Iz\u012br\u0113 Automa\u0161\u012bnu Izdev\u012bgi | PrimeAuto\" \/>\n<meta property=\"article:modified_time\" content=\"2024-03-19T15:11:21+00:00\" \/>\n<meta property=\"og:image\" content=\"https:\/\/autonomaprime.lv\/wp-content\/uploads\/2024\/02\/IMG_8901_1024x620.jpg\" \/>\n\t<meta property=\"og:image:width\" content=\"1000\" \/>\n\t<meta property=\"og:image:height\" content=\"605\" \/>\n\t<meta property=\"og:image:type\" content=\"image\/jpeg\" \/>\n<meta name=\"twitter:card\" content=\"summary_large_image\" \/>\n<meta name=\"twitter:label1\" content=\"Est. reading time\" \/>\n\t<meta name=\"twitter:data1\" content=\"1 minute\" \/>\n<script type=\"application\/ld+json\" class=\"yoast-schema-graph\">{\"@context\":\"https:\/\/schema.org\",\"@graph\":[{\"@type\":\"WebPage\",\"@id\":\"https:\/\/autonomaprime.lv\/auto-noma\/audi-a5-sportback-s-line-quattro-16\/\",\"url\":\"https:\/\/autonomaprime.lv\/auto-noma\/audi-a5-sportback-s-line-quattro-16\/\",\"name\":\"Auto noma Audi A5 Sportback S-Line Quattro '16\",\"isPartOf\":{\"@id\":\"https:\/\/autonomaprime.lv\/#website\"},\"datePublished\":\"2024-02-15T12:22:02+00:00\",\"dateModified\":\"2024-03-19T15:11:21+00:00\",\"description\":\"Auto noma Audi A5 Sportback S-Line Quattro '16. Premium l\u012bme\u0146a auto noma R\u012bg\u0101, pla\u0161s Audi A5 sportback stils un komforts vienuviet\",\"breadcrumb\":{\"@id\":\"https:\/\/autonomaprime.lv\/auto-noma\/audi-a5-sportback-s-line-quattro-16\/#breadcrumb\"},\"inLanguage\":\"en-GB\",\"potentialAction\":[{\"@type\":\"ReadAction\",\"target\":[\"https:\/\/autonomaprime.lv\/auto-noma\/audi-a5-sportback-s-line-quattro-16\/\"]}]},{\"@type\":\"BreadcrumbList\",\"@id\":\"https:\/\/autonomaprime.lv\/auto-noma\/audi-a5-sportback-s-line-quattro-16\/#breadcrumb\",\"itemListElement\":[{\"@type\":\"ListItem\",\"position\":1,\"name\":\"Home\",\"item\":\"https:\/\/autonomaprime.lv\/\"},{\"@type\":\"ListItem\",\"position\":2,\"name\":\"SandBox\",\"item\":\"https:\/\/autonomaprime.lv\/sandbox\/\"},{\"@type\":\"ListItem\",\"position\":3,\"name\":\"Auto Noma AUDI A5 Sportback S-Line Quattro &#8217;16\"}]},{\"@type\":\"WebSite\",\"@id\":\"https:\/\/autonomaprime.lv\/#website\",\"url\":\"https:\/\/autonomaprime.lv\/\",\"name\":\"Auto Noma | Iz\u012br\u0113 Automa\u0161\u012bnu Izdev\u012bgi | PrimeAuto\",\"description\":\"\",\"publisher\":{\"@id\":\"https:\/\/autonomaprime.lv\/#organization\"},\"potentialAction\":[{\"@type\":\"SearchAction\",\"target\":{\"@type\":\"EntryPoint\",\"urlTemplate\":\"https:\/\/autonomaprime.lv\/?s={search_term_string}\"},\"query-input\":\"required name=search_term_string\"}],\"inLanguage\":\"en-GB\"},{\"@type\":\"Organization\",\"@id\":\"https:\/\/autonomaprime.lv\/#organization\",\"name\":\"Auto Noma | Iz\u012br\u0113 Automa\u0161\u012bnu Izdev\u012bgi | PrimeAuto\",\"url\":\"https:\/\/autonomaprime.lv\/\",\"logo\":{\"@type\":\"ImageObject\",\"inLanguage\":\"en-GB\",\"@id\":\"https:\/\/autonomaprime.lv\/#\/schema\/logo\/image\/\",\"url\":\"https:\/\/autonomaprime.lv\/wp-content\/uploads\/2024\/02\/cropped-primeauto.webp\",\"contentUrl\":\"https:\/\/autonomaprime.lv\/wp-content\/uploads\/2024\/02\/cropped-primeauto.webp\",\"width\":387,\"height\":112,\"caption\":\"Auto Noma | Iz\u012br\u0113 Automa\u0161\u012bnu Izdev\u012bgi | PrimeAuto\"},\"image\":{\"@id\":\"https:\/\/autonomaprime.lv\/#\/schema\/logo\/image\/\"}}]}<\/script>\n<!-- \/ Yoast SEO plugin. -->","yoast_head_json":{"title":"Auto noma Audi A5 Sportback S-Line Quattro '16","description":"Auto noma Audi A5 Sportback S-Line Quattro '16. Premium l\u012bme\u0146a auto noma R\u012bg\u0101, pla\u0161s Audi A5 sportback stils un komforts vienuviet","robots":{"index":"index","follow":"follow","max-snippet":"max-snippet:-1","max-image-preview":"max-image-preview:large","max-video-preview":"max-video-preview:-1"},"canonical":"https:\/\/autonomaprime.lv\/en\/auto-noma\/audi-a5-sportback-s-line-quattro-16\/","og_locale":"en_GB","og_type":"article","og_title":"Auto noma Audi A5 Sportback S-Line Quattro '16","og_description":"Auto noma Audi A5 Sportback S-Line Quattro '16. Premium l\u012bme\u0146a auto noma R\u012bg\u0101, pla\u0161s Audi A5 sportback stils un komforts vienuviet","og_url":"https:\/\/autonomaprime.lv\/en\/auto-noma\/audi-a5-sportback-s-line-quattro-16\/","og_site_name":"Auto Noma | Iz\u012br\u0113 Automa\u0161\u012bnu Izdev\u012bgi | PrimeAuto","article_modified_time":"2024-03-19T15:11:21+00:00","og_image":[{"width":1000,"height":605,"url":"https:\/\/autonomaprime.lv\/wp-content\/uploads\/2024\/02\/IMG_8901_1024x620.jpg","type":"image\/jpeg"}],"twitter_card":"summary_large_image","twitter_misc":{"Est. reading time":"1 minute"},"schema":{"@context":"https:\/\/schema.org","@graph":[{"@type":"WebPage","@id":"https:\/\/autonomaprime.lv\/auto-noma\/audi-a5-sportback-s-line-quattro-16\/","url":"https:\/\/autonomaprime.lv\/auto-noma\/audi-a5-sportback-s-line-quattro-16\/","name":"Auto noma Audi A5 Sportback S-Line Quattro '16","isPartOf":{"@id":"https:\/\/autonomaprime.lv\/#website"},"datePublished":"2024-02-15T12:22:02+00:00","dateModified":"2024-03-19T15:11:21+00:00","description":"Auto noma Audi A5 Sportback S-Line Quattro '16. Premium l\u012bme\u0146a auto noma R\u012bg\u0101, pla\u0161s Audi A5 sportback stils un komforts vienuviet","breadcrumb":{"@id":"https:\/\/autonomaprime.lv\/auto-noma\/audi-a5-sportback-s-line-quattro-16\/#breadcrumb"},"inLanguage":"en-GB","potentialAction":[{"@type":"ReadAction","target":["https:\/\/autonomaprime.lv\/auto-noma\/audi-a5-sportback-s-line-quattro-16\/"]}]},{"@type":"BreadcrumbList","@id":"https:\/\/autonomaprime.lv\/auto-noma\/audi-a5-sportback-s-line-quattro-16\/#breadcrumb","itemListElement":[{"@type":"ListItem","position":1,"name":"Home","item":"https:\/\/autonomaprime.lv\/"},{"@type":"ListItem","position":2,"name":"SandBox","item":"https:\/\/autonomaprime.lv\/sandbox\/"},{"@type":"ListItem","position":3,"name":"Auto Noma AUDI A5 Sportback S-Line Quattro &#8217;16"}]},{"@type":"WebSite","@id":"https:\/\/autonomaprime.lv\/#website","url":"https:\/\/autonomaprime.lv\/","name":"Auto Noma | Iz\u012br\u0113 Automa\u0161\u012bnu Izdev\u012bgi | PrimeAuto","description":"","publisher":{"@id":"https:\/\/autonomaprime.lv\/#organization"},"potentialAction":[{"@type":"SearchAction","target":{"@type":"EntryPoint","urlTemplate":"https:\/\/autonomaprime.lv\/?s={search_term_string}"},"query-input":"required name=search_term_string"}],"inLanguage":"en-GB"},{"@type":"Organization","@id":"https:\/\/autonomaprime.lv\/#organization","name":"Auto Noma | Iz\u012br\u0113 Automa\u0161\u012bnu Izdev\u012bgi | PrimeAuto","url":"https:\/\/autonomaprime.lv\/","logo":{"@type":"ImageObject","inLanguage":"en-GB","@id":"https:\/\/autonomaprime.lv\/#\/schema\/logo\/image\/","url":"https:\/\/autonomaprime.lv\/wp-content\/uploads\/2024\/02\/cropped-primeauto.webp","contentUrl":"https:\/\/autonomaprime.lv\/wp-content\/uploads\/2024\/02\/cropped-primeauto.webp","width":387,"height":112,"caption":"Auto Noma | Iz\u012br\u0113 Automa\u0161\u012bnu Izdev\u012bgi | PrimeAuto"},"image":{"@id":"https:\/\/autonomaprime.lv\/#\/schema\/logo\/image\/"}}]}},"_links":{"self":[{"href":"https:\/\/autonomaprime.lv\/en\/wp-json\/wp\/v2\/product\/275","targetHints":{"allow":["GET"]}}],"collection":[{"href":"https:\/\/autonomaprime.lv\/en\/wp-json\/wp\/v2\/product"}],"about":[{"href":"https:\/\/autonomaprime.lv\/en\/wp-json\/wp\/v2\/types\/product"}],"wp:featuredmedia":[{"embeddable":true,"href":"https:\/\/autonomaprime.lv\/en\/wp-json\/wp\/v2\/media\/276"}],"wp:attachment":[{"href":"https:\/\/autonomaprime.lv\/en\/wp-json\/wp\/v2\/media?parent=275"}],"wp:term":[{"taxonomy":"product_cat","embeddable":true,"href":"https:\/\/autonomaprime.lv\/en\/wp-json\/wp\/v2\/product_cat?post=275"},{"taxonomy":"product_tag","embeddable":true,"href":"https:\/\/autonomaprime.lv\/en\/wp-json\/wp\/v2\/product_tag?post=275"}],"curies":[{"name":"wp","href":"https:\/\/api.w.org\/{rel}","templated":true}]}}