{"id":270,"date":"2024-02-15T12:19:40","date_gmt":"2024-02-15T12:19:40","guid":{"rendered":"https:\/\/autonomaprime.lv\/?post_type=product&#038;p=270"},"modified":"2024-03-18T15:29:56","modified_gmt":"2024-03-18T15:29:56","slug":"audi-a6-pro-line-plus-14","status":"publish","type":"product","link":"https:\/\/autonomaprime.lv\/en\/auto-noma\/audi-a6-pro-line-plus-14\/","title":{"rendered":"Car Rental AUDI A6 Pro Line Plus &#039;14"},"content":{"rendered":"<p>AUDI A6 PRO LINE PLUS Business class car lovers will like this rental car. The car is equipped with air conditioning, electric heated seats and electric side mirror, leather steering wheel, Bluetooth, GPS, cruise control, automatic headlights, light and rain sensor. The package also includes a multifunctional steering wheel, a navigation system, a panoramic roof, tire pressure control, folding rear seats and other technical characteristics essential for comfort lovers. AUDI A6 PRO LINE PLUS, like other A6 models, the most noticeable element is a large trapezoidal grille in the style of the legendary Auto Union racing cars. The car is dynamic and masculine due to the large wheels and curved wheel arches.<\/p>","protected":false},"excerpt":{"rendered":"<p>AUDI A6 PRO LINE PLUS Business class car lovers will like this rental car. The car is equipped with air conditioning, electric heated seats and electric side mirror, leather steering wheel, Bluetooth, GPS, cruise control, automatic headlights, light and rain sensor. The package also includes a multifunctional steering wheel, a navigation system, a panoramic roof, tire pressure control, folding rear seats and other technical characteristics essential for comfort lovers. AUDI A6 PRO LINE PLUS, like other A6 models, the most noticeable element is a large trapezoidal grille in the style of the legendary Auto Union racing cars. The car is dynamic and masculine due to the large wheels and curved wheel arches.<\/p>","protected":false},"featured_media":271,"template":"","meta":[],"product_cat":[23,24],"product_tag":[],"class_list":{"0":"post-270","1":"product","2":"type-product","3":"status-publish","4":"has-post-thumbnail","6":"product_cat-auto-noma","7":"product_cat-audi","9":"first","10":"instock","11":"shipping-taxable","12":"purchasable","13":"product-type-ovabrw_car_rental"},"yoast_head":"<!-- This site is optimized with the Yoast SEO plugin v22.0 - https:\/\/yoast.com\/wordpress\/plugins\/seo\/ -->\n<title>Auto noma AUDI A6 PRO LINE - \u012bstermi\u0146a un ilgtermi\u0146a noma<\/title>\n<meta name=\"description\" content=\"Auto noma AUDI A6 PRO LINE Plus 14 - \u012bstermi\u0146a un ilgtermi\u0146a auto noma R\u012bg\u0101. Izv\u0113lies premium l\u012bme\u0146a nomas auto par zemu cenu.\" \/>\n<meta name=\"robots\" content=\"index, follow, max-snippet:-1, max-image-preview:large, max-video-preview:-1\" \/>\n<link rel=\"canonical\" href=\"https:\/\/autonomaprime.lv\/en\/auto-noma\/audi-a6-pro-line-plus-14\/\" \/>\n<meta property=\"og:locale\" content=\"en_GB\" \/>\n<meta property=\"og:type\" content=\"article\" \/>\n<meta property=\"og:title\" content=\"Auto noma AUDI A6 PRO LINE - \u012bstermi\u0146a un ilgtermi\u0146a noma\" \/>\n<meta property=\"og:description\" content=\"Auto noma AUDI A6 PRO LINE Plus 14 - \u012bstermi\u0146a un ilgtermi\u0146a auto noma R\u012bg\u0101. Izv\u0113lies premium l\u012bme\u0146a nomas auto par zemu cenu.\" \/>\n<meta property=\"og:url\" content=\"https:\/\/autonomaprime.lv\/en\/auto-noma\/audi-a6-pro-line-plus-14\/\" \/>\n<meta property=\"og:site_name\" content=\"Auto Noma | Iz\u012br\u0113 Automa\u0161\u012bnu Izdev\u012bgi | PrimeAuto\" \/>\n<meta property=\"article:modified_time\" content=\"2024-03-18T15:29:56+00:00\" \/>\n<meta property=\"og:image\" content=\"https:\/\/autonomaprime.lv\/wp-content\/uploads\/2024\/02\/IMG_2968.jpg\" \/>\n\t<meta property=\"og:image:width\" content=\"1000\" \/>\n\t<meta property=\"og:image:height\" content=\"611\" \/>\n\t<meta property=\"og:image:type\" content=\"image\/jpeg\" \/>\n<meta name=\"twitter:card\" content=\"summary_large_image\" \/>\n<meta name=\"twitter:label1\" content=\"Est. reading time\" \/>\n\t<meta name=\"twitter:data1\" content=\"1 minute\" \/>\n<script type=\"application\/ld+json\" class=\"yoast-schema-graph\">{\"@context\":\"https:\/\/schema.org\",\"@graph\":[{\"@type\":\"WebPage\",\"@id\":\"https:\/\/autonomaprime.lv\/auto-noma\/audi-a6-pro-line-plus-14\/\",\"url\":\"https:\/\/autonomaprime.lv\/auto-noma\/audi-a6-pro-line-plus-14\/\",\"name\":\"Auto noma AUDI A6 PRO LINE - \u012bstermi\u0146a un ilgtermi\u0146a noma\",\"isPartOf\":{\"@id\":\"https:\/\/autonomaprime.lv\/#website\"},\"datePublished\":\"2024-02-15T12:19:40+00:00\",\"dateModified\":\"2024-03-18T15:29:56+00:00\",\"description\":\"Auto noma AUDI A6 PRO LINE Plus 14 - \u012bstermi\u0146a un ilgtermi\u0146a auto noma R\u012bg\u0101. Izv\u0113lies premium l\u012bme\u0146a nomas auto par zemu cenu.\",\"breadcrumb\":{\"@id\":\"https:\/\/autonomaprime.lv\/auto-noma\/audi-a6-pro-line-plus-14\/#breadcrumb\"},\"inLanguage\":\"en-GB\",\"potentialAction\":[{\"@type\":\"ReadAction\",\"target\":[\"https:\/\/autonomaprime.lv\/auto-noma\/audi-a6-pro-line-plus-14\/\"]}]},{\"@type\":\"BreadcrumbList\",\"@id\":\"https:\/\/autonomaprime.lv\/auto-noma\/audi-a6-pro-line-plus-14\/#breadcrumb\",\"itemListElement\":[{\"@type\":\"ListItem\",\"position\":1,\"name\":\"Home\",\"item\":\"https:\/\/autonomaprime.lv\/\"},{\"@type\":\"ListItem\",\"position\":2,\"name\":\"SandBox\",\"item\":\"https:\/\/autonomaprime.lv\/sandbox\/\"},{\"@type\":\"ListItem\",\"position\":3,\"name\":\"Auto Noma AUDI A6 Pro Line Plus &#8217;14\"}]},{\"@type\":\"WebSite\",\"@id\":\"https:\/\/autonomaprime.lv\/#website\",\"url\":\"https:\/\/autonomaprime.lv\/\",\"name\":\"Auto Noma | Iz\u012br\u0113 Automa\u0161\u012bnu Izdev\u012bgi | PrimeAuto\",\"description\":\"\",\"publisher\":{\"@id\":\"https:\/\/autonomaprime.lv\/#organization\"},\"potentialAction\":[{\"@type\":\"SearchAction\",\"target\":{\"@type\":\"EntryPoint\",\"urlTemplate\":\"https:\/\/autonomaprime.lv\/?s={search_term_string}\"},\"query-input\":\"required name=search_term_string\"}],\"inLanguage\":\"en-GB\"},{\"@type\":\"Organization\",\"@id\":\"https:\/\/autonomaprime.lv\/#organization\",\"name\":\"Auto Noma | Iz\u012br\u0113 Automa\u0161\u012bnu Izdev\u012bgi | PrimeAuto\",\"url\":\"https:\/\/autonomaprime.lv\/\",\"logo\":{\"@type\":\"ImageObject\",\"inLanguage\":\"en-GB\",\"@id\":\"https:\/\/autonomaprime.lv\/#\/schema\/logo\/image\/\",\"url\":\"https:\/\/autonomaprime.lv\/wp-content\/uploads\/2024\/02\/cropped-primeauto.webp\",\"contentUrl\":\"https:\/\/autonomaprime.lv\/wp-content\/uploads\/2024\/02\/cropped-primeauto.webp\",\"width\":387,\"height\":112,\"caption\":\"Auto Noma | Iz\u012br\u0113 Automa\u0161\u012bnu Izdev\u012bgi | PrimeAuto\"},\"image\":{\"@id\":\"https:\/\/autonomaprime.lv\/#\/schema\/logo\/image\/\"}}]}<\/script>\n<!-- \/ Yoast SEO plugin. -->","yoast_head_json":{"title":"Auto noma AUDI A6 PRO LINE - \u012bstermi\u0146a un ilgtermi\u0146a noma","description":"Auto noma AUDI A6 PRO LINE Plus 14 - \u012bstermi\u0146a un ilgtermi\u0146a auto noma R\u012bg\u0101. Izv\u0113lies premium l\u012bme\u0146a nomas auto par zemu cenu.","robots":{"index":"index","follow":"follow","max-snippet":"max-snippet:-1","max-image-preview":"max-image-preview:large","max-video-preview":"max-video-preview:-1"},"canonical":"https:\/\/autonomaprime.lv\/en\/auto-noma\/audi-a6-pro-line-plus-14\/","og_locale":"en_GB","og_type":"article","og_title":"Auto noma AUDI A6 PRO LINE - \u012bstermi\u0146a un ilgtermi\u0146a noma","og_description":"Auto noma AUDI A6 PRO LINE Plus 14 - \u012bstermi\u0146a un ilgtermi\u0146a auto noma R\u012bg\u0101. Izv\u0113lies premium l\u012bme\u0146a nomas auto par zemu cenu.","og_url":"https:\/\/autonomaprime.lv\/en\/auto-noma\/audi-a6-pro-line-plus-14\/","og_site_name":"Auto Noma | Iz\u012br\u0113 Automa\u0161\u012bnu Izdev\u012bgi | PrimeAuto","article_modified_time":"2024-03-18T15:29:56+00:00","og_image":[{"width":1000,"height":611,"url":"https:\/\/autonomaprime.lv\/wp-content\/uploads\/2024\/02\/IMG_2968.jpg","type":"image\/jpeg"}],"twitter_card":"summary_large_image","twitter_misc":{"Est. reading time":"1 minute"},"schema":{"@context":"https:\/\/schema.org","@graph":[{"@type":"WebPage","@id":"https:\/\/autonomaprime.lv\/auto-noma\/audi-a6-pro-line-plus-14\/","url":"https:\/\/autonomaprime.lv\/auto-noma\/audi-a6-pro-line-plus-14\/","name":"Auto noma AUDI A6 PRO LINE - \u012bstermi\u0146a un ilgtermi\u0146a noma","isPartOf":{"@id":"https:\/\/autonomaprime.lv\/#website"},"datePublished":"2024-02-15T12:19:40+00:00","dateModified":"2024-03-18T15:29:56+00:00","description":"Auto noma AUDI A6 PRO LINE Plus 14 - \u012bstermi\u0146a un ilgtermi\u0146a auto noma R\u012bg\u0101. Izv\u0113lies premium l\u012bme\u0146a nomas auto par zemu cenu.","breadcrumb":{"@id":"https:\/\/autonomaprime.lv\/auto-noma\/audi-a6-pro-line-plus-14\/#breadcrumb"},"inLanguage":"en-GB","potentialAction":[{"@type":"ReadAction","target":["https:\/\/autonomaprime.lv\/auto-noma\/audi-a6-pro-line-plus-14\/"]}]},{"@type":"BreadcrumbList","@id":"https:\/\/autonomaprime.lv\/auto-noma\/audi-a6-pro-line-plus-14\/#breadcrumb","itemListElement":[{"@type":"ListItem","position":1,"name":"Home","item":"https:\/\/autonomaprime.lv\/"},{"@type":"ListItem","position":2,"name":"SandBox","item":"https:\/\/autonomaprime.lv\/sandbox\/"},{"@type":"ListItem","position":3,"name":"Auto Noma AUDI A6 Pro Line Plus &#8217;14"}]},{"@type":"WebSite","@id":"https:\/\/autonomaprime.lv\/#website","url":"https:\/\/autonomaprime.lv\/","name":"Auto Noma | Iz\u012br\u0113 Automa\u0161\u012bnu Izdev\u012bgi | PrimeAuto","description":"","publisher":{"@id":"https:\/\/autonomaprime.lv\/#organization"},"potentialAction":[{"@type":"SearchAction","target":{"@type":"EntryPoint","urlTemplate":"https:\/\/autonomaprime.lv\/?s={search_term_string}"},"query-input":"required name=search_term_string"}],"inLanguage":"en-GB"},{"@type":"Organization","@id":"https:\/\/autonomaprime.lv\/#organization","name":"Auto Noma | Iz\u012br\u0113 Automa\u0161\u012bnu Izdev\u012bgi | PrimeAuto","url":"https:\/\/autonomaprime.lv\/","logo":{"@type":"ImageObject","inLanguage":"en-GB","@id":"https:\/\/autonomaprime.lv\/#\/schema\/logo\/image\/","url":"https:\/\/autonomaprime.lv\/wp-content\/uploads\/2024\/02\/cropped-primeauto.webp","contentUrl":"https:\/\/autonomaprime.lv\/wp-content\/uploads\/2024\/02\/cropped-primeauto.webp","width":387,"height":112,"caption":"Auto Noma | Iz\u012br\u0113 Automa\u0161\u012bnu Izdev\u012bgi | PrimeAuto"},"image":{"@id":"https:\/\/autonomaprime.lv\/#\/schema\/logo\/image\/"}}]}},"_links":{"self":[{"href":"https:\/\/autonomaprime.lv\/en\/wp-json\/wp\/v2\/product\/270","targetHints":{"allow":["GET"]}}],"collection":[{"href":"https:\/\/autonomaprime.lv\/en\/wp-json\/wp\/v2\/product"}],"about":[{"href":"https:\/\/autonomaprime.lv\/en\/wp-json\/wp\/v2\/types\/product"}],"wp:featuredmedia":[{"embeddable":true,"href":"https:\/\/autonomaprime.lv\/en\/wp-json\/wp\/v2\/media\/271"}],"wp:attachment":[{"href":"https:\/\/autonomaprime.lv\/en\/wp-json\/wp\/v2\/media?parent=270"}],"wp:term":[{"taxonomy":"product_cat","embeddable":true,"href":"https:\/\/autonomaprime.lv\/en\/wp-json\/wp\/v2\/product_cat?post=270"},{"taxonomy":"product_tag","embeddable":true,"href":"https:\/\/autonomaprime.lv\/en\/wp-json\/wp\/v2\/product_tag?post=270"}],"curies":[{"name":"wp","href":"https:\/\/api.w.org\/{rel}","templated":true}]}}