{"id":249,"date":"2024-02-15T12:13:13","date_gmt":"2024-02-15T12:13:13","guid":{"rendered":"https:\/\/autonomaprime.lv\/?post_type=product&#038;p=249"},"modified":"2024-03-18T15:30:50","modified_gmt":"2024-03-18T15:30:50","slug":"bmw-x5-xdrive-comfort","status":"publish","type":"product","link":"https:\/\/autonomaprime.lv\/en\/auto-noma\/bmw-x5-xdrive-comfort\/","title":{"rendered":"Car Rental BMW X5 xDrive Comfort"},"content":{"rendered":"<p>BMW X5 XDRIVE Renting this car will guarantee greater safety on different types of surfaces, thanks to the latest technology, and maximum driving dynamics. The energetic and elegant car has the intelligent all-wheel drive system xDrive, which ensures an even distribution of torque between the front and rear wheels. This system constantly monitors the state of motion of the car, continuously distributing power between the axles in an optimal ratio. In this way, excellent handling and dynamics are ensured, for example when turning and driving on a slippery road. Standard equipment on the BMW X5 XDRIVE includes a panoramic glass sunroof, aluminum wheels, bi-xenon adaptive headlights, dual-zone automatic climate control, heated front seats, leather upholstery and HD radio.<\/p>","protected":false},"excerpt":{"rendered":"<p>BMW X5 XDRIVE Renting this car will guarantee greater safety on different types of surfaces, thanks to the latest technology, and maximum driving dynamics. The energetic and elegant car has the intelligent all-wheel drive system xDrive, which ensures an even distribution of torque between the front and rear wheels. This system constantly monitors the state of motion of the car, continuously distributing power between the axles in an optimal ratio. In this way, excellent handling and dynamics are ensured, for example when turning and driving on a slippery road. Standard equipment on the BMW X5 XDRIVE includes a panoramic glass sunroof, aluminum wheels, bi-xenon adaptive headlights, dual-zone automatic climate control, heated front seats, leather upholstery and HD radio.<\/p>","protected":false},"featured_media":250,"template":"","meta":[],"product_cat":[23,25],"product_tag":[],"class_list":{"0":"post-249","1":"product","2":"type-product","3":"status-publish","4":"has-post-thumbnail","6":"product_cat-auto-noma","7":"product_cat-bmw","9":"first","10":"instock","11":"shipping-taxable","12":"purchasable","13":"product-type-ovabrw_car_rental"},"yoast_head":"<!-- This site is optimized with the Yoast SEO plugin v22.0 - https:\/\/yoast.com\/wordpress\/plugins\/seo\/ -->\n<title>Auto Noma BMW X5 xDrive Comfort - Iz\u012br\u0113 premium l\u012bme\u0146a auto<\/title>\n<meta name=\"description\" content=\"Auto Noma BMW X5 xDrive Comfort - komforts un elegance, iz\u012br\u0113 premium l\u012bme\u0146a auto par mazbud\u017eeta auto cenu. \u012astermi\u0146a un ilgtermi\u0146a auto noma\" \/>\n<meta name=\"robots\" content=\"index, follow, max-snippet:-1, max-image-preview:large, max-video-preview:-1\" \/>\n<link rel=\"canonical\" href=\"https:\/\/autonomaprime.lv\/en\/auto-noma\/bmw-x5-xdrive-comfort\/\" \/>\n<meta property=\"og:locale\" content=\"en_GB\" \/>\n<meta property=\"og:type\" content=\"article\" \/>\n<meta property=\"og:title\" content=\"Auto Noma BMW X5 xDrive Comfort - Iz\u012br\u0113 premium l\u012bme\u0146a auto\" \/>\n<meta property=\"og:description\" content=\"Auto Noma BMW X5 xDrive Comfort - komforts un elegance, iz\u012br\u0113 premium l\u012bme\u0146a auto par mazbud\u017eeta auto cenu. \u012astermi\u0146a un ilgtermi\u0146a auto noma\" \/>\n<meta property=\"og:url\" content=\"https:\/\/autonomaprime.lv\/en\/auto-noma\/bmw-x5-xdrive-comfort\/\" \/>\n<meta property=\"og:site_name\" content=\"Auto Noma | Iz\u012br\u0113 Automa\u0161\u012bnu Izdev\u012bgi | PrimeAuto\" \/>\n<meta property=\"article:modified_time\" content=\"2024-03-18T15:30:50+00:00\" \/>\n<meta property=\"og:image\" content=\"https:\/\/autonomaprime.lv\/wp-content\/uploads\/2024\/02\/LL3250_01_1280x854.jpg\" \/>\n\t<meta property=\"og:image:width\" content=\"1000\" \/>\n\t<meta property=\"og:image:height\" content=\"636\" \/>\n\t<meta property=\"og:image:type\" content=\"image\/jpeg\" \/>\n<meta name=\"twitter:card\" content=\"summary_large_image\" \/>\n<meta name=\"twitter:label1\" content=\"Est. reading time\" \/>\n\t<meta name=\"twitter:data1\" content=\"1 minute\" \/>\n<script type=\"application\/ld+json\" class=\"yoast-schema-graph\">{\"@context\":\"https:\/\/schema.org\",\"@graph\":[{\"@type\":\"WebPage\",\"@id\":\"https:\/\/autonomaprime.lv\/auto-noma\/bmw-x5-xdrive-comfort\/\",\"url\":\"https:\/\/autonomaprime.lv\/auto-noma\/bmw-x5-xdrive-comfort\/\",\"name\":\"Auto Noma BMW X5 xDrive Comfort - Iz\u012br\u0113 premium l\u012bme\u0146a auto\",\"isPartOf\":{\"@id\":\"https:\/\/autonomaprime.lv\/#website\"},\"datePublished\":\"2024-02-15T12:13:13+00:00\",\"dateModified\":\"2024-03-18T15:30:50+00:00\",\"description\":\"Auto Noma BMW X5 xDrive Comfort - komforts un elegance, iz\u012br\u0113 premium l\u012bme\u0146a auto par mazbud\u017eeta auto cenu. \u012astermi\u0146a un ilgtermi\u0146a auto noma\",\"breadcrumb\":{\"@id\":\"https:\/\/autonomaprime.lv\/auto-noma\/bmw-x5-xdrive-comfort\/#breadcrumb\"},\"inLanguage\":\"en-GB\",\"potentialAction\":[{\"@type\":\"ReadAction\",\"target\":[\"https:\/\/autonomaprime.lv\/auto-noma\/bmw-x5-xdrive-comfort\/\"]}]},{\"@type\":\"BreadcrumbList\",\"@id\":\"https:\/\/autonomaprime.lv\/auto-noma\/bmw-x5-xdrive-comfort\/#breadcrumb\",\"itemListElement\":[{\"@type\":\"ListItem\",\"position\":1,\"name\":\"Home\",\"item\":\"https:\/\/autonomaprime.lv\/\"},{\"@type\":\"ListItem\",\"position\":2,\"name\":\"SandBox\",\"item\":\"https:\/\/autonomaprime.lv\/sandbox\/\"},{\"@type\":\"ListItem\",\"position\":3,\"name\":\"Auto Noma BMW X5 xDrive Comfort\"}]},{\"@type\":\"WebSite\",\"@id\":\"https:\/\/autonomaprime.lv\/#website\",\"url\":\"https:\/\/autonomaprime.lv\/\",\"name\":\"Auto Noma | Iz\u012br\u0113 Automa\u0161\u012bnu Izdev\u012bgi | PrimeAuto\",\"description\":\"\",\"publisher\":{\"@id\":\"https:\/\/autonomaprime.lv\/#organization\"},\"potentialAction\":[{\"@type\":\"SearchAction\",\"target\":{\"@type\":\"EntryPoint\",\"urlTemplate\":\"https:\/\/autonomaprime.lv\/?s={search_term_string}\"},\"query-input\":\"required name=search_term_string\"}],\"inLanguage\":\"en-GB\"},{\"@type\":\"Organization\",\"@id\":\"https:\/\/autonomaprime.lv\/#organization\",\"name\":\"Auto Noma | Iz\u012br\u0113 Automa\u0161\u012bnu Izdev\u012bgi | PrimeAuto\",\"url\":\"https:\/\/autonomaprime.lv\/\",\"logo\":{\"@type\":\"ImageObject\",\"inLanguage\":\"en-GB\",\"@id\":\"https:\/\/autonomaprime.lv\/#\/schema\/logo\/image\/\",\"url\":\"https:\/\/autonomaprime.lv\/wp-content\/uploads\/2024\/02\/cropped-primeauto.webp\",\"contentUrl\":\"https:\/\/autonomaprime.lv\/wp-content\/uploads\/2024\/02\/cropped-primeauto.webp\",\"width\":387,\"height\":112,\"caption\":\"Auto Noma | Iz\u012br\u0113 Automa\u0161\u012bnu Izdev\u012bgi | PrimeAuto\"},\"image\":{\"@id\":\"https:\/\/autonomaprime.lv\/#\/schema\/logo\/image\/\"}}]}<\/script>\n<!-- \/ Yoast SEO plugin. -->","yoast_head_json":{"title":"Auto Noma BMW X5 xDrive Comfort - Iz\u012br\u0113 premium l\u012bme\u0146a auto","description":"Auto Noma BMW X5 xDrive Comfort - komforts un elegance, iz\u012br\u0113 premium l\u012bme\u0146a auto par mazbud\u017eeta auto cenu. \u012astermi\u0146a un ilgtermi\u0146a auto noma","robots":{"index":"index","follow":"follow","max-snippet":"max-snippet:-1","max-image-preview":"max-image-preview:large","max-video-preview":"max-video-preview:-1"},"canonical":"https:\/\/autonomaprime.lv\/en\/auto-noma\/bmw-x5-xdrive-comfort\/","og_locale":"en_GB","og_type":"article","og_title":"Auto Noma BMW X5 xDrive Comfort - Iz\u012br\u0113 premium l\u012bme\u0146a auto","og_description":"Auto Noma BMW X5 xDrive Comfort - komforts un elegance, iz\u012br\u0113 premium l\u012bme\u0146a auto par mazbud\u017eeta auto cenu. \u012astermi\u0146a un ilgtermi\u0146a auto noma","og_url":"https:\/\/autonomaprime.lv\/en\/auto-noma\/bmw-x5-xdrive-comfort\/","og_site_name":"Auto Noma | Iz\u012br\u0113 Automa\u0161\u012bnu Izdev\u012bgi | PrimeAuto","article_modified_time":"2024-03-18T15:30:50+00:00","og_image":[{"width":1000,"height":636,"url":"https:\/\/autonomaprime.lv\/wp-content\/uploads\/2024\/02\/LL3250_01_1280x854.jpg","type":"image\/jpeg"}],"twitter_card":"summary_large_image","twitter_misc":{"Est. reading time":"1 minute"},"schema":{"@context":"https:\/\/schema.org","@graph":[{"@type":"WebPage","@id":"https:\/\/autonomaprime.lv\/auto-noma\/bmw-x5-xdrive-comfort\/","url":"https:\/\/autonomaprime.lv\/auto-noma\/bmw-x5-xdrive-comfort\/","name":"Auto Noma BMW X5 xDrive Comfort - Iz\u012br\u0113 premium l\u012bme\u0146a auto","isPartOf":{"@id":"https:\/\/autonomaprime.lv\/#website"},"datePublished":"2024-02-15T12:13:13+00:00","dateModified":"2024-03-18T15:30:50+00:00","description":"Auto Noma BMW X5 xDrive Comfort - komforts un elegance, iz\u012br\u0113 premium l\u012bme\u0146a auto par mazbud\u017eeta auto cenu. \u012astermi\u0146a un ilgtermi\u0146a auto noma","breadcrumb":{"@id":"https:\/\/autonomaprime.lv\/auto-noma\/bmw-x5-xdrive-comfort\/#breadcrumb"},"inLanguage":"en-GB","potentialAction":[{"@type":"ReadAction","target":["https:\/\/autonomaprime.lv\/auto-noma\/bmw-x5-xdrive-comfort\/"]}]},{"@type":"BreadcrumbList","@id":"https:\/\/autonomaprime.lv\/auto-noma\/bmw-x5-xdrive-comfort\/#breadcrumb","itemListElement":[{"@type":"ListItem","position":1,"name":"Home","item":"https:\/\/autonomaprime.lv\/"},{"@type":"ListItem","position":2,"name":"SandBox","item":"https:\/\/autonomaprime.lv\/sandbox\/"},{"@type":"ListItem","position":3,"name":"Auto Noma BMW X5 xDrive Comfort"}]},{"@type":"WebSite","@id":"https:\/\/autonomaprime.lv\/#website","url":"https:\/\/autonomaprime.lv\/","name":"Auto Noma | Iz\u012br\u0113 Automa\u0161\u012bnu Izdev\u012bgi | PrimeAuto","description":"","publisher":{"@id":"https:\/\/autonomaprime.lv\/#organization"},"potentialAction":[{"@type":"SearchAction","target":{"@type":"EntryPoint","urlTemplate":"https:\/\/autonomaprime.lv\/?s={search_term_string}"},"query-input":"required name=search_term_string"}],"inLanguage":"en-GB"},{"@type":"Organization","@id":"https:\/\/autonomaprime.lv\/#organization","name":"Auto Noma | Iz\u012br\u0113 Automa\u0161\u012bnu Izdev\u012bgi | PrimeAuto","url":"https:\/\/autonomaprime.lv\/","logo":{"@type":"ImageObject","inLanguage":"en-GB","@id":"https:\/\/autonomaprime.lv\/#\/schema\/logo\/image\/","url":"https:\/\/autonomaprime.lv\/wp-content\/uploads\/2024\/02\/cropped-primeauto.webp","contentUrl":"https:\/\/autonomaprime.lv\/wp-content\/uploads\/2024\/02\/cropped-primeauto.webp","width":387,"height":112,"caption":"Auto Noma | Iz\u012br\u0113 Automa\u0161\u012bnu Izdev\u012bgi | PrimeAuto"},"image":{"@id":"https:\/\/autonomaprime.lv\/#\/schema\/logo\/image\/"}}]}},"_links":{"self":[{"href":"https:\/\/autonomaprime.lv\/en\/wp-json\/wp\/v2\/product\/249","targetHints":{"allow":["GET"]}}],"collection":[{"href":"https:\/\/autonomaprime.lv\/en\/wp-json\/wp\/v2\/product"}],"about":[{"href":"https:\/\/autonomaprime.lv\/en\/wp-json\/wp\/v2\/types\/product"}],"wp:featuredmedia":[{"embeddable":true,"href":"https:\/\/autonomaprime.lv\/en\/wp-json\/wp\/v2\/media\/250"}],"wp:attachment":[{"href":"https:\/\/autonomaprime.lv\/en\/wp-json\/wp\/v2\/media?parent=249"}],"wp:term":[{"taxonomy":"product_cat","embeddable":true,"href":"https:\/\/autonomaprime.lv\/en\/wp-json\/wp\/v2\/product_cat?post=249"},{"taxonomy":"product_tag","embeddable":true,"href":"https:\/\/autonomaprime.lv\/en\/wp-json\/wp\/v2\/product_tag?post=249"}],"curies":[{"name":"wp","href":"https:\/\/api.w.org\/{rel}","templated":true}]}}