{"id":217,"date":"2024-02-15T12:00:12","date_gmt":"2024-02-15T12:00:12","guid":{"rendered":"https:\/\/autonomaprime.lv\/?post_type=product&#038;p=217"},"modified":"2024-03-19T13:49:53","modified_gmt":"2024-03-19T13:49:53","slug":"mercedes-benz-sprinter-l2h2","status":"publish","type":"product","link":"https:\/\/autonomaprime.lv\/en\/auto-noma\/mercedes-benz-sprinter-l2h2\/","title":{"rendered":"Car Rental MERCEDES-BENZ Sprinter L2H2"},"content":{"rendered":"<p>MERCEDES-BENZ Sprinter II L2H2 &#8211; 2.2 CDI Sprinter kravas mikroautobuss b\u016bs uzticams un dro\u0161s kompanjons ikdienas darbos. Tas \u012bpa\u0161i piem\u0113rots s\u012bkpaku pieg\u0101dei un viet\u0113jiem kravas p\u0101rvad\u0101jumiem. Kravas busu noma b\u016bs \u012bpa\u0161i izdev\u012bgs risin\u0101jums, ja transports nepiecie\u0161ams neregul\u0101ri, piem\u0113ram, d\u0113\u013c p\u0101rv\u0101k\u0161an\u0101s.<\/p>","protected":false},"excerpt":{"rendered":"<p>MERCEDES-BENZ Sprinter II L2H2 &#8211; 2.2 CDI Sprinter kravas mikroautobuss b\u016bs uzticams un dro\u0161s kompanjons ikdienas darbos. Tas \u012bpa\u0161i piem\u0113rots s\u012bkpaku pieg\u0101dei un viet\u0113jiem kravas p\u0101rvad\u0101jumiem. Kravas busu noma b\u016bs \u012bpa\u0161i izdev\u012bgs risin\u0101jums, ja transports nepiecie\u0161ams neregul\u0101ri, piem\u0113ram, d\u0113\u013c p\u0101rv\u0101k\u0161an\u0101s.<\/p>","protected":false},"featured_media":852,"template":"","meta":[],"product_cat":[30,28],"product_tag":[],"class_list":{"0":"post-217","1":"product","2":"type-product","3":"status-publish","4":"has-post-thumbnail","6":"product_cat-mercedes","7":"product_cat-mikroautobusu-noma","9":"first","10":"instock","11":"shipping-taxable","12":"purchasable","13":"product-type-ovabrw_car_rental"},"yoast_head":"<!-- This site is optimized with the Yoast SEO plugin v22.0 - https:\/\/yoast.com\/wordpress\/plugins\/seo\/ -->\n<title>Auto Noma MERCEDES-BENZ Sprinter L2H2 -komforts un ietilp\u012bba<\/title>\n<meta name=\"description\" content=\"Auto Noma MERCEDES-BENZ Sprinter L2H2 - ietilp\u012bgi, komfortabli, premium l\u012bme\u0146a busi \u012brei. Pla\u0161s komerctransportu kl\u0101sts \u012bstermi\u0146a un ilgtermi\u0146a nomai\" \/>\n<meta name=\"robots\" content=\"index, follow, max-snippet:-1, max-image-preview:large, max-video-preview:-1\" \/>\n<link rel=\"canonical\" href=\"https:\/\/autonomaprime.lv\/en\/auto-noma\/mercedes-benz-sprinter-l2h2\/\" \/>\n<meta property=\"og:locale\" content=\"en_GB\" \/>\n<meta property=\"og:type\" content=\"article\" \/>\n<meta property=\"og:title\" content=\"Auto Noma MERCEDES-BENZ Sprinter L2H2 -komforts un ietilp\u012bba\" \/>\n<meta property=\"og:description\" content=\"Auto Noma MERCEDES-BENZ Sprinter L2H2 - ietilp\u012bgi, komfortabli, premium l\u012bme\u0146a busi \u012brei. Pla\u0161s komerctransportu kl\u0101sts \u012bstermi\u0146a un ilgtermi\u0146a nomai\" \/>\n<meta property=\"og:url\" content=\"https:\/\/autonomaprime.lv\/en\/auto-noma\/mercedes-benz-sprinter-l2h2\/\" \/>\n<meta property=\"og:site_name\" content=\"Auto Noma | Iz\u012br\u0113 Automa\u0161\u012bnu Izdev\u012bgi | PrimeAuto\" \/>\n<meta property=\"article:modified_time\" content=\"2024-03-19T13:49:53+00:00\" \/>\n<meta property=\"og:image\" content=\"https:\/\/autonomaprime.lv\/wp-content\/uploads\/2024\/02\/okh-removebg-preview.png\" \/>\n\t<meta property=\"og:image:width\" content=\"611\" \/>\n\t<meta property=\"og:image:height\" content=\"408\" \/>\n\t<meta property=\"og:image:type\" content=\"image\/png\" \/>\n<meta name=\"twitter:card\" content=\"summary_large_image\" \/>\n<meta name=\"twitter:label1\" content=\"Est. reading time\" \/>\n\t<meta name=\"twitter:data1\" content=\"1 minute\" \/>\n<script type=\"application\/ld+json\" class=\"yoast-schema-graph\">{\"@context\":\"https:\/\/schema.org\",\"@graph\":[{\"@type\":\"WebPage\",\"@id\":\"https:\/\/autonomaprime.lv\/auto-noma\/mercedes-benz-sprinter-l2h2\/\",\"url\":\"https:\/\/autonomaprime.lv\/auto-noma\/mercedes-benz-sprinter-l2h2\/\",\"name\":\"Auto Noma MERCEDES-BENZ Sprinter L2H2 -komforts un ietilp\u012bba\",\"isPartOf\":{\"@id\":\"https:\/\/autonomaprime.lv\/#website\"},\"datePublished\":\"2024-02-15T12:00:12+00:00\",\"dateModified\":\"2024-03-19T13:49:53+00:00\",\"description\":\"Auto Noma MERCEDES-BENZ Sprinter L2H2 - ietilp\u012bgi, komfortabli, premium l\u012bme\u0146a busi \u012brei. Pla\u0161s komerctransportu kl\u0101sts \u012bstermi\u0146a un ilgtermi\u0146a nomai\",\"breadcrumb\":{\"@id\":\"https:\/\/autonomaprime.lv\/auto-noma\/mercedes-benz-sprinter-l2h2\/#breadcrumb\"},\"inLanguage\":\"en-GB\",\"potentialAction\":[{\"@type\":\"ReadAction\",\"target\":[\"https:\/\/autonomaprime.lv\/auto-noma\/mercedes-benz-sprinter-l2h2\/\"]}]},{\"@type\":\"BreadcrumbList\",\"@id\":\"https:\/\/autonomaprime.lv\/auto-noma\/mercedes-benz-sprinter-l2h2\/#breadcrumb\",\"itemListElement\":[{\"@type\":\"ListItem\",\"position\":1,\"name\":\"Home\",\"item\":\"https:\/\/autonomaprime.lv\/\"},{\"@type\":\"ListItem\",\"position\":2,\"name\":\"SandBox\",\"item\":\"https:\/\/autonomaprime.lv\/sandbox\/\"},{\"@type\":\"ListItem\",\"position\":3,\"name\":\"Auto Noma MERCEDES-BENZ Sprinter L2H2\"}]},{\"@type\":\"WebSite\",\"@id\":\"https:\/\/autonomaprime.lv\/#website\",\"url\":\"https:\/\/autonomaprime.lv\/\",\"name\":\"Auto Noma | Iz\u012br\u0113 Automa\u0161\u012bnu Izdev\u012bgi | PrimeAuto\",\"description\":\"\",\"publisher\":{\"@id\":\"https:\/\/autonomaprime.lv\/#organization\"},\"potentialAction\":[{\"@type\":\"SearchAction\",\"target\":{\"@type\":\"EntryPoint\",\"urlTemplate\":\"https:\/\/autonomaprime.lv\/?s={search_term_string}\"},\"query-input\":\"required name=search_term_string\"}],\"inLanguage\":\"en-GB\"},{\"@type\":\"Organization\",\"@id\":\"https:\/\/autonomaprime.lv\/#organization\",\"name\":\"Auto Noma | Iz\u012br\u0113 Automa\u0161\u012bnu Izdev\u012bgi | PrimeAuto\",\"url\":\"https:\/\/autonomaprime.lv\/\",\"logo\":{\"@type\":\"ImageObject\",\"inLanguage\":\"en-GB\",\"@id\":\"https:\/\/autonomaprime.lv\/#\/schema\/logo\/image\/\",\"url\":\"https:\/\/autonomaprime.lv\/wp-content\/uploads\/2024\/02\/cropped-primeauto.webp\",\"contentUrl\":\"https:\/\/autonomaprime.lv\/wp-content\/uploads\/2024\/02\/cropped-primeauto.webp\",\"width\":387,\"height\":112,\"caption\":\"Auto Noma | Iz\u012br\u0113 Automa\u0161\u012bnu Izdev\u012bgi | PrimeAuto\"},\"image\":{\"@id\":\"https:\/\/autonomaprime.lv\/#\/schema\/logo\/image\/\"}}]}<\/script>\n<!-- \/ Yoast SEO plugin. -->","yoast_head_json":{"title":"Auto Noma MERCEDES-BENZ Sprinter L2H2 -komforts un ietilp\u012bba","description":"Auto Noma MERCEDES-BENZ Sprinter L2H2 - ietilp\u012bgi, komfortabli, premium l\u012bme\u0146a busi \u012brei. Pla\u0161s komerctransportu kl\u0101sts \u012bstermi\u0146a un ilgtermi\u0146a nomai","robots":{"index":"index","follow":"follow","max-snippet":"max-snippet:-1","max-image-preview":"max-image-preview:large","max-video-preview":"max-video-preview:-1"},"canonical":"https:\/\/autonomaprime.lv\/en\/auto-noma\/mercedes-benz-sprinter-l2h2\/","og_locale":"en_GB","og_type":"article","og_title":"Auto Noma MERCEDES-BENZ Sprinter L2H2 -komforts un ietilp\u012bba","og_description":"Auto Noma MERCEDES-BENZ Sprinter L2H2 - ietilp\u012bgi, komfortabli, premium l\u012bme\u0146a busi \u012brei. Pla\u0161s komerctransportu kl\u0101sts \u012bstermi\u0146a un ilgtermi\u0146a nomai","og_url":"https:\/\/autonomaprime.lv\/en\/auto-noma\/mercedes-benz-sprinter-l2h2\/","og_site_name":"Auto Noma | Iz\u012br\u0113 Automa\u0161\u012bnu Izdev\u012bgi | PrimeAuto","article_modified_time":"2024-03-19T13:49:53+00:00","og_image":[{"width":611,"height":408,"url":"https:\/\/autonomaprime.lv\/wp-content\/uploads\/2024\/02\/okh-removebg-preview.png","type":"image\/png"}],"twitter_card":"summary_large_image","twitter_misc":{"Est. reading time":"1 minute"},"schema":{"@context":"https:\/\/schema.org","@graph":[{"@type":"WebPage","@id":"https:\/\/autonomaprime.lv\/auto-noma\/mercedes-benz-sprinter-l2h2\/","url":"https:\/\/autonomaprime.lv\/auto-noma\/mercedes-benz-sprinter-l2h2\/","name":"Auto Noma MERCEDES-BENZ Sprinter L2H2 -komforts un ietilp\u012bba","isPartOf":{"@id":"https:\/\/autonomaprime.lv\/#website"},"datePublished":"2024-02-15T12:00:12+00:00","dateModified":"2024-03-19T13:49:53+00:00","description":"Auto Noma MERCEDES-BENZ Sprinter L2H2 - ietilp\u012bgi, komfortabli, premium l\u012bme\u0146a busi \u012brei. Pla\u0161s komerctransportu kl\u0101sts \u012bstermi\u0146a un ilgtermi\u0146a nomai","breadcrumb":{"@id":"https:\/\/autonomaprime.lv\/auto-noma\/mercedes-benz-sprinter-l2h2\/#breadcrumb"},"inLanguage":"en-GB","potentialAction":[{"@type":"ReadAction","target":["https:\/\/autonomaprime.lv\/auto-noma\/mercedes-benz-sprinter-l2h2\/"]}]},{"@type":"BreadcrumbList","@id":"https:\/\/autonomaprime.lv\/auto-noma\/mercedes-benz-sprinter-l2h2\/#breadcrumb","itemListElement":[{"@type":"ListItem","position":1,"name":"Home","item":"https:\/\/autonomaprime.lv\/"},{"@type":"ListItem","position":2,"name":"SandBox","item":"https:\/\/autonomaprime.lv\/sandbox\/"},{"@type":"ListItem","position":3,"name":"Auto Noma MERCEDES-BENZ Sprinter L2H2"}]},{"@type":"WebSite","@id":"https:\/\/autonomaprime.lv\/#website","url":"https:\/\/autonomaprime.lv\/","name":"Auto Noma | Iz\u012br\u0113 Automa\u0161\u012bnu Izdev\u012bgi | PrimeAuto","description":"","publisher":{"@id":"https:\/\/autonomaprime.lv\/#organization"},"potentialAction":[{"@type":"SearchAction","target":{"@type":"EntryPoint","urlTemplate":"https:\/\/autonomaprime.lv\/?s={search_term_string}"},"query-input":"required name=search_term_string"}],"inLanguage":"en-GB"},{"@type":"Organization","@id":"https:\/\/autonomaprime.lv\/#organization","name":"Auto Noma | Iz\u012br\u0113 Automa\u0161\u012bnu Izdev\u012bgi | PrimeAuto","url":"https:\/\/autonomaprime.lv\/","logo":{"@type":"ImageObject","inLanguage":"en-GB","@id":"https:\/\/autonomaprime.lv\/#\/schema\/logo\/image\/","url":"https:\/\/autonomaprime.lv\/wp-content\/uploads\/2024\/02\/cropped-primeauto.webp","contentUrl":"https:\/\/autonomaprime.lv\/wp-content\/uploads\/2024\/02\/cropped-primeauto.webp","width":387,"height":112,"caption":"Auto Noma | Iz\u012br\u0113 Automa\u0161\u012bnu Izdev\u012bgi | PrimeAuto"},"image":{"@id":"https:\/\/autonomaprime.lv\/#\/schema\/logo\/image\/"}}]}},"_links":{"self":[{"href":"https:\/\/autonomaprime.lv\/en\/wp-json\/wp\/v2\/product\/217","targetHints":{"allow":["GET"]}}],"collection":[{"href":"https:\/\/autonomaprime.lv\/en\/wp-json\/wp\/v2\/product"}],"about":[{"href":"https:\/\/autonomaprime.lv\/en\/wp-json\/wp\/v2\/types\/product"}],"wp:featuredmedia":[{"embeddable":true,"href":"https:\/\/autonomaprime.lv\/en\/wp-json\/wp\/v2\/media\/852"}],"wp:attachment":[{"href":"https:\/\/autonomaprime.lv\/en\/wp-json\/wp\/v2\/media?parent=217"}],"wp:term":[{"taxonomy":"product_cat","embeddable":true,"href":"https:\/\/autonomaprime.lv\/en\/wp-json\/wp\/v2\/product_cat?post=217"},{"taxonomy":"product_tag","embeddable":true,"href":"https:\/\/autonomaprime.lv\/en\/wp-json\/wp\/v2\/product_tag?post=217"}],"curies":[{"name":"wp","href":"https:\/\/api.w.org\/{rel}","templated":true}]}}