{"id":138,"date":"2024-02-15T08:32:21","date_gmt":"2024-02-15T08:32:21","guid":{"rendered":"https:\/\/autonomaprime.lv\/?post_type=product&#038;p=138"},"modified":"2024-03-18T15:03:28","modified_gmt":"2024-03-18T15:03:28","slug":"audi-a5-sportback-13-copy-copy","status":"publish","type":"product","link":"https:\/\/autonomaprime.lv\/en\/auto-noma\/audi-a5-sportback-13-copy-copy\/","title":{"rendered":"Car Rental BMW X3 xDrive"},"content":{"rendered":"<p>BMW X3 XDRIVE Sp\u0113c\u012bga rakstura automa\u0161\u012bnu cien\u012bt\u0101jiem. \u0160o auto raksturo lieliska vad\u0101m\u012bba, komforts, uzticam\u012bba un \u0113rt\u012bbas. Liela garenb\u0101ze un \u012bsas p\u0101rkares, k\u0101 ar\u012b it k\u0101 uz aizmuguri kr\u012bto\u0161a jumta l\u012bnija uzsver dinamiku. P\u0101rmai\u0146us ieliektas un izliektas virsmas pie\u0161\u0137ir X3 svaigu izskatu. Efekt\u012bvi izv\u0113rst\u0101s rite\u0146u arkas un paman\u0101ma priek\u0161da\u013ca pie\u0161\u0137ir krosoveram sp\u0113c\u012bgu raksturu un uzsver to, ka autovad\u012bt\u0101js \u0161aj\u0101 automa\u0161\u012bn\u0101 jut\u012bsies p\u0101rliecin\u0101ts jebkur\u0101 situ\u0101cij\u0101. Turkl\u0101t vied\u0101 pilnpiedzi\u0146as sist\u0113ma xDrive nodro\u0161ina vienm\u0113r\u012bgu griezes momenta sadal\u012bjumu starp priek\u0161\u0113jiem un aizmugur\u0113jiem rite\u0146iem. \u0160\u012b sist\u0113ma past\u0101v\u012bgi uzrauga automa\u0161\u012bnas kust\u012bbas st\u0101vokli, nep\u0101rtraukti sadalot jaudu starp as\u012bm optim\u0101l\u0101 proporcij\u0101. T\u0101d\u0101 veid\u0101 tiek nodro\u0161in\u0101ta izcila vad\u0101m\u012bba un dinamika, piem\u0113ram, pagrie\u017eoties un braucot pa slidenu ce\u013cu. BMW X3 XDRIVE auto noma pal\u012bdz\u0113s izbaud\u012bt brauk\u0161anas prieku, vienl\u012bdz sniedzot dro\u0161\u012bbu un komfortu uz ce\u013ca.<\/p>","protected":false},"excerpt":{"rendered":"<p>BMW X3 XDRIVE Sp\u0113c\u012bga rakstura automa\u0161\u012bnu cien\u012bt\u0101jiem. \u0160o auto raksturo lieliska vad\u0101m\u012bba, komforts, uzticam\u012bba un \u0113rt\u012bbas. Liela garenb\u0101ze un \u012bsas p\u0101rkares, k\u0101 ar\u012b it k\u0101 uz aizmuguri kr\u012bto\u0161a jumta l\u012bnija uzsver dinamiku. P\u0101rmai\u0146us ieliektas un izliektas virsmas pie\u0161\u0137ir X3 svaigu izskatu. Efekt\u012bvi izv\u0113rst\u0101s rite\u0146u arkas un paman\u0101ma priek\u0161da\u013ca pie\u0161\u0137ir krosoveram sp\u0113c\u012bgu raksturu un uzsver to, ka autovad\u012bt\u0101js \u0161aj\u0101 automa\u0161\u012bn\u0101 jut\u012bsies p\u0101rliecin\u0101ts jebkur\u0101 situ\u0101cij\u0101. Turkl\u0101t vied\u0101 pilnpiedzi\u0146as sist\u0113ma xDrive nodro\u0161ina vienm\u0113r\u012bgu griezes momenta sadal\u012bjumu starp priek\u0161\u0113jiem un aizmugur\u0113jiem rite\u0146iem. \u0160\u012b sist\u0113ma past\u0101v\u012bgi uzrauga automa\u0161\u012bnas kust\u012bbas st\u0101vokli, nep\u0101rtraukti sadalot jaudu starp as\u012bm optim\u0101l\u0101 proporcij\u0101. T\u0101d\u0101 veid\u0101 tiek nodro\u0161in\u0101ta izcila vad\u0101m\u012bba un dinamika, piem\u0113ram, pagrie\u017eoties un braucot pa slidenu ce\u013cu. BMW X3 XDRIVE auto noma pal\u012bdz\u0113s izbaud\u012bt brauk\u0161anas prieku, vienl\u012bdz sniedzot dro\u0161\u012bbu un komfortu uz ce\u013ca.<\/p>","protected":false},"featured_media":155,"template":"","meta":[],"product_cat":[23,25],"product_tag":[],"class_list":{"0":"post-138","1":"product","2":"type-product","3":"status-publish","4":"has-post-thumbnail","6":"product_cat-auto-noma","7":"product_cat-bmw","9":"first","10":"instock","11":"shipping-taxable","12":"purchasable","13":"product-type-ovabrw_car_rental"},"yoast_head":"<!-- This site is optimized with the Yoast SEO plugin v22.0 - https:\/\/yoast.com\/wordpress\/plugins\/seo\/ -->\n<title>Auto Noma BMW X3 xDrive - Piepras\u012bts nomas auto. &#039;&#039;Prime Auto&#039;&#039;.<\/title>\n<meta name=\"description\" content=\"Auto Noma BMW X3 xDrive - pla\u0161s BMW nomas auto kl\u0101sts - komforts, jauda, sp\u0113ks - izv\u0113lies iznom\u0101t bmw par lielisku cenu autonomaprime.lv\" \/>\n<meta name=\"robots\" content=\"index, follow, max-snippet:-1, max-image-preview:large, max-video-preview:-1\" \/>\n<link rel=\"canonical\" href=\"https:\/\/autonomaprime.lv\/en\/auto-noma\/audi-a5-sportback-13-copy-copy\/\" \/>\n<meta property=\"og:locale\" content=\"en_GB\" \/>\n<meta property=\"og:type\" content=\"article\" \/>\n<meta property=\"og:title\" content=\"Auto Noma BMW X3 xDrive - Piepras\u012bts nomas auto. &#039;&#039;Prime Auto&#039;&#039;.\" \/>\n<meta property=\"og:description\" content=\"Auto Noma BMW X3 xDrive - pla\u0161s BMW nomas auto kl\u0101sts - komforts, jauda, sp\u0113ks - izv\u0113lies iznom\u0101t bmw par lielisku cenu autonomaprime.lv\" \/>\n<meta property=\"og:url\" content=\"https:\/\/autonomaprime.lv\/en\/auto-noma\/audi-a5-sportback-13-copy-copy\/\" \/>\n<meta property=\"og:site_name\" content=\"Auto Noma | Iz\u012br\u0113 Automa\u0161\u012bnu Izdev\u012bgi | PrimeAuto\" \/>\n<meta property=\"article:modified_time\" content=\"2024-03-18T15:03:28+00:00\" \/>\n<meta property=\"og:image\" content=\"https:\/\/autonomaprime.lv\/wp-content\/uploads\/2024\/02\/KM8032_01_1280x851.jpg\" \/>\n\t<meta property=\"og:image:width\" content=\"500\" \/>\n\t<meta property=\"og:image:height\" content=\"332\" \/>\n\t<meta property=\"og:image:type\" content=\"image\/jpeg\" \/>\n<meta name=\"twitter:card\" content=\"summary_large_image\" \/>\n<meta name=\"twitter:label1\" content=\"Est. reading time\" \/>\n\t<meta name=\"twitter:data1\" content=\"1 minute\" \/>\n<script type=\"application\/ld+json\" class=\"yoast-schema-graph\">{\"@context\":\"https:\/\/schema.org\",\"@graph\":[{\"@type\":\"WebPage\",\"@id\":\"https:\/\/autonomaprime.lv\/auto-noma\/audi-a5-sportback-13-copy-copy\/\",\"url\":\"https:\/\/autonomaprime.lv\/auto-noma\/audi-a5-sportback-13-copy-copy\/\",\"name\":\"Auto Noma BMW X3 xDrive - Piepras\u012bts nomas auto. ''Prime Auto''.\",\"isPartOf\":{\"@id\":\"https:\/\/autonomaprime.lv\/#website\"},\"datePublished\":\"2024-02-15T08:32:21+00:00\",\"dateModified\":\"2024-03-18T15:03:28+00:00\",\"description\":\"Auto Noma BMW X3 xDrive - pla\u0161s BMW nomas auto kl\u0101sts - komforts, jauda, sp\u0113ks - izv\u0113lies iznom\u0101t bmw par lielisku cenu autonomaprime.lv\",\"breadcrumb\":{\"@id\":\"https:\/\/autonomaprime.lv\/auto-noma\/audi-a5-sportback-13-copy-copy\/#breadcrumb\"},\"inLanguage\":\"en-GB\",\"potentialAction\":[{\"@type\":\"ReadAction\",\"target\":[\"https:\/\/autonomaprime.lv\/auto-noma\/audi-a5-sportback-13-copy-copy\/\"]}]},{\"@type\":\"BreadcrumbList\",\"@id\":\"https:\/\/autonomaprime.lv\/auto-noma\/audi-a5-sportback-13-copy-copy\/#breadcrumb\",\"itemListElement\":[{\"@type\":\"ListItem\",\"position\":1,\"name\":\"Home\",\"item\":\"https:\/\/autonomaprime.lv\/\"},{\"@type\":\"ListItem\",\"position\":2,\"name\":\"SandBox\",\"item\":\"https:\/\/autonomaprime.lv\/sandbox\/\"},{\"@type\":\"ListItem\",\"position\":3,\"name\":\"Auto Noma BMW X3 xDrive\"}]},{\"@type\":\"WebSite\",\"@id\":\"https:\/\/autonomaprime.lv\/#website\",\"url\":\"https:\/\/autonomaprime.lv\/\",\"name\":\"Auto Noma | Iz\u012br\u0113 Automa\u0161\u012bnu Izdev\u012bgi | PrimeAuto\",\"description\":\"\",\"publisher\":{\"@id\":\"https:\/\/autonomaprime.lv\/#organization\"},\"potentialAction\":[{\"@type\":\"SearchAction\",\"target\":{\"@type\":\"EntryPoint\",\"urlTemplate\":\"https:\/\/autonomaprime.lv\/?s={search_term_string}\"},\"query-input\":\"required name=search_term_string\"}],\"inLanguage\":\"en-GB\"},{\"@type\":\"Organization\",\"@id\":\"https:\/\/autonomaprime.lv\/#organization\",\"name\":\"Auto Noma | Iz\u012br\u0113 Automa\u0161\u012bnu Izdev\u012bgi | PrimeAuto\",\"url\":\"https:\/\/autonomaprime.lv\/\",\"logo\":{\"@type\":\"ImageObject\",\"inLanguage\":\"en-GB\",\"@id\":\"https:\/\/autonomaprime.lv\/#\/schema\/logo\/image\/\",\"url\":\"https:\/\/autonomaprime.lv\/wp-content\/uploads\/2024\/02\/cropped-primeauto.webp\",\"contentUrl\":\"https:\/\/autonomaprime.lv\/wp-content\/uploads\/2024\/02\/cropped-primeauto.webp\",\"width\":387,\"height\":112,\"caption\":\"Auto Noma | Iz\u012br\u0113 Automa\u0161\u012bnu Izdev\u012bgi | PrimeAuto\"},\"image\":{\"@id\":\"https:\/\/autonomaprime.lv\/#\/schema\/logo\/image\/\"}}]}<\/script>\n<!-- \/ Yoast SEO plugin. -->","yoast_head_json":{"title":"Auto Noma BMW X3 xDrive - Piepras\u012bts nomas auto. ''Prime Auto''.","description":"Auto Noma BMW X3 xDrive - pla\u0161s BMW nomas auto kl\u0101sts - komforts, jauda, sp\u0113ks - izv\u0113lies iznom\u0101t bmw par lielisku cenu autonomaprime.lv","robots":{"index":"index","follow":"follow","max-snippet":"max-snippet:-1","max-image-preview":"max-image-preview:large","max-video-preview":"max-video-preview:-1"},"canonical":"https:\/\/autonomaprime.lv\/en\/auto-noma\/audi-a5-sportback-13-copy-copy\/","og_locale":"en_GB","og_type":"article","og_title":"Auto Noma BMW X3 xDrive - Piepras\u012bts nomas auto. ''Prime Auto''.","og_description":"Auto Noma BMW X3 xDrive - pla\u0161s BMW nomas auto kl\u0101sts - komforts, jauda, sp\u0113ks - izv\u0113lies iznom\u0101t bmw par lielisku cenu autonomaprime.lv","og_url":"https:\/\/autonomaprime.lv\/en\/auto-noma\/audi-a5-sportback-13-copy-copy\/","og_site_name":"Auto Noma | Iz\u012br\u0113 Automa\u0161\u012bnu Izdev\u012bgi | PrimeAuto","article_modified_time":"2024-03-18T15:03:28+00:00","og_image":[{"width":500,"height":332,"url":"https:\/\/autonomaprime.lv\/wp-content\/uploads\/2024\/02\/KM8032_01_1280x851.jpg","type":"image\/jpeg"}],"twitter_card":"summary_large_image","twitter_misc":{"Est. reading time":"1 minute"},"schema":{"@context":"https:\/\/schema.org","@graph":[{"@type":"WebPage","@id":"https:\/\/autonomaprime.lv\/auto-noma\/audi-a5-sportback-13-copy-copy\/","url":"https:\/\/autonomaprime.lv\/auto-noma\/audi-a5-sportback-13-copy-copy\/","name":"Auto Noma BMW X3 xDrive - Piepras\u012bts nomas auto. ''Prime Auto''.","isPartOf":{"@id":"https:\/\/autonomaprime.lv\/#website"},"datePublished":"2024-02-15T08:32:21+00:00","dateModified":"2024-03-18T15:03:28+00:00","description":"Auto Noma BMW X3 xDrive - pla\u0161s BMW nomas auto kl\u0101sts - komforts, jauda, sp\u0113ks - izv\u0113lies iznom\u0101t bmw par lielisku cenu autonomaprime.lv","breadcrumb":{"@id":"https:\/\/autonomaprime.lv\/auto-noma\/audi-a5-sportback-13-copy-copy\/#breadcrumb"},"inLanguage":"en-GB","potentialAction":[{"@type":"ReadAction","target":["https:\/\/autonomaprime.lv\/auto-noma\/audi-a5-sportback-13-copy-copy\/"]}]},{"@type":"BreadcrumbList","@id":"https:\/\/autonomaprime.lv\/auto-noma\/audi-a5-sportback-13-copy-copy\/#breadcrumb","itemListElement":[{"@type":"ListItem","position":1,"name":"Home","item":"https:\/\/autonomaprime.lv\/"},{"@type":"ListItem","position":2,"name":"SandBox","item":"https:\/\/autonomaprime.lv\/sandbox\/"},{"@type":"ListItem","position":3,"name":"Auto Noma BMW X3 xDrive"}]},{"@type":"WebSite","@id":"https:\/\/autonomaprime.lv\/#website","url":"https:\/\/autonomaprime.lv\/","name":"Auto Noma | Iz\u012br\u0113 Automa\u0161\u012bnu Izdev\u012bgi | PrimeAuto","description":"","publisher":{"@id":"https:\/\/autonomaprime.lv\/#organization"},"potentialAction":[{"@type":"SearchAction","target":{"@type":"EntryPoint","urlTemplate":"https:\/\/autonomaprime.lv\/?s={search_term_string}"},"query-input":"required name=search_term_string"}],"inLanguage":"en-GB"},{"@type":"Organization","@id":"https:\/\/autonomaprime.lv\/#organization","name":"Auto Noma | Iz\u012br\u0113 Automa\u0161\u012bnu Izdev\u012bgi | PrimeAuto","url":"https:\/\/autonomaprime.lv\/","logo":{"@type":"ImageObject","inLanguage":"en-GB","@id":"https:\/\/autonomaprime.lv\/#\/schema\/logo\/image\/","url":"https:\/\/autonomaprime.lv\/wp-content\/uploads\/2024\/02\/cropped-primeauto.webp","contentUrl":"https:\/\/autonomaprime.lv\/wp-content\/uploads\/2024\/02\/cropped-primeauto.webp","width":387,"height":112,"caption":"Auto Noma | Iz\u012br\u0113 Automa\u0161\u012bnu Izdev\u012bgi | PrimeAuto"},"image":{"@id":"https:\/\/autonomaprime.lv\/#\/schema\/logo\/image\/"}}]}},"_links":{"self":[{"href":"https:\/\/autonomaprime.lv\/en\/wp-json\/wp\/v2\/product\/138","targetHints":{"allow":["GET"]}}],"collection":[{"href":"https:\/\/autonomaprime.lv\/en\/wp-json\/wp\/v2\/product"}],"about":[{"href":"https:\/\/autonomaprime.lv\/en\/wp-json\/wp\/v2\/types\/product"}],"wp:featuredmedia":[{"embeddable":true,"href":"https:\/\/autonomaprime.lv\/en\/wp-json\/wp\/v2\/media\/155"}],"wp:attachment":[{"href":"https:\/\/autonomaprime.lv\/en\/wp-json\/wp\/v2\/media?parent=138"}],"wp:term":[{"taxonomy":"product_cat","embeddable":true,"href":"https:\/\/autonomaprime.lv\/en\/wp-json\/wp\/v2\/product_cat?post=138"},{"taxonomy":"product_tag","embeddable":true,"href":"https:\/\/autonomaprime.lv\/en\/wp-json\/wp\/v2\/product_tag?post=138"}],"curies":[{"name":"wp","href":"https:\/\/api.w.org\/{rel}","templated":true}]}}