{"id":381,"date":"2024-02-16T00:21:42","date_gmt":"2024-02-16T00:21:42","guid":{"rendered":"https:\/\/autonomaprime.lv\/?page_id=381"},"modified":"2024-03-18T13:30:48","modified_gmt":"2024-03-18T13:30:48","slug":"privatuma-politika","status":"publish","type":"page","link":"https:\/\/autonomaprime.lv\/en\/privatuma-politika\/","title":{"rendered":"Privacy Policy"},"content":{"rendered":"<div data-elementor-type=\"wp-page\" data-elementor-id=\"381\" class=\"elementor elementor-381\" data-elementor-post-type=\"page\">\n\t\t\t\t<div class=\"elementor-element elementor-element-b4262c3 e-flex e-con-boxed e-con e-parent\" data-id=\"b4262c3\" data-element_type=\"container\" data-settings=\"{&quot;background_background&quot;:&quot;classic&quot;}\" data-core-v316-plus=\"true\">\n\t\t\t\t\t<div class=\"e-con-inner\">\n\t\t\t\t<div class=\"elementor-element elementor-element-777dc31 elementor-widget elementor-widget-heading\" data-id=\"777dc31\" data-element_type=\"widget\" data-widget_type=\"heading.default\">\n\t\t\t\t<div class=\"elementor-widget-container\">\n\t\t\t<style>\/*! elementor - v3.20.0 - 26-03-2024 *\/\n.elementor-heading-title{padding:0;margin:0;line-height:1}.elementor-widget-heading .elementor-heading-title[class*=elementor-size-]>a{color:inherit;font-size:inherit;line-height:inherit}.elementor-widget-heading .elementor-heading-title.elementor-size-small{font-size:15px}.elementor-widget-heading .elementor-heading-title.elementor-size-medium{font-size:19px}.elementor-widget-heading .elementor-heading-title.elementor-size-large{font-size:29px}.elementor-widget-heading .elementor-heading-title.elementor-size-xl{font-size:39px}.elementor-widget-heading .elementor-heading-title.elementor-size-xxl{font-size:59px}<\/style><h2 class=\"elementor-heading-title elementor-size-default\">Privacy Policy<\/h2>\t\t<\/div>\n\t\t\t\t<\/div>\n\t\t\t\t\t<\/div>\n\t\t\t\t<\/div>\n\t\t<div class=\"elementor-element elementor-element-35ccd9e e-flex e-con-boxed e-con e-parent\" data-id=\"35ccd9e\" data-element_type=\"container\" data-core-v316-plus=\"true\">\n\t\t\t\t\t<div class=\"e-con-inner\">\n\t\t<div class=\"elementor-element elementor-element-2b2fe6d e-con-full e-flex e-con e-child\" data-id=\"2b2fe6d\" data-element_type=\"container\">\n\t\t\t\t<div class=\"elementor-element elementor-element-f1f8303 elementor-widget elementor-widget-text-editor\" data-id=\"f1f8303\" data-element_type=\"widget\" data-widget_type=\"text-editor.default\">\n\t\t\t\t<div class=\"elementor-widget-container\">\n\t\t\t<style>\/*! elementor - v3.20.0 - 26-03-2024 *\/\n.elementor-widget-text-editor.elementor-drop-cap-view-stacked .elementor-drop-cap{background-color:#69727d;color:#fff}.elementor-widget-text-editor.elementor-drop-cap-view-framed .elementor-drop-cap{color:#69727d;border:3px solid;background-color:transparent}.elementor-widget-text-editor:not(.elementor-drop-cap-view-default) .elementor-drop-cap{margin-top:8px}.elementor-widget-text-editor:not(.elementor-drop-cap-view-default) .elementor-drop-cap-letter{width:1em;height:1em}.elementor-widget-text-editor .elementor-drop-cap{float:left;text-align:center;line-height:1;font-size:50px}.elementor-widget-text-editor .elementor-drop-cap-letter{display:inline-block}<\/style>\t\t\t\t<h2>Regulations<\/h2><p>Here you can get information about the website&#039;s data processing techniques and find out how your personal data is collected and used.<\/p><p>The privacy policy regarding the protection of personal data is based on Regulation (EU) No. 27 of the European Parliament and of the Council of April 27, 2016. 2016\/679 (hereinafter referred to as the Regulation).<\/p><p><strong>Why is your data collected, stored and processed?<\/strong><\/p><p>To allow the website to respond to your questions submitted by email\u00a0<a href=\"mailto:info@primeauto.lv\">info@primeauto.lv<\/a>\u00a0or using our contact form and provide you with the desired information;<\/p><ul><li>To provide services;<\/li><li>To provide customer service;<\/li><li>To obtain statistical data on the number of website visits. These statistics do not identify a person.<\/li><\/ul><p>The website will use the data obtained only for the performance of the above-mentioned tasks, your data will not be transferred to third parties, unless you have given your consent, the purpose of which is to provide additional services.<\/p><p><strong>What data do we collect?<\/strong><\/p><p>Through the contact form or e-mail\u00a0<a href=\"mailto:info@primeauto.lv\">info@primeauto.lv<\/a>\u00a0the following data are obtained: name of the company, business e-mail, name of the representative of the company, telephone number.<\/p><p><strong>How long do we store your data?<\/strong><\/p><p>The company will store the information of the company representative and the company for as long as it is necessary to:<\/p><ul><li>provide services and information that you or your company has requested;<\/li><li>contact you and respond to the request you have submitted.<\/li><\/ul><p><strong>How to find out more information about the use of your data?<\/strong><\/p><p>If you want to ask additional questions about the use of data, delete data from our system or obtain other information about your data, please contact us by writing an e-mail to\u00a0<a href=\"mailto:info@primeauto.lv\">info@primeauto.lv<\/a><\/p>\t\t\t\t\t\t<\/div>\n\t\t\t\t<\/div>\n\t\t\t\t<\/div>\n\t\t<div class=\"elementor-element elementor-element-fd5ad7c e-con-full e-flex e-con e-child\" data-id=\"fd5ad7c\" data-element_type=\"container\">\n\t\t\t\t<div class=\"elementor-element elementor-element-bb0f8ca elementor-widget elementor-widget-text-editor\" data-id=\"bb0f8ca\" data-element_type=\"widget\" data-widget_type=\"text-editor.default\">\n\t\t\t\t<div class=\"elementor-widget-container\">\n\t\t\t\t\t\t\t<h2>Cookie policy<\/h2><p>In order for this website to function properly, we place cookies on your device. Read on to find out what cookies are and what they are used for.<\/p><p><strong>What are cookies?<\/strong><\/p><p>A cookie is a small text file that a website saves on your computer or mobile device when you visit it. A cookie helps the website remember the settings you have set (such as language, loaded images, display settings, etc.) with which you have chosen to view the website, so that you do not have to specify and reload them each time.<\/p><p><strong>Why are cookies used?<\/strong><\/p><p>Cookies are used to:<\/p><ul><li>Remember your screen settings (eg language, font size, etc.);<\/li><li>Obtain statistical data (for example, how you got here, number of visitors, time spent, etc.) with the aim of improving and optimizing the operation of the website;<\/li><li>To ensure that advertising relevant to your needs is displayed on other websites.<\/li><\/ul><p><strong>Types of cookies<\/strong><\/p><p><strong><em>Functional cookies (first-party cookies)<\/em><\/strong>\u00a0Cookies are necessary for the website to be able to perform its functions and not to forget you every time a new action is performed, such as language settings, entered text, or when you open the website again, it can load the content faster than the first time you opened it.<\/p><p><strong><em>Analytics and advertising cookies (third-party cookies)<\/em><\/strong><br \/>Analytics programs - Google Analytics and Yandex Metric - are used on the website. These programs use cookies, giving us the opportunity, as a website operator, to analyze what content is used most often on the website, through which search engine the user arrived and how they can navigate the website. The obtained information is used for the purpose of making appropriate improvements to the website to make navigation more convenient and the content of the website more relevant to the user&#039;s interests.<\/p><p>In addition, services such as Google Adwords can be used in order to display advertising that matches the user&#039;s preferences. Youtube to provide video content or links to other websites on the website. Facebook, Instagram, draugiem.lv, LinkedIn, to offer the opportunity to view content from these social accounts or to share the content of the website in them. All these services use cookies to obtain statistical data and find out what the most popular search trends are. These third-party cookies are outside our control.<\/p><p>Cookies are stored on your device temporarily or until you manually delete them.<\/p><p>If you wish, you can control or delete cookies from your device. You have the option to disable the use of cookies in your browser settings. However, please note that some services and website features may not work.<\/p><p>The information associated with cookies is not used to identify you personally. These cookies are used exclusively for the purpose specified in these terms<\/p><p><strong><em>Read more about cookies here: www.aboutcookies.org<\/em><\/strong><\/p>\t\t\t\t\t\t<\/div>\n\t\t\t\t<\/div>\n\t\t\t\t<\/div>\n\t\t\t\t\t<\/div>\n\t\t\t\t<\/div>\n\t\t\t\t<\/div>","protected":false},"excerpt":{"rendered":"<p>Priv\u0101tuma Politika Noteikumi \u0160eit J\u016bs varat ieg\u016bt inform\u0101ciju par t\u012bmek\u013ca vietnes datu apstr\u0101des pa\u0146\u0113mieniem un noskaidrot, k\u0101d\u0101 veid\u0101 tiek apkopoti un izmantoti J\u016bsu personas dati. Priv\u0101tuma politika attiec\u012bb\u0101 uz personas datu aizsardz\u012bbu pamatojas uz 2016. gada 27. apr\u012b\u013ca Eiropas Parlamenta un Padomes Regulu (ES) Nr. 2016\/679 (turpm\u0101k tekst\u0101 \u2013 Regula). K\u0101p\u0113c tiek apkopoti, glab\u0101ti un asptr\u0101d\u0101ti J\u016bsu dati? Lai \u013cautu [&hellip;]<\/p>","protected":false},"author":1,"featured_media":0,"parent":0,"menu_order":0,"comment_status":"closed","ping_status":"closed","template":"elementor_header_footer","meta":{"footnotes":""},"class_list":["post-381","page","type-page","status-publish","hentry"],"yoast_head":"<!-- This site is optimized with the Yoast SEO plugin v22.0 - https:\/\/yoast.com\/wordpress\/plugins\/seo\/ -->\n<title>Auto nomas noteikumi un priv\u0101tuma politika &#039;&#039;Prime Auto&#039;&#039;<\/title>\n<meta name=\"description\" content=\"Auto nomas noteikumi un priv\u0101tuma politika. Iznom\u0101 premium klases nomas auto un veic vienk\u0101r\u0161otu rezerv\u0101ciju online, ien\u0101c autonomaprime.lv\" \/>\n<meta name=\"robots\" content=\"index, follow, max-snippet:-1, max-image-preview:large, max-video-preview:-1\" \/>\n<link rel=\"canonical\" href=\"https:\/\/autonomaprime.lv\/en\/privatuma-politika\/\" \/>\n<meta property=\"og:locale\" content=\"en_GB\" \/>\n<meta property=\"og:type\" content=\"article\" \/>\n<meta property=\"og:title\" content=\"Auto nomas noteikumi un priv\u0101tuma politika &#039;&#039;Prime Auto&#039;&#039;\" \/>\n<meta property=\"og:description\" content=\"Auto nomas noteikumi un priv\u0101tuma politika. Iznom\u0101 premium klases nomas auto un veic vienk\u0101r\u0161otu rezerv\u0101ciju online, ien\u0101c autonomaprime.lv\" \/>\n<meta property=\"og:url\" content=\"https:\/\/autonomaprime.lv\/en\/privatuma-politika\/\" \/>\n<meta property=\"og:site_name\" content=\"Auto Noma | Iz\u012br\u0113 Automa\u0161\u012bnu Izdev\u012bgi | PrimeAuto\" \/>\n<meta property=\"article:modified_time\" content=\"2024-03-18T13:30:48+00:00\" \/>\n<meta name=\"twitter:card\" content=\"summary_large_image\" \/>\n<meta name=\"twitter:label1\" content=\"Est. reading time\" \/>\n\t<meta name=\"twitter:data1\" content=\"3 minutes\" \/>\n<script type=\"application\/ld+json\" class=\"yoast-schema-graph\">{\"@context\":\"https:\/\/schema.org\",\"@graph\":[{\"@type\":\"WebPage\",\"@id\":\"https:\/\/autonomaprime.lv\/privatuma-politika\/\",\"url\":\"https:\/\/autonomaprime.lv\/privatuma-politika\/\",\"name\":\"Auto nomas noteikumi un priv\u0101tuma politika ''Prime Auto''\",\"isPartOf\":{\"@id\":\"https:\/\/autonomaprime.lv\/#website\"},\"datePublished\":\"2024-02-16T00:21:42+00:00\",\"dateModified\":\"2024-03-18T13:30:48+00:00\",\"description\":\"Auto nomas noteikumi un priv\u0101tuma politika. Iznom\u0101 premium klases nomas auto un veic vienk\u0101r\u0161otu rezerv\u0101ciju online, ien\u0101c autonomaprime.lv\",\"breadcrumb\":{\"@id\":\"https:\/\/autonomaprime.lv\/privatuma-politika\/#breadcrumb\"},\"inLanguage\":\"en-GB\",\"potentialAction\":[{\"@type\":\"ReadAction\",\"target\":[\"https:\/\/autonomaprime.lv\/privatuma-politika\/\"]}]},{\"@type\":\"BreadcrumbList\",\"@id\":\"https:\/\/autonomaprime.lv\/privatuma-politika\/#breadcrumb\",\"itemListElement\":[{\"@type\":\"ListItem\",\"position\":1,\"name\":\"Home\",\"item\":\"https:\/\/autonomaprime.lv\/\"},{\"@type\":\"ListItem\",\"position\":2,\"name\":\"Priv\u0101tuma Politika\"}]},{\"@type\":\"WebSite\",\"@id\":\"https:\/\/autonomaprime.lv\/#website\",\"url\":\"https:\/\/autonomaprime.lv\/\",\"name\":\"Auto Noma | Iz\u012br\u0113 Automa\u0161\u012bnu Izdev\u012bgi | PrimeAuto\",\"description\":\"\",\"publisher\":{\"@id\":\"https:\/\/autonomaprime.lv\/#organization\"},\"potentialAction\":[{\"@type\":\"SearchAction\",\"target\":{\"@type\":\"EntryPoint\",\"urlTemplate\":\"https:\/\/autonomaprime.lv\/?s={search_term_string}\"},\"query-input\":\"required name=search_term_string\"}],\"inLanguage\":\"en-GB\"},{\"@type\":\"Organization\",\"@id\":\"https:\/\/autonomaprime.lv\/#organization\",\"name\":\"Auto Noma | Iz\u012br\u0113 Automa\u0161\u012bnu Izdev\u012bgi | PrimeAuto\",\"url\":\"https:\/\/autonomaprime.lv\/\",\"logo\":{\"@type\":\"ImageObject\",\"inLanguage\":\"en-GB\",\"@id\":\"https:\/\/autonomaprime.lv\/#\/schema\/logo\/image\/\",\"url\":\"https:\/\/autonomaprime.lv\/wp-content\/uploads\/2024\/02\/cropped-primeauto.webp\",\"contentUrl\":\"https:\/\/autonomaprime.lv\/wp-content\/uploads\/2024\/02\/cropped-primeauto.webp\",\"width\":387,\"height\":112,\"caption\":\"Auto Noma | Iz\u012br\u0113 Automa\u0161\u012bnu Izdev\u012bgi | PrimeAuto\"},\"image\":{\"@id\":\"https:\/\/autonomaprime.lv\/#\/schema\/logo\/image\/\"}}]}<\/script>\n<!-- \/ Yoast SEO plugin. -->","yoast_head_json":{"title":"Auto nomas noteikumi un priv\u0101tuma politika ''Prime Auto''","description":"Auto nomas noteikumi un priv\u0101tuma politika. Iznom\u0101 premium klases nomas auto un veic vienk\u0101r\u0161otu rezerv\u0101ciju online, ien\u0101c autonomaprime.lv","robots":{"index":"index","follow":"follow","max-snippet":"max-snippet:-1","max-image-preview":"max-image-preview:large","max-video-preview":"max-video-preview:-1"},"canonical":"https:\/\/autonomaprime.lv\/en\/privatuma-politika\/","og_locale":"en_GB","og_type":"article","og_title":"Auto nomas noteikumi un priv\u0101tuma politika ''Prime Auto''","og_description":"Auto nomas noteikumi un priv\u0101tuma politika. Iznom\u0101 premium klases nomas auto un veic vienk\u0101r\u0161otu rezerv\u0101ciju online, ien\u0101c autonomaprime.lv","og_url":"https:\/\/autonomaprime.lv\/en\/privatuma-politika\/","og_site_name":"Auto Noma | Iz\u012br\u0113 Automa\u0161\u012bnu Izdev\u012bgi | PrimeAuto","article_modified_time":"2024-03-18T13:30:48+00:00","twitter_card":"summary_large_image","twitter_misc":{"Est. reading time":"3 minutes"},"schema":{"@context":"https:\/\/schema.org","@graph":[{"@type":"WebPage","@id":"https:\/\/autonomaprime.lv\/privatuma-politika\/","url":"https:\/\/autonomaprime.lv\/privatuma-politika\/","name":"Auto nomas noteikumi un priv\u0101tuma politika ''Prime Auto''","isPartOf":{"@id":"https:\/\/autonomaprime.lv\/#website"},"datePublished":"2024-02-16T00:21:42+00:00","dateModified":"2024-03-18T13:30:48+00:00","description":"Auto nomas noteikumi un priv\u0101tuma politika. Iznom\u0101 premium klases nomas auto un veic vienk\u0101r\u0161otu rezerv\u0101ciju online, ien\u0101c autonomaprime.lv","breadcrumb":{"@id":"https:\/\/autonomaprime.lv\/privatuma-politika\/#breadcrumb"},"inLanguage":"en-GB","potentialAction":[{"@type":"ReadAction","target":["https:\/\/autonomaprime.lv\/privatuma-politika\/"]}]},{"@type":"BreadcrumbList","@id":"https:\/\/autonomaprime.lv\/privatuma-politika\/#breadcrumb","itemListElement":[{"@type":"ListItem","position":1,"name":"Home","item":"https:\/\/autonomaprime.lv\/"},{"@type":"ListItem","position":2,"name":"Priv\u0101tuma Politika"}]},{"@type":"WebSite","@id":"https:\/\/autonomaprime.lv\/#website","url":"https:\/\/autonomaprime.lv\/","name":"Auto Noma | Iz\u012br\u0113 Automa\u0161\u012bnu Izdev\u012bgi | PrimeAuto","description":"","publisher":{"@id":"https:\/\/autonomaprime.lv\/#organization"},"potentialAction":[{"@type":"SearchAction","target":{"@type":"EntryPoint","urlTemplate":"https:\/\/autonomaprime.lv\/?s={search_term_string}"},"query-input":"required name=search_term_string"}],"inLanguage":"en-GB"},{"@type":"Organization","@id":"https:\/\/autonomaprime.lv\/#organization","name":"Auto Noma | Iz\u012br\u0113 Automa\u0161\u012bnu Izdev\u012bgi | PrimeAuto","url":"https:\/\/autonomaprime.lv\/","logo":{"@type":"ImageObject","inLanguage":"en-GB","@id":"https:\/\/autonomaprime.lv\/#\/schema\/logo\/image\/","url":"https:\/\/autonomaprime.lv\/wp-content\/uploads\/2024\/02\/cropped-primeauto.webp","contentUrl":"https:\/\/autonomaprime.lv\/wp-content\/uploads\/2024\/02\/cropped-primeauto.webp","width":387,"height":112,"caption":"Auto Noma | Iz\u012br\u0113 Automa\u0161\u012bnu Izdev\u012bgi | PrimeAuto"},"image":{"@id":"https:\/\/autonomaprime.lv\/#\/schema\/logo\/image\/"}}]}},"_links":{"self":[{"href":"https:\/\/autonomaprime.lv\/en\/wp-json\/wp\/v2\/pages\/381","targetHints":{"allow":["GET"]}}],"collection":[{"href":"https:\/\/autonomaprime.lv\/en\/wp-json\/wp\/v2\/pages"}],"about":[{"href":"https:\/\/autonomaprime.lv\/en\/wp-json\/wp\/v2\/types\/page"}],"author":[{"embeddable":true,"href":"https:\/\/autonomaprime.lv\/en\/wp-json\/wp\/v2\/users\/1"}],"replies":[{"embeddable":true,"href":"https:\/\/autonomaprime.lv\/en\/wp-json\/wp\/v2\/comments?post=381"}],"version-history":[{"count":4,"href":"https:\/\/autonomaprime.lv\/en\/wp-json\/wp\/v2\/pages\/381\/revisions"}],"predecessor-version":[{"id":386,"href":"https:\/\/autonomaprime.lv\/en\/wp-json\/wp\/v2\/pages\/381\/revisions\/386"}],"wp:attachment":[{"href":"https:\/\/autonomaprime.lv\/en\/wp-json\/wp\/v2\/media?parent=381"}],"curies":[{"name":"wp","href":"https:\/\/api.w.org\/{rel}","templated":true}]}}