{"id":366,"date":"2024-02-15T15:48:14","date_gmt":"2024-02-15T15:48:14","guid":{"rendered":"https:\/\/autonomaprime.lv\/?page_id=366"},"modified":"2024-03-19T13:48:36","modified_gmt":"2024-03-19T13:48:36","slug":"ilgermina-auto-noma","status":"publish","type":"page","link":"https:\/\/autonomaprime.lv\/en\/ilgermina-auto-noma\/","title":{"rendered":"Ilgermi\u0146a Car Rental"},"content":{"rendered":"<div data-elementor-type=\"wp-page\" data-elementor-id=\"366\" class=\"elementor elementor-366\" data-elementor-post-type=\"page\">\n\t\t\t\t<div class=\"elementor-element elementor-element-847584e e-flex e-con-boxed e-con e-parent\" data-id=\"847584e\" data-element_type=\"container\" data-settings=\"{&quot;background_background&quot;:&quot;classic&quot;}\" data-core-v316-plus=\"true\">\n\t\t\t\t\t<div class=\"e-con-inner\">\n\t\t<div class=\"elementor-element elementor-element-a4349bd e-con-full e-flex e-con e-child\" data-id=\"a4349bd\" data-element_type=\"container\">\n\t\t\t\t<div class=\"elementor-element elementor-element-44dddac elementor-widget elementor-widget-heading\" data-id=\"44dddac\" data-element_type=\"widget\" data-widget_type=\"heading.default\">\n\t\t\t\t<div class=\"elementor-widget-container\">\n\t\t\t<style>\/*! elementor - v3.20.0 - 26-03-2024 *\/\n.elementor-heading-title{padding:0;margin:0;line-height:1}.elementor-widget-heading .elementor-heading-title[class*=elementor-size-]>a{color:inherit;font-size:inherit;line-height:inherit}.elementor-widget-heading .elementor-heading-title.elementor-size-small{font-size:15px}.elementor-widget-heading .elementor-heading-title.elementor-size-medium{font-size:19px}.elementor-widget-heading .elementor-heading-title.elementor-size-large{font-size:29px}.elementor-widget-heading .elementor-heading-title.elementor-size-xl{font-size:39px}.elementor-widget-heading .elementor-heading-title.elementor-size-xxl{font-size:59px}<\/style><h2 class=\"elementor-heading-title elementor-size-default\">Long-term Car Rental<\/h2>\t\t<\/div>\n\t\t\t\t<\/div>\n\t\t\t\t<div class=\"elementor-element elementor-element-abfe029 elementor-widget elementor-widget-text-editor\" data-id=\"abfe029\" data-element_type=\"widget\" data-widget_type=\"text-editor.default\">\n\t\t\t\t<div class=\"elementor-widget-container\">\n\t\t\t<style>\/*! elementor - v3.20.0 - 26-03-2024 *\/\n.elementor-widget-text-editor.elementor-drop-cap-view-stacked .elementor-drop-cap{background-color:#69727d;color:#fff}.elementor-widget-text-editor.elementor-drop-cap-view-framed .elementor-drop-cap{color:#69727d;border:3px solid;background-color:transparent}.elementor-widget-text-editor:not(.elementor-drop-cap-view-default) .elementor-drop-cap{margin-top:8px}.elementor-widget-text-editor:not(.elementor-drop-cap-view-default) .elementor-drop-cap-letter{width:1em;height:1em}.elementor-widget-text-editor .elementor-drop-cap{float:left;text-align:center;line-height:1;font-size:50px}.elementor-widget-text-editor .elementor-drop-cap-letter{display:inline-block}<\/style>\t\t\t\t<p class=\"contant-left\">Long-term car rental is a great way to optimize vehicle-related expenses. Both individuals and companies may find themselves in situations where they need a car or additional cars, but it is not profitable to buy or lease them.\u00a0<\/p>\t\t\t\t\t\t<\/div>\n\t\t\t\t<\/div>\n\t\t\t\t<\/div>\n\t\t\t\t\t<\/div>\n\t\t\t\t<\/div>\n\t\t<div class=\"elementor-element elementor-element-2f6d6a0 e-flex e-con-boxed e-con e-parent\" data-id=\"2f6d6a0\" data-element_type=\"container\" data-core-v316-plus=\"true\">\n\t\t\t\t\t<div class=\"e-con-inner\">\n\t\t<div class=\"elementor-element elementor-element-b3f167b e-con-full e-flex e-con e-child\" data-id=\"b3f167b\" data-element_type=\"container\">\n\t\t\t\t<div class=\"elementor-element elementor-element-e1b0f8f elementor-view-default elementor-position-top elementor-mobile-position-top elementor-widget elementor-widget-icon-box\" data-id=\"e1b0f8f\" data-element_type=\"widget\" data-widget_type=\"icon-box.default\">\n\t\t\t\t<div class=\"elementor-widget-container\">\n\t\t\t<link rel=\"stylesheet\" href=\"https:\/\/autonomaprime.lv\/wp-content\/plugins\/elementor\/assets\/css\/widget-icon-box.min.css\">\t\t<div class=\"elementor-icon-box-wrapper\">\n\t\t\t\t\t\t<div class=\"elementor-icon-box-icon\">\n\t\t\t\t<span  class=\"elementor-icon elementor-animation-\">\n\t\t\t\t<svg aria-hidden=\"true\" class=\"e-font-icon-svg e-fas-user\" viewbox=\"0 0 448 512\" xmlns=\"http:\/\/www.w3.org\/2000\/svg\"><path d=\"M224 256c70.7 0 128-57.3 128-128S294.7 0 224 0 96 57.3 96 128s57.3 128 128 128zm89.6 32h-16.7c-22.2 10.2-46.9 16-72.9 16s-50.6-5.8-72.9-16h-16.7C60.2 288 0 348.2 0 422.4V464c0 26.5 21.5 48 48 48h352c26.5 0 48-21.5 48-48v-41.6c0-74.2-60.2-134.4-134.4-134.4z\"><\/path><\/svg>\t\t\t\t<\/span>\n\t\t\t<\/div>\n\t\t\t\t\t\t<div class=\"elementor-icon-box-content\">\n\t\t\t\t<h3 class=\"elementor-icon-box-title\">\n\t\t\t\t\t<span  >\n\t\t\t\t\t\tAuto Noma Priv\u0101tperson\u0101m\t\t\t\t\t<\/span>\n\t\t\t\t<\/h3>\n\t\t\t\t\t\t\t\t\t<p class=\"elementor-icon-box-description\">\n\t\t\t\t\t\tIlgtermi\u0146a auto noma ir elast\u012bga, \u0113rta un rentabla. Arvien bie\u017e\u0101k priv\u0101tpersonas izv\u0113las ilgtermi\u0146a auto nomu, jo t\u0101 ir iesp\u0113ja vair\u0101kus m\u0113ne\u0161us lietot mazlietotu auto bez jebk\u0101d\u0101m ierastaj\u0101m auto \u012bpa\u0161nieka izmaks\u0101m. L\u012bgumu var nosl\u0113gt s\u0101kot no 3 m\u0113ne\u0161iem un neuztraukties par auto uztur\u0113\u0161anas izmaks\u0101m vai remontdarbiem.  Nomniekam nomas laik\u0101 ir j\u0101maks\u0101 tikai ikm\u0113ne\u0161a r\u0113\u0137ins un j\u0101sedz degvielas izmaksas, par visu p\u0101r\u0113jo - auto remonts, apkopes, apdro\u0161in\u0101\u0161ana, nodok\u013ci, e\u013c\u013cas, riepu mai\u0146a - r\u016bp\u0113jas auto nomas uz\u0146\u0113mums. Priv\u0101tperson\u0101m, kas v\u0113las ieg\u0101d\u0101ties jaunu auto l\u012bzing\u0101, auto \u012bre ilgtermi\u0146\u0101 var kalpot k\u0101 noder\u012bga alternat\u012bva.\t\t\t\t\t<\/p>\n\t\t\t\t\t\t\t<\/div>\n\t\t<\/div>\n\t\t\t\t<\/div>\n\t\t\t\t<\/div>\n\t\t\t\t<\/div>\n\t\t<div class=\"elementor-element elementor-element-89480db e-con-full e-flex e-con e-child\" data-id=\"89480db\" data-element_type=\"container\">\n\t\t\t\t<div class=\"elementor-element elementor-element-11b184f elementor-view-default elementor-position-top elementor-mobile-position-top elementor-widget elementor-widget-icon-box\" data-id=\"11b184f\" data-element_type=\"widget\" data-widget_type=\"icon-box.default\">\n\t\t\t\t<div class=\"elementor-widget-container\">\n\t\t\t\t\t<div class=\"elementor-icon-box-wrapper\">\n\t\t\t\t\t\t<div class=\"elementor-icon-box-icon\">\n\t\t\t\t<span  class=\"elementor-icon elementor-animation-\">\n\t\t\t\t<svg aria-hidden=\"true\" class=\"e-font-icon-svg e-fas-users\" viewbox=\"0 0 640 512\" xmlns=\"http:\/\/www.w3.org\/2000\/svg\"><path d=\"M96 224c35.3 0 64-28.7 64-64s-28.7-64-64-64-64 28.7-64 64 28.7 64 64 64zm448 0c35.3 0 64-28.7 64-64s-28.7-64-64-64-64 28.7-64 64 28.7 64 64 64zm32 32h-64c-17.6 0-33.5 7.1-45.1 18.6 40.3 22.1 68.9 62 75.1 109.4h66c17.7 0 32-14.3 32-32v-32c0-35.3-28.7-64-64-64zm-256 0c61.9 0 112-50.1 112-112S381.9 32 320 32 208 82.1 208 144s50.1 112 112 112zm76.8 32h-8.3c-20.8 10-43.9 16-68.5 16s-47.6-6-68.5-16h-8.3C179.6 288 128 339.6 128 403.2V432c0 26.5 21.5 48 48 48h288c26.5 0 48-21.5 48-48v-28.8c0-63.6-51.6-115.2-115.2-115.2zm-223.7-13.4C161.5 263.1 145.6 256 128 256H64c-35.3 0-64 28.7-64 64v32c0 17.7 14.3 32 32 32h65.9c6.3-47.4 34.9-87.3 75.2-109.4z\"><\/path><\/svg>\t\t\t\t<\/span>\n\t\t\t<\/div>\n\t\t\t\t\t\t<div class=\"elementor-icon-box-content\">\n\t\t\t\t<h3 class=\"elementor-icon-box-title\">\n\t\t\t\t\t<span  >\n\t\t\t\t\t\tAuto noma Uz\u0146\u0113mumiem\t\t\t\t\t<\/span>\n\t\t\t\t<\/h3>\n\t\t\t\t\t\t\t\t\t<p class=\"elementor-icon-box-description\">\n\t\t\t\t\t\tPilna servisa auto l\u012bzings jeb ilgtermi\u0146a auto noma ir l\u012bzinga veids, kad automa\u0161\u012bna tiek nodota klientam lieto\u0161an\u0101 (nom\u0101) uz noteiktu periodu. Pilna servisa noma ir l\u012bdz\u012bga l\u012bzingam, tikai tai ir nesal\u012bdzin\u0101mi viegl\u0101ki nosac\u012bjumi. Pirmk\u0101rt, krietni \u012bs\u0101ks termi\u0146\u0161 \u2013  s\u0101kot no 3 m\u0113ne\u0161iem, nevis 5 gadiem. Otrk\u0101rt, nav j\u0101uztraucas par apkop\u0113m, atpaka\u013c p\u0101rdo\u0161anas v\u0113rt\u012bbu un taml\u012bdz\u012bgiem l\u012bguma nosac\u012bjumiem, kas parasti tiek ierakst\u012bti operat\u012bv\u0101 l\u012bzinga l\u012bgum\u0101. Uz\u0146\u0113m\u0113jam nav j\u0101uztraucas par automa\u0161\u012bnas apdro\u0161in\u0101\u0161anu, apkop\u0113m un remontdarbiem, jo to nodro\u0161ina \u201cPrime Auto\u201d auto nomas uz\u0146\u0113mums. \nArvien vair\u0101k uz\u0146\u0113mumu izv\u0113las tie\u0161i pilna servisa auto nomu!\n\t\t\t\t\t<\/p>\n\t\t\t\t\t\t\t<\/div>\n\t\t<\/div>\n\t\t\t\t<\/div>\n\t\t\t\t<\/div>\n\t\t\t\t<\/div>\n\t\t\t\t\t<\/div>\n\t\t\t\t<\/div>\n\t\t<div class=\"elementor-element elementor-element-72138df e-flex e-con-boxed e-con e-parent\" data-id=\"72138df\" data-element_type=\"container\" data-core-v316-plus=\"true\">\n\t\t\t\t\t<div class=\"e-con-inner\">\n\t\t\t\t<div class=\"elementor-element elementor-element-7a04f98 elementor-widget elementor-widget-heading\" data-id=\"7a04f98\" data-element_type=\"widget\" data-widget_type=\"heading.default\">\n\t\t\t\t<div class=\"elementor-widget-container\">\n\t\t\t<h2 class=\"elementor-heading-title elementor-size-default\">APPLY FOR CONSULTATION ON LONG-TERM CAR RENTAL<\/h2>\t\t<\/div>\n\t\t\t\t<\/div>\n\t\t\t\t<div class=\"elementor-element elementor-element-af4d6c1 elementor-widget elementor-widget-wpforms\" data-id=\"af4d6c1\" data-element_type=\"widget\" data-widget_type=\"wpforms.default\">\n\t\t\t\t<div class=\"elementor-widget-container\">\n\t\t\t<div class=\"wpforms-container wpforms-container-full\" id=\"wpforms-465\"><form id=\"wpforms-form-465\" class=\"wpforms-validate wpforms-form wpforms-ajax-form\" data-formid=\"465\" method=\"post\" enctype=\"multipart\/form-data\" action=\"\/en\/wp-json\/wp\/v2\/pages\/366\" data-token=\"f621537691058bea1d40eb0d002b3dfc\" data-trp-original-action=\"\/en\/wp-json\/wp\/v2\/pages\/366\"><noscript class=\"wpforms-error-noscript\">Please enable JavaScript in your browser to complete this form.<\/noscript><div class=\"wpforms-field-container\"><div id=\"wpforms-465-field_1-container\" class=\"wpforms-field wpforms-field-name\" data-field-id=\"1\"><label class=\"wpforms-field-label\" for=\"wpforms-465-field_1\">Name and surname <span class=\"wpforms-required-label\">*<\/span><\/label><input type=\"text\" id=\"wpforms-465-field_1\" class=\"wpforms-field-medium wpforms-field-required\" name=\"wpforms[fields][1]\" required><\/div><div id=\"wpforms-465-field_2-container\" class=\"wpforms-field wpforms-field-phone\" data-field-id=\"2\"><label class=\"wpforms-field-label\" for=\"wpforms-465-field_2\">Phone <span class=\"wpforms-required-label\">*<\/span><\/label><input type=\"tel\" id=\"wpforms-465-field_2\" class=\"wpforms-field-medium wpforms-field-required wpforms-smart-phone-field\" data-rule-smart-phone-field=\"true\" name=\"wpforms[fields][2]\" required><\/div><div id=\"wpforms-465-field_3-container\" class=\"wpforms-field wpforms-field-email\" data-field-id=\"3\"><label class=\"wpforms-field-label\" for=\"wpforms-465-field_3\">E-mail <span class=\"wpforms-required-label\">*<\/span><\/label><input type=\"email\" id=\"wpforms-465-field_3\" class=\"wpforms-field-medium wpforms-field-required\" name=\"wpforms[fields][3]\" required><\/div><div id=\"wpforms-465-field_4-container\" class=\"wpforms-field wpforms-field-text\" data-field-id=\"4\"><label class=\"wpforms-field-label\" for=\"wpforms-465-field_4\">Enter the car (Model \/ Year \/ Engine \/ Volume) <span class=\"wpforms-required-label\">*<\/span><\/label><input type=\"text\" id=\"wpforms-465-field_4\" class=\"wpforms-field-medium wpforms-field-required\" name=\"wpforms[fields][4]\" required><\/div><div id=\"wpforms-465-field_5-container\" class=\"wpforms-field wpforms-field-checkbox\" data-field-id=\"5\"><ul id=\"wpforms-465-field_5\"><li class=\"choice-1 depth-1\"><input type=\"checkbox\" id=\"wpforms-465-field_5_1\" name=\"wpforms[fields][5][]\" value=\"Ar Izpirkuma Ties\u012bb\u0101m\"  ><label class=\"wpforms-field-label-inline\" for=\"wpforms-465-field_5_1\">With Right of Redemption<\/label><\/li><\/ul><\/div><div id=\"wpforms-465-field_6-container\" class=\"wpforms-field wpforms-field-text\" data-field-id=\"6\"><label class=\"wpforms-field-label\" for=\"wpforms-465-field_6\">Leave a link to a car that can be ordered from Germany<\/label><input type=\"text\" id=\"wpforms-465-field_6\" class=\"wpforms-field-medium\" name=\"wpforms[fields][6]\" ><\/div><div id=\"wpforms-465-field_7-container\" class=\"wpforms-field wpforms-field-textarea\" data-field-id=\"7\"><label class=\"wpforms-field-label\" for=\"wpforms-465-field_7\">Message<\/label><textarea id=\"wpforms-465-field_7\" class=\"wpforms-field-medium\" name=\"wpforms[fields][7]\" ><\/textarea><\/div><div id=\"wpforms-465-field_8-container\" class=\"wpforms-field wpforms-field-checkbox\" data-field-id=\"8\"><ul id=\"wpforms-465-field_8\" class=\"wpforms-field-required\"><li class=\"choice-1 depth-1\"><input type=\"checkbox\" id=\"wpforms-465-field_8_1\" name=\"wpforms[fields][8][]\" value=\"Piekr\u012btu datu apstr\u0101des &lt;a href=&quot;https:\/\/autonomaprime.lv\/noteikumi-un-nosacijumi\/&quot;&gt;Noteikumiem un nosac\u012bjumiem&lt;\/a&gt;\" required><label class=\"wpforms-field-label-inline\" for=\"wpforms-465-field_8_1\">I agree to data processing <a href=\"https:\/\/autonomaprime.lv\/en\/noteikumi-un-nosacijumi\/\">Terms and conditions<\/a><\/label><\/li><\/ul><\/div><\/div><div class=\"wpforms-submit-container\"><input type=\"hidden\" name=\"wpforms[id]\" value=\"465\"><input type=\"hidden\" name=\"wpforms[author]\" value=\"1\"><button type=\"submit\" name=\"wpforms[submit]\" id=\"wpforms-submit-465\" class=\"wpforms-submit\" data-alt-text=\"S\u016bt\u0101s...\" data-submit-text=\"S\u016bt\u012bt\" aria-live=\"assertive\" value=\"wpforms-submit\">Send<\/button><img decoding=\"async\" src=\"https:\/\/autonomaprime.lv\/wp-content\/plugins\/wpforms\/assets\/images\/submit-spin.svg\" class=\"wpforms-submit-spinner\" style=\"display: none;\" width=\"26\" height=\"26\" alt=\"Loading\"><\/div><input type=\"hidden\" name=\"trp-form-language\" value=\"en\"\/><\/form><\/div>  <!-- .wpforms-container -->\t\t<\/div>\n\t\t\t\t<\/div>\n\t\t\t\t\t<\/div>\n\t\t\t\t<\/div>\n\t\t<div class=\"elementor-element elementor-element-c3a81d5 e-flex e-con-boxed e-con e-parent\" data-id=\"c3a81d5\" data-element_type=\"container\" data-core-v316-plus=\"true\">\n\t\t\t\t\t<div class=\"e-con-inner\">\n\t\t\t\t<div class=\"elementor-element elementor-element-842ed4c elementor-widget elementor-widget-text-editor\" data-id=\"842ed4c\" data-element_type=\"widget\" data-widget_type=\"text-editor.default\">\n\t\t\t\t<div class=\"elementor-widget-container\">\n\t\t\t\t\t\t\t<h2>Why choose a long-term car rental?<\/h2><h3>New employees\u00a0<\/h3><p>Long-term car rental is a profitable opportunity for companies to provide a new employee with road transport for work needs, without making large long-term commitments. The managers of the company like long-term car rental, because in this way there is an opportunity to provide the car to the employee during the test. Afterwards, both parties can decide whether the employment relationship will continue.<\/p><h3>Contract work, business trips<\/h3><p>Countless companies generate income through contract work, and sometimes additional cars are required to complete this work. Long-term car rental allows companies to obtain cars for a period equivalent to the duration of a business trip or work. &quot;Prime Auto&quot; offers to extend the long-term car rental agreement if necessary.<\/p><p>&quot;Prime Auto&quot; offers long-term car rental in Riga and its surroundings. Various cars are available in our car catalog, including business class cars from Audi, BMW, Volvo and \u0160koda.<\/p><p>Choose the most suitable car for your needs by booking it online! We will deliver it at a time and place convenient for you. Contact us if you need help choosing a car. Long-term car rental with us is on particularly advantageous terms.<\/p>\t\t\t\t\t\t<\/div>\n\t\t\t\t<\/div>\n\t\t\t\t\t<\/div>\n\t\t\t\t<\/div>\n\t\t\t\t<\/div>","protected":false},"excerpt":{"rendered":"<p>Ilgtermi\u0146a Auto Noma Ilgtermi\u0146a auto noma ir lielisks veids, k\u0101 optimiz\u0113t izdevumus, kas saist\u012bti ar transportl\u012bdzek\u013ciem. Gan priv\u0101tperson\u0101m, gan uz\u0146\u0113mumiem var rasties situ\u0101cijas, kad nepiecie\u0161ama automa\u0161\u012bna vai papildu automa\u0161\u012bnas, bet nav izdev\u012bgi t\u0101s pirkt vai \u0146emt l\u012bzing\u0101.\u00a0 Auto Noma Priv\u0101tperson\u0101m Ilgtermi\u0146a auto noma ir elast\u012bga, \u0113rta un rentabla. Arvien bie\u017e\u0101k priv\u0101tpersonas izv\u0113las ilgtermi\u0146a auto nomu, jo t\u0101 ir iesp\u0113ja vair\u0101kus [&hellip;]<\/p>","protected":false},"author":1,"featured_media":0,"parent":0,"menu_order":0,"comment_status":"closed","ping_status":"closed","template":"elementor_header_footer","meta":{"footnotes":""},"class_list":["post-366","page","type-page","status-publish","hentry"],"yoast_head":"<!-- This site is optimized with the Yoast SEO plugin v22.0 - https:\/\/yoast.com\/wordpress\/plugins\/seo\/ -->\n<title>Ilgtermi\u0146a auto noma R\u012bg\u0101 gan priv\u0101tperson\u0101m, gan uz\u0146\u0113mumiem.<\/title>\n<meta name=\"description\" content=\"Ilgtermi\u0146a auto noma priv\u0101tperson\u0101m un pilna servisa auto noma uz\u0146\u0113mumiem. Auto izpirk\u0161anas iesp\u0113jas. Individu\u0101ls pied\u0101v\u0101jums.\" \/>\n<meta name=\"robots\" content=\"index, follow, max-snippet:-1, max-image-preview:large, max-video-preview:-1\" \/>\n<link rel=\"canonical\" href=\"https:\/\/autonomaprime.lv\/en\/ilgermina-auto-noma\/\" \/>\n<meta property=\"og:locale\" content=\"en_GB\" \/>\n<meta property=\"og:type\" content=\"article\" \/>\n<meta property=\"og:title\" content=\"Ilgtermi\u0146a auto noma R\u012bg\u0101 gan priv\u0101tperson\u0101m, gan uz\u0146\u0113mumiem.\" \/>\n<meta property=\"og:description\" content=\"Ilgtermi\u0146a auto noma priv\u0101tperson\u0101m un pilna servisa auto noma uz\u0146\u0113mumiem. Auto izpirk\u0161anas iesp\u0113jas. Individu\u0101ls pied\u0101v\u0101jums.\" \/>\n<meta property=\"og:url\" content=\"https:\/\/autonomaprime.lv\/en\/ilgermina-auto-noma\/\" \/>\n<meta property=\"og:site_name\" content=\"Auto Noma | Iz\u012br\u0113 Automa\u0161\u012bnu Izdev\u012bgi | PrimeAuto\" \/>\n<meta property=\"article:modified_time\" content=\"2024-03-19T13:48:36+00:00\" \/>\n<meta name=\"twitter:card\" content=\"summary_large_image\" \/>\n<meta name=\"twitter:label1\" content=\"Est. reading time\" \/>\n\t<meta name=\"twitter:data1\" content=\"2 minutes\" \/>\n<script type=\"application\/ld+json\" class=\"yoast-schema-graph\">{\"@context\":\"https:\/\/schema.org\",\"@graph\":[{\"@type\":\"WebPage\",\"@id\":\"https:\/\/autonomaprime.lv\/ilgermina-auto-noma\/\",\"url\":\"https:\/\/autonomaprime.lv\/ilgermina-auto-noma\/\",\"name\":\"Ilgtermi\u0146a auto noma R\u012bg\u0101 gan priv\u0101tperson\u0101m, gan uz\u0146\u0113mumiem.\",\"isPartOf\":{\"@id\":\"https:\/\/autonomaprime.lv\/#website\"},\"datePublished\":\"2024-02-15T15:48:14+00:00\",\"dateModified\":\"2024-03-19T13:48:36+00:00\",\"description\":\"Ilgtermi\u0146a auto noma priv\u0101tperson\u0101m un pilna servisa auto noma uz\u0146\u0113mumiem. Auto izpirk\u0161anas iesp\u0113jas. Individu\u0101ls pied\u0101v\u0101jums.\",\"breadcrumb\":{\"@id\":\"https:\/\/autonomaprime.lv\/ilgermina-auto-noma\/#breadcrumb\"},\"inLanguage\":\"en-GB\",\"potentialAction\":[{\"@type\":\"ReadAction\",\"target\":[\"https:\/\/autonomaprime.lv\/ilgermina-auto-noma\/\"]}]},{\"@type\":\"BreadcrumbList\",\"@id\":\"https:\/\/autonomaprime.lv\/ilgermina-auto-noma\/#breadcrumb\",\"itemListElement\":[{\"@type\":\"ListItem\",\"position\":1,\"name\":\"Home\",\"item\":\"https:\/\/autonomaprime.lv\/\"},{\"@type\":\"ListItem\",\"position\":2,\"name\":\"Ilgermi\u0146a Auto Noma\"}]},{\"@type\":\"WebSite\",\"@id\":\"https:\/\/autonomaprime.lv\/#website\",\"url\":\"https:\/\/autonomaprime.lv\/\",\"name\":\"Auto Noma | Iz\u012br\u0113 Automa\u0161\u012bnu Izdev\u012bgi | PrimeAuto\",\"description\":\"\",\"publisher\":{\"@id\":\"https:\/\/autonomaprime.lv\/#organization\"},\"potentialAction\":[{\"@type\":\"SearchAction\",\"target\":{\"@type\":\"EntryPoint\",\"urlTemplate\":\"https:\/\/autonomaprime.lv\/?s={search_term_string}\"},\"query-input\":\"required name=search_term_string\"}],\"inLanguage\":\"en-GB\"},{\"@type\":\"Organization\",\"@id\":\"https:\/\/autonomaprime.lv\/#organization\",\"name\":\"Auto Noma | Iz\u012br\u0113 Automa\u0161\u012bnu Izdev\u012bgi | PrimeAuto\",\"url\":\"https:\/\/autonomaprime.lv\/\",\"logo\":{\"@type\":\"ImageObject\",\"inLanguage\":\"en-GB\",\"@id\":\"https:\/\/autonomaprime.lv\/#\/schema\/logo\/image\/\",\"url\":\"https:\/\/autonomaprime.lv\/wp-content\/uploads\/2024\/02\/cropped-primeauto.webp\",\"contentUrl\":\"https:\/\/autonomaprime.lv\/wp-content\/uploads\/2024\/02\/cropped-primeauto.webp\",\"width\":387,\"height\":112,\"caption\":\"Auto Noma | Iz\u012br\u0113 Automa\u0161\u012bnu Izdev\u012bgi | PrimeAuto\"},\"image\":{\"@id\":\"https:\/\/autonomaprime.lv\/#\/schema\/logo\/image\/\"}}]}<\/script>\n<!-- \/ Yoast SEO plugin. -->","yoast_head_json":{"title":"Ilgtermi\u0146a auto noma R\u012bg\u0101 gan priv\u0101tperson\u0101m, gan uz\u0146\u0113mumiem.","description":"Ilgtermi\u0146a auto noma priv\u0101tperson\u0101m un pilna servisa auto noma uz\u0146\u0113mumiem. Auto izpirk\u0161anas iesp\u0113jas. Individu\u0101ls pied\u0101v\u0101jums.","robots":{"index":"index","follow":"follow","max-snippet":"max-snippet:-1","max-image-preview":"max-image-preview:large","max-video-preview":"max-video-preview:-1"},"canonical":"https:\/\/autonomaprime.lv\/en\/ilgermina-auto-noma\/","og_locale":"en_GB","og_type":"article","og_title":"Ilgtermi\u0146a auto noma R\u012bg\u0101 gan priv\u0101tperson\u0101m, gan uz\u0146\u0113mumiem.","og_description":"Ilgtermi\u0146a auto noma priv\u0101tperson\u0101m un pilna servisa auto noma uz\u0146\u0113mumiem. Auto izpirk\u0161anas iesp\u0113jas. Individu\u0101ls pied\u0101v\u0101jums.","og_url":"https:\/\/autonomaprime.lv\/en\/ilgermina-auto-noma\/","og_site_name":"Auto Noma | Iz\u012br\u0113 Automa\u0161\u012bnu Izdev\u012bgi | PrimeAuto","article_modified_time":"2024-03-19T13:48:36+00:00","twitter_card":"summary_large_image","twitter_misc":{"Est. reading time":"2 minutes"},"schema":{"@context":"https:\/\/schema.org","@graph":[{"@type":"WebPage","@id":"https:\/\/autonomaprime.lv\/ilgermina-auto-noma\/","url":"https:\/\/autonomaprime.lv\/ilgermina-auto-noma\/","name":"Ilgtermi\u0146a auto noma R\u012bg\u0101 gan priv\u0101tperson\u0101m, gan uz\u0146\u0113mumiem.","isPartOf":{"@id":"https:\/\/autonomaprime.lv\/#website"},"datePublished":"2024-02-15T15:48:14+00:00","dateModified":"2024-03-19T13:48:36+00:00","description":"Ilgtermi\u0146a auto noma priv\u0101tperson\u0101m un pilna servisa auto noma uz\u0146\u0113mumiem. Auto izpirk\u0161anas iesp\u0113jas. Individu\u0101ls pied\u0101v\u0101jums.","breadcrumb":{"@id":"https:\/\/autonomaprime.lv\/ilgermina-auto-noma\/#breadcrumb"},"inLanguage":"en-GB","potentialAction":[{"@type":"ReadAction","target":["https:\/\/autonomaprime.lv\/ilgermina-auto-noma\/"]}]},{"@type":"BreadcrumbList","@id":"https:\/\/autonomaprime.lv\/ilgermina-auto-noma\/#breadcrumb","itemListElement":[{"@type":"ListItem","position":1,"name":"Home","item":"https:\/\/autonomaprime.lv\/"},{"@type":"ListItem","position":2,"name":"Ilgermi\u0146a Auto Noma"}]},{"@type":"WebSite","@id":"https:\/\/autonomaprime.lv\/#website","url":"https:\/\/autonomaprime.lv\/","name":"Auto Noma | Iz\u012br\u0113 Automa\u0161\u012bnu Izdev\u012bgi | PrimeAuto","description":"","publisher":{"@id":"https:\/\/autonomaprime.lv\/#organization"},"potentialAction":[{"@type":"SearchAction","target":{"@type":"EntryPoint","urlTemplate":"https:\/\/autonomaprime.lv\/?s={search_term_string}"},"query-input":"required name=search_term_string"}],"inLanguage":"en-GB"},{"@type":"Organization","@id":"https:\/\/autonomaprime.lv\/#organization","name":"Auto Noma | Iz\u012br\u0113 Automa\u0161\u012bnu Izdev\u012bgi | PrimeAuto","url":"https:\/\/autonomaprime.lv\/","logo":{"@type":"ImageObject","inLanguage":"en-GB","@id":"https:\/\/autonomaprime.lv\/#\/schema\/logo\/image\/","url":"https:\/\/autonomaprime.lv\/wp-content\/uploads\/2024\/02\/cropped-primeauto.webp","contentUrl":"https:\/\/autonomaprime.lv\/wp-content\/uploads\/2024\/02\/cropped-primeauto.webp","width":387,"height":112,"caption":"Auto Noma | Iz\u012br\u0113 Automa\u0161\u012bnu Izdev\u012bgi | PrimeAuto"},"image":{"@id":"https:\/\/autonomaprime.lv\/#\/schema\/logo\/image\/"}}]}},"_links":{"self":[{"href":"https:\/\/autonomaprime.lv\/en\/wp-json\/wp\/v2\/pages\/366","targetHints":{"allow":["GET"]}}],"collection":[{"href":"https:\/\/autonomaprime.lv\/en\/wp-json\/wp\/v2\/pages"}],"about":[{"href":"https:\/\/autonomaprime.lv\/en\/wp-json\/wp\/v2\/types\/page"}],"author":[{"embeddable":true,"href":"https:\/\/autonomaprime.lv\/en\/wp-json\/wp\/v2\/users\/1"}],"replies":[{"embeddable":true,"href":"https:\/\/autonomaprime.lv\/en\/wp-json\/wp\/v2\/comments?post=366"}],"version-history":[{"count":26,"href":"https:\/\/autonomaprime.lv\/en\/wp-json\/wp\/v2\/pages\/366\/revisions"}],"predecessor-version":[{"id":851,"href":"https:\/\/autonomaprime.lv\/en\/wp-json\/wp\/v2\/pages\/366\/revisions\/851"}],"wp:attachment":[{"href":"https:\/\/autonomaprime.lv\/en\/wp-json\/wp\/v2\/media?parent=366"}],"curies":[{"name":"wp","href":"https:\/\/api.w.org\/{rel}","templated":true}]}}